{"id":10680,"date":"2025-07-09T10:30:53","date_gmt":"2025-07-09T14:30:53","guid":{"rendered":"https:\/\/crir.ca\/about\/crir-committees\/comite-pratiques-innovantes-en-ethique-de-la-recherche-pier\/"},"modified":"2025-11-03T14:55:06","modified_gmt":"2025-11-03T19:55:06","slug":"comite-pratiques-innovantes-en-ethique-de-la-recherche-pier","status":"publish","type":"page","link":"https:\/\/crir.ca\/en\/about\/crir-committees-and-meetings\/comite-pratiques-innovantes-en-ethique-de-la-recherche-pier\/","title":{"rendered":"Committee on Innovative Practices in Research Ethics (PIER)"},"content":{"rendered":"<p>The <strong>Committee on Innovative Practices in Research Ethics (PIER)<\/strong> aims to support research teams while exploring various approaches to address new challenges in research ethics.<\/p>\n<h3>PIER Priority issues identified<\/h3>\n<h4><strong>Recruitment <\/strong><\/h4>\n<p>Exploring and critiquing innovative <strong>recruitment <\/strong>strategies (e.g. virtual recruitment; participant banks; third-party recruitment; principles of equity\u0301\/diversity\u0301\/inclusion in recruitment)<\/p>\n<h4><strong>Digital data management <\/strong><\/h4>\n<p>Adapting to the challenge of protecting privacy in massive data or cloud-based projects (e.g. telerehabilitation, artificial intelligence, public data banks, data retention in case of telecommuting)<\/p>\n<h4><strong>Tools to support <\/strong><\/h4>\n<p>Support for student and researcher members by the Research Ethics Committee (CER)<\/p>\n<div class=\"highlight-box\">\n<p>The committee ensures that it represents the various categories of members, the different CRIR sites, and research ethics: students, research staff, researchers, clinical research coordination staff, CRIR scientific management, and research ethics specialists. The PIER Committee may also consult citizen partners or other experts as needed. Functioning of the PIER Committee<\/p>\n<\/div>\n<h3><strong><br \/>\nFunctioning of the PIER Committee<\/strong><\/h3>\n<ul>\n<li>4-6 meetings per year<\/li>\n<li>Reports to the Comit\u00e9 d&#8217;orientation \u00e0 la recherche (COR) to include all perspectives in reflections.<\/li>\n<li>One-year renewable mandate.<\/li>\n<li>Committee composition is diversified, with representatives from each site and several categories of members. The committee may consult citizen partners or others as needed.<\/li>\n<\/ul>\n<hr \/>\n<h3><\/h3>\n<p>&nbsp;<\/p>\n<h3><strong>Composition of the committee : Practices in Research Ethics (PIER)<\/strong><\/h3>\n<h4>SCIENTIFIc direction<\/h4>\n<p><strong><a href=\"https:\/\/crir.ca\/en\/member\/claudine-auger-erg-ph-d\/\">AUGER<\/a>, Claudine, erg., Ph.D.<br \/>\n<\/strong>Full professor, School of Rehabilitation, Universit\u00e9 de Montr\u00e9al,<br \/>\nRegular Researcher, CRIR-Institut universitaire sur la r\u00e9adaptation en d\u00e9ficience physique de Montr\u00e9al (IURDPM), Lindsay Pavilion, CIUSSS du Centre-Sud-de-l&#8217;\u00cele-de-Montr\u00e9al<br \/>\nScientific Co-Director, Centre for Interdisciplinary Research in Rehabilitation of Greater Montreal (CRIR)<br \/>\nScientific Co-Director, Institut universitaire sur la r\u00e9adaptation en d\u00e9ficience physique de Montr\u00e9al (IURDPM)<br \/>\n<a href=\"mailto:claudine.auger@umontreal.ca\">claudine.auger@umontreal.ca<\/a><\/p>\n<h4>researchers<\/h4>\n<p><strong><a href=\"https:\/\/crir.ca\/en\/member\/carole-anglade-ph-d\/\">ANGLADE<\/a> Carole, <\/strong>Ph.D., M.P.O., C.C.O.\u00a0<strong><br \/>\n<\/strong>Assistant Professor, School of Speech-Language Pathology and Audiology, Universit\u00e9 de Montr\u00e9al<br \/>\nRegular Researcher, CRIR &#8211; Institut universitaire sur la r\u00e9adaptation en d\u00e9ficience physique de Montr\u00e9al (IURDPM), Lindsay Pavilion, CIUSSS du Centre-Sud-de-l&#8217;\u00cele-de-Montr\u00e9al<strong><br \/>\n<\/strong><a href=\"mailto:carole.anglade@umontreal.ca\"><strong>carole.anglade@umontreal.ca<\/strong><\/a><\/p>\n<p><strong><a href=\"https:\/\/crir.ca\/en\/member\/claire-croteau-ph-d\/\">CROTEAU<\/a>, Claire,<\/strong> Ph.D.<br \/>\nFull Professor, School of Speech-Language Therapy and Audiology, Universit\u00e9 de Montr\u00e9al;<br \/>\nResearcher, CRIR\u2013Institut universitaire sur la r\u00e9adaptation en d\u00e9ficience physique de Montr\u00e9al (IURDPM), Lindsay Pavilion, CIUSSS du Centre-Sud-de-l&#8217;\u00cele-de-Montr\u00e9al<\/p>\n<p><strong><a href=\"https:\/\/crir.ca\/en\/member\/cyril-duclos-pt-ph-d\/\">DUCLOS<\/a>, Cyril<\/strong>, Ph.D.<br \/>\nFull Professor, School of Rehabilitation, Universit\u00e9 de Montr\u00e9al;<br \/>\nRegular Researcher, CRIR-Institut universitaire sur la r\u00e9adaptation en d\u00e9ficience physique de Montr\u00e9al (IURDPM), Pavillon Gingras, CIUSSS du Centre-Sud-de-l&#8217;\u00cele-de-Montr\u00e9al<br \/>\n<a href=\"mailto:cyril.duclos@umontreal.ca\">cyril.duclos@umontreal.ca<\/a><\/p>\n<p><strong><a href=\"https:\/\/crir.ca\/en\/member\/robillard-chantal-ph-d\/\">ROBILLARD<\/a>, Chantal<\/strong>, Ph.D.<br \/>\n<span style=\"color: #000000;\">Adjunct professor, Department of Sexology, UQAM<br \/>\n<\/span><span style=\"color: #000000;\">Adjunct\u00a0professor, \u00c9cole d&#8217;optom\u00e9trie, Universit\u00e9 de Montr\u00e9al<br \/>\n<\/span><span style=\"color: #000000;\">Clinical Research Coordinator and Researcher, CRIR\u2014Lethbridge-Layton-Mackay Rehabilitation Centre (Layton-Mackay site), CIUSSS West-Central Montreal<br \/>\n<\/span><a href=\"mailto:chantal.robillard.mab@ssss.gouv.qc.ca\">chantal.robillard.mab@ssss.gouv.qc.ca<\/a><\/p>\n<p><strong><a href=\"https:\/\/crir.ca\/en\/member\/diana-zidarov-pht-ph-d\/\">ZIDAROV<\/a>, Diana<\/strong>, pht, Ph.D.<br \/>\nInstitutional Researcher, Institut universitaire sur la r\u00e9adaptation en d\u00e9ficience physique de Montr\u00e9al (IURDPM), Lindsay Pavilion, CIUSSS du Centre-Sud-de-l&#8217;\u00cele-de-Montr\u00e9al<br \/>\nRegular researcher, CRIR-IURDPM<br \/>\nAssociate Professor, School of Rehabilitation, Universit\u00e9 de Montr\u00e9al<br \/>\n<a href=\"mailto:diana.zidarov.ccsmtl@ssss.gouv.qc.ca\">diana.zidarov.ccsmtl@ssss.gouv.qc.ca<\/a><\/p>\n<h4>CLINICAL RESEARCH COORDINATion<\/h4>\n<p><strong>JELENIC Patricia, <\/strong>M.Sc.<br \/>\nClinical Research Coordinator<br \/>\nCIUSSS du Centre-Sud-de-l&#8217;\u00cele-de-Montr\u00e9al<br \/>\n<em>IURDPM<br \/>\n<\/em><a href=\"mailto:Patricia.Jelenic.ccsmtl@ssss.gouv.qc.ca\">patricia.Jelenic.ccsmtl@ssss.gouv.qc.ca<\/a><\/p>\n<p><strong>MERCIER-NICOL Sarah<\/strong>, B.Sc.<br \/>\nClinical Research Coordinator<br \/>\nCISSS de la Mont\u00e9r\u00e9gie-Centre<br \/>\n<em>Institut Nazareth et Louis-Braille (INLB)<br \/>\n<\/em><a href=\"sarah.mercier-nicol.cisssmc16@ssss.gouv.qc.ca\">sarah.mercier-nicol.cisssmc16@ssss.gouv.qc.ca<\/a><\/p>\n<p><strong><a href=\"https:\/\/crir.ca\/en\/member\/robillard-chantal-ph-d\/\">ROBILLARD<\/a>, Chantal<\/strong>, Ph.D.<br \/>\nAssociate Professor, Department of Sexology, UQAM;<br \/>\nClinical research coordinator and regular researcher,<br \/>\nCRIR-Centre de r\u00e9adaptation Lethbridge-Layton-Mackay (site Layton-Mackay), CIUSSS du Centre-Ouest-de-l&#8217;\u00cele-de-Montr\u00e9al<br \/>\n<a href=\"mailto:chantal.robillard.mab@ssss.gouv.qc.ca\">chantal.robillard.mab@ssss.gouv.qc.ca<\/a><\/p>\n<h4>Research Ethics<\/h4>\n<p><strong>NOLET, Anik<\/strong>, Me LLB., LL.M.<strong><br \/>\n<\/strong>Senior Research Ethics Advisor | Head, Office of Research Project Evaluation<br \/>\nUniversity Teaching and Research Division (DEUR)<br \/>\nCIUSSS du Centre-Sud-de-l&#8217;\u00cele-de-Montr\u00e9al<strong><br \/>\n<\/strong><a href=\"mailto:anik.nolet.ccsmtl@ssss.gouv.qc.ca\">anik.nolet.ccsmtl@ssss.gouv.qc.ca<\/a><\/p>\n<p><strong>ROUSSEAU-HARRISON Kate <\/strong>M.Sc.<br \/>\nCoordinator, Research Ethics Board | CER en r\u00e9adaptation et en d\u00e9ficience physique (RDP)<br \/>\nCIUSSS du Centre-Sud-de-l&#8217;\u00cele-de-Montr\u00e9al<br \/>\n<a href=\"kate.rousseau-harrison.ccsmtl@ssss.gouv.qc.ca\">kate.rousseau-harrison.ccsmtl@ssss.gouv.qc.ca<\/a><\/p>\n<h4>students members<\/h4>\n<p><strong style=\"font-size: 0.9em;\">JOYAL \u00c9lodie <\/strong><span style=\"font-size: 0.9em;\">B.Sc.<br \/>\n<\/span>Axis 2 Master&#8217;s student<br \/>\nUniversit\u00e9 de Montr\u00e9al<br \/>\n<a href=\"mailto:elodie.joyal@umontreal.ca\">elodie.joyal@umontreal.ca<\/a><\/p>\n<p><strong>MVOMO Cyrille <\/strong>M.Sc.<br \/>\nAxis 1 doctoral student<br \/>\nMcGill University<br \/>\n<a href=\"cyrille.mvomo@mail.mcgill.ca\">cyrille.mvomo@mail.mcgill.ca<\/a><\/p>\n<p>&nbsp;<\/p>\n<div class=\"highlight-box\">\n<p>For more information about the PIER committee or to contact its members, please contact us at <a href=\"administration.crir@ssss.gouv.qc.ca\">administration.crir@ssss.gouv.qc.ca<\/a>.<\/p>\n<\/div>\n","protected":false},"excerpt":{"rendered":"<p>The Committee on Innovative Practices in Research Ethics (PIER) aims to support research teams while exploring various approaches to address new challenges in research ethics. PIER Priority issues identified Recruitment Exploring and critiquing innovative recruitment strategies (e.g. virtual recruitment; participant&#8230;<br \/><a href=\"https:\/\/crir.ca\/en\/about\/crir-committees-and-meetings\/comite-pratiques-innovantes-en-ethique-de-la-recherche-pier\/\" class=\"read-more btn\">Read more <span class=\"sr-only\">about Committee on Innovative Practices in Research Ethics (PIER)<\/span><\/a><\/p>\n","protected":false},"author":23,"featured_media":0,"parent":1336,"menu_order":5,"comment_status":"closed","ping_status":"closed","template":"","meta":{"_acf_changed":false,"footnotes":""},"class_list":["post-10680","page","type-page","status-publish","hentry"],"acf":[],"_links":{"self":[{"href":"https:\/\/crir.ca\/en\/wp-json\/wp\/v2\/pages\/10680","targetHints":{"allow":["GET"]}}],"collection":[{"href":"https:\/\/crir.ca\/en\/wp-json\/wp\/v2\/pages"}],"about":[{"href":"https:\/\/crir.ca\/en\/wp-json\/wp\/v2\/types\/page"}],"author":[{"embeddable":true,"href":"https:\/\/crir.ca\/en\/wp-json\/wp\/v2\/users\/23"}],"replies":[{"embeddable":true,"href":"https:\/\/crir.ca\/en\/wp-json\/wp\/v2\/comments?post=10680"}],"version-history":[{"count":17,"href":"https:\/\/crir.ca\/en\/wp-json\/wp\/v2\/pages\/10680\/revisions"}],"predecessor-version":[{"id":28087,"href":"https:\/\/crir.ca\/en\/wp-json\/wp\/v2\/pages\/10680\/revisions\/28087"}],"up":[{"embeddable":true,"href":"https:\/\/crir.ca\/en\/wp-json\/wp\/v2\/pages\/1336"}],"wp:attachment":[{"href":"https:\/\/crir.ca\/en\/wp-json\/wp\/v2\/media?parent=10680"}],"curies":[{"name":"wp","href":"https:\/\/api.w.org\/{rel}","templated":true}]}}