{"id":10717,"date":"2021-02-03T15:09:58","date_gmt":"2021-02-03T20:09:58","guid":{"rendered":"https:\/\/crir.ca\/?page_id=10717"},"modified":"2021-10-25T06:52:04","modified_gmt":"2021-10-25T10:52:04","slug":"motor-recovery-following-a-sci-february-2021-no-04","status":"publish","type":"page","link":"https:\/\/crir.ca\/en\/sharing-our-knowledge\/crir-connects\/motor-recovery-following-a-sci-february-2021-no-04\/","title":{"rendered":"Motor Recovery Following a Spinal Cord Injury (February 2021 \u2013 No 04)"},"content":{"rendered":"<p><a href=\"https:\/\/crir.ca\/wp-content\/uploads\/2020\/06\/branch\u00e9.jpg\"><img loading=\"lazy\" decoding=\"async\" class=\"wp-image-8826 aligncenter\" src=\"https:\/\/crir.ca\/wp-content\/uploads\/2020\/06\/branch\u00e9-1024x196.jpg\" alt=\"\" width=\"1269\" height=\"243\" srcset=\"https:\/\/crir.ca\/wp-content\/uploads\/2020\/06\/branch\u00e9-1024x196.jpg 1024w, https:\/\/crir.ca\/wp-content\/uploads\/2020\/06\/branch\u00e9-300x57.jpg 300w, https:\/\/crir.ca\/wp-content\/uploads\/2020\/06\/branch\u00e9-768x147.jpg 768w, https:\/\/crir.ca\/wp-content\/uploads\/2020\/06\/branch\u00e9-24x5.jpg 24w, https:\/\/crir.ca\/wp-content\/uploads\/2020\/06\/branch\u00e9-36x7.jpg 36w, https:\/\/crir.ca\/wp-content\/uploads\/2020\/06\/branch\u00e9-48x9.jpg 48w, https:\/\/crir.ca\/wp-content\/uploads\/2020\/06\/branch\u00e9.jpg 1592w\" sizes=\"auto, (max-width: 1269px) 100vw, 1269px\" \/><\/a><\/p>\n<p style=\"text-align: left;\">February 2021 Edition (04)<\/p>\n<hr \/>\n<h2><strong>Will I walk again? Improving rehabilitation outcomes by stimulating the nervous system<\/strong><\/h2>\n<h3>An interview summary with Dorothy Barth\u00e9lemy<\/h3>\n<p><a href=\"https:\/\/crir.ca\/wp-content\/uploads\/2021\/01\/CRIR-Branche\u0301-Barth_1.jpg\"><img loading=\"lazy\" decoding=\"async\" class=\"wp-image-10706 alignleft\" src=\"https:\/\/crir.ca\/wp-content\/uploads\/2021\/01\/CRIR-Branche\u0301-Barth_1.jpg\" alt=\"\" width=\"428\" height=\"285\" srcset=\"https:\/\/crir.ca\/wp-content\/uploads\/2021\/01\/CRIR-Branche\u0301-Barth_1.jpg 591w, https:\/\/crir.ca\/wp-content\/uploads\/2021\/01\/CRIR-Branche\u0301-Barth_1-300x200.jpg 300w, https:\/\/crir.ca\/wp-content\/uploads\/2021\/01\/CRIR-Branche\u0301-Barth_1-24x16.jpg 24w, https:\/\/crir.ca\/wp-content\/uploads\/2021\/01\/CRIR-Branche\u0301-Barth_1-36x24.jpg 36w, https:\/\/crir.ca\/wp-content\/uploads\/2021\/01\/CRIR-Branche\u0301-Barth_1-48x32.jpg 48w\" sizes=\"auto, (max-width: 428px) 100vw, 428px\" \/><\/a><\/p>\n<p><a href=\"https:\/\/crir.ca\/en\/member\/dorothy-barthelemy-pht-ph-d\/\"><strong>Dorothy Barth\u00e9lemy<\/strong><\/a>, pht. M.Sc., Ph.D.<\/p>\n<p>Associate Professor, School of Rehabilitation, Universit\u00e9 de Montr\u00e9al<br \/>\nResearcher, Research Centre, H\u00f4pital du Sacr\u00e9-Coeur de Montr\u00e9al,\u00a0CIUSSS du Nord-de-l&#8217;\u00cele-de-Montr\u00e9al<br \/>\nResearcher, CRIR\u2013Institut universitaire sur la r\u00e9adaptation en d\u00e9ficience physique de Montr\u00e9al, Gingras pavilion,<br \/>\nCIUSSS du Centre-Sud-de-l&#8217;\u00cele-de-Montr\u00e9al<\/p>\n<p>&nbsp;<\/p>\n<h3><a href=\"https:\/\/crir.ca\/en\/research\/laboratories\/laboratories\/neuromobility-lab\/\"><strong>Neuromobility Lab<\/strong><\/a><\/h3>\n<h4><\/h4>\n<p>&nbsp;<\/p>\n<h4><strong>What research projects would you like to share with me today?<\/strong><\/h4>\n<p>I would like to talk about three projects that concern locomotor recovery in patients with incomplete spinal cord injury. The first aims at improving assessment of sensorimotor capacities after injury. The second involves the use of novel stimulation paradigms to enhance neuroplasticity and promote motor recovery. The third concerns the development of an innovative dual-training protocol to improve balance function.<\/p>\n<h4><strong>What is spinal cord injury?<\/strong><\/h4>\n<p>The spinal cord and the brain make up the central nervous system. The spinal cord receives signals from the body and conveys signals for motor functions. People who suffer from spinal cord injuries have decreased sensory and motor capacities below the level of the lesion. This causes a handicap. Depending on the injury, people can have difficulty in feeling sensations, moving, walking, reaching for a glass, etc.<\/p>\n<div class=\"highlight-box\">\n<p>In Canada, over 86,000 people live with spinal cord injury.<br \/>\n<strong>An injury to the spinal cord interrupts communication between the brain and the body and causes total or partial paralysis of the limbs and trunk.<\/strong> The extent of paralysis depends on the location of the lesion in the spine and its severity. <strong>No two injuries are the same<\/strong>.<br \/>\nInjuries resulting in paraplegia are located lower in the spine, causing paralysis of the lower limbs, while a higher lesion at the level of the cervical vertebrae (the neck) results in quadriplegia, which is complete or partial paralysis of all four limbs.<br \/>\nAs the spinal cord controls the operation of upper and lower limbs, victims of spinal cord injuries often have to use a wheelchair.<br \/>\nFor many, spinal cord injury results in loss of independence, poverty and social isolation.<br \/>\nSpinal cord injuries are often the result of accidents: car accidents, falls, diving accidents, or work accidents. They can also result from non-traumatic causes such as spinal degeneration due to aging.<\/p>\n<p>Sources\u00a0: <a href=\"http:\/\/www.moelleepiniere.com\/en\/items-of-interest\/quest-ce-quune-blessure-medullaire\/\">Moelle \u00e9pini\u00e8re et motricit\u00e9 Qu\u00e9bec<\/a> <a href=\"http:\/\/www.moelleepiniere.com\/en\/items-of-interest\/quest-ce-quune-blessure-medullaire\/\">and Praxis Spinal Cord Institute. Rick Hansen Spinal Cord Injury Registry &#8211; A look at traumatic spinal cord injury in Canada in 2018. Vancouver, BC: Praxis; 2020.<\/a><\/p>\n<\/div>\n<h4><strong>Why do you study spinal cord injuries?<\/strong><\/h4>\n<p>One of my main research interests is improving assessment of spinal cord injury impairments early on after the lesion, even before rehabilitation starts. This more precise assessment could lead to the design of treatment protocols to optimize recovery.<\/p>\n<p>Clinicians working with spinal cord injury patients face several challenges. First, the full extent of paralysis patients will sustain is difficult to predict and can only be known towards the end of therapy. The reason for this is that we lack good indicators to tell us what damage has been done to the spinal cord early on after the lesion. Second, there is less time allocated for therapy due to constraints on the healthcare system. This means that improvements need to happen, and they need to happen relatively fast!\u00a0 As soon as the rate of recovery slows down or stops (reaching a plateau), the treatment then focuses on helping patients compensate with different technical aids and with body parts that were not impaired by the lesion. This is essential so that patients can resume daily activities, but less emphasis is then placed on functional recovery. As it is not rare that some patients recover movement weeks or months after therapy, a lingering question is often: could we have done more to enable earlier recovery of movement? It would be useful to have objective and clear indicators regarding when to stop treatment aimed at regaining function and move on to a compensation approach.<\/p>\n<p>Another challenge for clinicians is that spinal cord injury varies greatly among patients.\u00a0 The spinal cord is complex: numerous pathways bring information from muscle and skin to the brain, while other pathways bring information from the brain to the muscles for movement production. Lesions can occur anywhere on the spinal cord. They can interrupt all or just one of these pathways and partially severe others.<\/p>\n<h4><strong>Can you tell which spinal cord pathways are damaged?<\/strong><\/h4>\n<p>Presently we cannot tell which spinal cord pathways are damaged. Clinicians use two methods to categorize spinal cord injuries. The first involves where the lesion is located in the spinal cord. The section where the lesion is located determines the type of injury. For instance, injury in the lumbar area, or lower back, generally affects hip and leg movement, but not the upper body. The second criteria concerns the extent of the lesion, whether the <strong>injury is complete or incomplete<\/strong>. Clinicians use the ASIA Impairment Scale from the American Spinal cord Injury Association to determine this. However, these two methods do not provide information on which pathways have been interrupted or cut.<\/p>\n<div class=\"highlight-box\">\n<p><strong>A\u00a0complete spinal cord injury<\/strong>means that all feeling (sensory) and ability to control movement (motor) are lost below the area injured.<br \/>\n<strong>An\u00a0incomplete spinal cord<\/strong> injury\u00a0means there is some some motor or sensory function below the affected area. The ability to move and the amount of feeling varies from person to person.<\/p>\n<p>Source: <a href=\"https:\/\/www.mayoclinic.org\/diseases-conditions\/spinal-cord-injury\/symptoms-causes\/syc-20377890\">https:\/\/www.mayoclinic.org\/diseases-conditions\/spinal-cord-injury\/symptoms-causes\/syc-20377890<\/a><\/p>\n<\/div>\n<p>During the past ten years, my research focused on quantifying the damage lesions cause to spinal cord pathways and their effect on movement. Results from previous studies we performed with people that had a spinal injury for at least one year indicate a clear correlation between the location of the lesion on the spinal cord, the pathways that have been damaged, and its impact on function. This work also underlined the potential for neuroplasticity below the lesion.<\/p>\n<h4><strong>How does your research assess the role neuroplasticity plays on the recovery of spinal neural pathways after spinal cord injury?<\/strong><\/h4>\n<p>First, let us start with a definition of <strong>neuroplasticity<\/strong>.<\/p>\n<div class=\"highlight-box\">\n<p><strong>Neuroplasticity<\/strong> is the ability of the nervous system to change its activity in response to intrinsic or extrinsic stimuli by reorganizing its structure, functions, or connections. More specifically in relation to lesions of the brain or spinal cord, neuroplasticity refers to the capacity of the nervous system for adaptation or regeneration after trauma.<br \/>\nRef.: <a href=\"http:\/\/medical-dictionary\">http:\/\/medical-dictionary<\/a>. Thefreedictionary .com \/neuroplasticity; https:\/\/www.physio-pedia.com\/<\/p>\n<\/div>\n<p><a href=\"https:\/\/crir.ca\/wp-content\/uploads\/2021\/01\/CRIR-Branche\u0301-Barth_2New.jpg\"><img loading=\"lazy\" decoding=\"async\" class=\"alignright wp-image-10729\" src=\"https:\/\/crir.ca\/wp-content\/uploads\/2021\/01\/CRIR-Branche\u0301-Barth_2New.jpg\" alt=\"\" width=\"500\" height=\"316\" srcset=\"https:\/\/crir.ca\/wp-content\/uploads\/2021\/01\/CRIR-Branche\u0301-Barth_2New.jpg 591w, https:\/\/crir.ca\/wp-content\/uploads\/2021\/01\/CRIR-Branche\u0301-Barth_2New-300x190.jpg 300w, https:\/\/crir.ca\/wp-content\/uploads\/2021\/01\/CRIR-Branche\u0301-Barth_2New-24x15.jpg 24w, https:\/\/crir.ca\/wp-content\/uploads\/2021\/01\/CRIR-Branche\u0301-Barth_2New-36x23.jpg 36w, https:\/\/crir.ca\/wp-content\/uploads\/2021\/01\/CRIR-Branche\u0301-Barth_2New-48x30.jpg 48w\" sizes=\"auto, (max-width: 500px) 100vw, 500px\" \/><\/a><\/p>\n<p>We know that for different pathologies there is a period after the lesion when neuroplasticity is optimal. For instance, studies show that for stroke, it is three months. For spinal cord injuries, this period probably exists but has yet to be defined.<\/p>\n<p>An innovative aspect of my research is the use of <strong>electrophysiological tests <\/strong>to assess neuroplasticity. Most often, these tests are used to see if connections between the brain and the spinal cord are still present, and if there are any changes in their function.<\/p>\n<div class=\"highlight-box\">\n<p><strong>Electrophysiological tests<\/strong> involve placing electrodes on the skin or on the head to measure electrical signals produced in the human body through the firing of neurons. Various types of tests are used in physical rehabilitation research including the electroencephalogram (EEG) to measure the firing of neurons in the brain; the Transcranial magnetic stimulation (TMS) to measure connections between the brain and muscles; and the electromyogram (EMG) to measure muscular activity.<\/p>\n<\/div>\n<p>One goal of the project is to get information on the state of these connections <em>early on<\/em> from patients with spinal cord injury.\u00a0 Electrophysiological measurements are taken at different periods after injury, starting at one month, then at three and six months &#8211; up to one year. I should mention that for many patients the first measurements are taken at their bedside using mobile equipment; not in our <a href=\"https:\/\/crir.ca\/en\/research\/laboratories\/laboratories\/neuromobility-lab\/\">CRIR Neuromobility Lab<\/a>. \u00a0Being able to conduct mobile tests is an important advancement since patients are often unable to move right after a spinal cord injury. Therefore, we can get data from all patients and even before rehabilitation treatment starts.<\/p>\n<p>These measurements, taken at different times, provide information on what pathways have been the most interrupted and what deficits the patient is most likely to have. This gives us a more precise diagnosis and a prognosis of what to expect for the patient recovery.<\/p>\n<h4><strong>Have you had any results that would be of interest to clinicians and patients? <\/strong><\/h4>\n<p>From our preliminary data, one of the most predictive measure for patient recovery following spinal cord injury is the sensory function<em> taken at one month.<\/em> We used a new approach called <strong>Electrical perceptual threshold<\/strong>.<\/p>\n<div class=\"highlight-box\">\n<p>The <strong>electrical perceptual threshold<\/strong> (EPT) exam measures the sensory threshold or minimally detectable electrical stimulus intensity applied to the skin.\u00a0<a href=\"https:\/\/www.ncbi.nlm.nih.gov\/pmc\/articles\/PMC5558198\/\">https:\/\/www.ncbi.nlm.nih.gov\/pmc\/articles\/PMC5558198\/<\/a><\/p>\n<\/div>\n<p>An increasing number of research labs around the world are experimenting with this method.\u00a0 It allows for a much higher resolution of results regarding sensitivity range and intensity. We are currently submitting our preliminary results on this technique. My research team and I are continuing our studies in this area.<\/p>\n<h4><strong>What kind of impact do you think your research can have on clinical practice?<\/strong><\/h4>\n<p>We have a way to determine which spinal cord pathways are most impaired. Each pathway has a specific purpose. Some enable balance control, others sensory function, and still others voluntary movement. Knowing which pathway the lesion severed gives us a good idea of what deficits patients are likely to sustain in the longer term.<\/p>\n<p>I work with physiatrists at <em>H\u00f4pital du Sacr\u00e9-C\u0153ur-de-Montr\u00e9al<\/em> and at the <em>Institut universitaire sur la r\u00e9adaptation en d\u00e9ficience physique de Montr\u00e9al<\/em> who are very interested in the outcome of this research. \u00a0Their patients often ask, \u201cWill I recover?\u201d\u00a0 \u201cWill I move again?\u201d \u00a0\u201cWill I walk again?\u201d Right now, physiatrists are unable to answer these questions. Finding answers takes time. Our hope is that our research findings contribute additional and relevant information to support clinician \u2013 patient discussions about recovery and treatment.<\/p>\n<h4><strong>What do you plan to do next in your research?<\/strong><\/h4>\n<p>The next step involves using<strong> target therapies<\/strong> to <strong>optimize the plasticity in the central nervous system<\/strong>. In other words, to boost spinal cord pathways that were spared by the lesion to improve recovery. This will allow us to personalize treatment and is the focus of a <strong>second research project<\/strong> where we will be using a novel therapy called repetitive transcranial magnetic stimulation or<strong> rTMS<\/strong>.<\/p>\n<p><a href=\"https:\/\/crir.ca\/wp-content\/uploads\/2021\/01\/CRIR-Branche\u0301-Barth_3.jpg\"><img loading=\"lazy\" decoding=\"async\" class=\" wp-image-10710 alignleft\" src=\"https:\/\/crir.ca\/wp-content\/uploads\/2021\/01\/CRIR-Branche\u0301-Barth_3.jpg\" alt=\"\" width=\"450\" height=\"300\" srcset=\"https:\/\/crir.ca\/wp-content\/uploads\/2021\/01\/CRIR-Branche\u0301-Barth_3.jpg 591w, https:\/\/crir.ca\/wp-content\/uploads\/2021\/01\/CRIR-Branche\u0301-Barth_3-300x200.jpg 300w, https:\/\/crir.ca\/wp-content\/uploads\/2021\/01\/CRIR-Branche\u0301-Barth_3-24x16.jpg 24w, https:\/\/crir.ca\/wp-content\/uploads\/2021\/01\/CRIR-Branche\u0301-Barth_3-36x24.jpg 36w, https:\/\/crir.ca\/wp-content\/uploads\/2021\/01\/CRIR-Branche\u0301-Barth_3-48x32.jpg 48w\" sizes=\"auto, (max-width: 450px) 100vw, 450px\" \/><\/a><\/p>\n<div class=\"highlight-box\">\n<p>Repetitive transcranial magnetic stimulation\u00a0(rTMS), is a noninvasive form of\u00a0<a href=\"https:\/\/en.wikipedia.org\/wiki\/Neurostimulation\">brain stimulation<\/a>\u00a0in which a changing\u00a0<a href=\"https:\/\/en.wikipedia.org\/wiki\/Magnetic_field\">magnetic field<\/a>\u00a0is used to cause\u00a0<a href=\"https:\/\/en.wikipedia.org\/wiki\/Electric_current\">electric current<\/a>\u00a0at a specific area of the brain through\u00a0<a href=\"https:\/\/en.wikipedia.org\/wiki\/Electromagnetic_induction\">electromagnetic induction<\/a>. It can modulate brain cell activity.<a href=\"https:\/\/en.wikipedia.org\/wiki\/Transcranial_magnetic_stimulation\">https:\/\/en.wikipedia.org\/wiki\/Transcranial_magnetic_stimulation<\/a><\/p>\n<\/div>\n<p>Many patients who have somewhat recovered still have difficulty moving their legs. This difficulty points to damage in the pathway connecting the brain to the muscles, or the corticospinal pathway. This pathway is essential for locomotion and movement in healthy persons. rTMS can be used to enhance activity in the brain and in the partly interrupted pathways, alongside current clinical therapies, to improve recovery of movement. If we apply this treatment during the first months after the lesion, will this enhance recovery? Will we have bigger effects that will continue to carry on? We are looking for answers to these questions.<\/p>\n<h4><strong>Who do you think will find your research of interest?<\/strong><\/h4>\n<p>My research holds interest for researchers working on different aspects of spinal cord injury. It is also relevant for students involved in research who want to continue this type of investigation and push boundaries further. For clinical stream students, this research may provide a glimpse of what future therapies may hold. \u00a0Research results may also interest clinicians working with spinal cord injury since they complement existing knowledge and practice.<\/p>\n<h4><strong>Moving on to your third project on developing balance training sessions for patients with spinal cord injury, can you describe what you are doing?<\/strong><\/h4>\n<p>I am working with Dr. Charlotte Pion, a postdoctoral research fellow at my research lab, to design a new training paradigm to improve balance control. According to the literature, patients with incomplete spinal cord injuries are at high-risk for falls. This risk also applies to those who perform well on clinical balance tests. These patients lack the efficient postural reactions of healthy individuals. Healthy individuals are able to control, readjust and maintain balance in problematic situations. For instance, when walking in the dark or on uneven ground.<\/p>\n<p>To quantify and improve strength and rapidity of these postural reactions, we designed a dual-training paradigm combining two approaches. The first,<strong> perturbation balance training<\/strong>, involves training balance by applying perturbation. Studies suggest that patients with different health conditions, including spinal injury, benefit from this emergent training.\u00a0 <strong>Explosive strength training<\/strong> is the second approach used. It is designed to improve muscle reaction rapidity. Rapid reaction time is necessary to activate muscles in case of a fall. Hence, we are training a rapid response within a simulated situation involving falling.<\/p>\n<h4><strong>Has combined training worked for patients?<\/strong><\/h4>\n<p>We only had two patients that have received this training so far and they have both improved. However, I am not satisfied with just knowing that patients have improved! (Laughs.) Hence the innovative aspect of the project. We want to identify and measure what changes occur in the central nervous system that explain this improvement. Preliminary findings indicate that the training improves how the brain integrates sensory information from the legs. This means that the brain understands better and quicker that the environment is becoming unstable. The brain is then able to react by activating appropriate muscles more quickly. However, more participants are needed to confirm these changes!<\/p>\n<h4><strong>You seem very motivated to do this type of research. Can you explain why?<\/strong><\/h4>\n<p>I worked as a physiotherapist for three years while in graduate studies. \u00a0I applied best practice therapy to my patients as best as possible; some would respond really well and others not at all. \u00a0I wondered why. I wanted to know what explained this difference. These questions drove me to research. The three research projects I shared with you today are relevant for today\u2019s clinical practice. Mind you, it will take some time before results can be applied in the clinic. Perhaps these finding can lead to the development of new tools that complement existing techniques that work well.\u00a0 By providing answers to such fundamental questions, we can improve rehabilitation.<\/p>\n<h4><strong>Who would be interested in receiving a copy of this interview?<\/strong><\/h4>\n<p>Patients. When talking to patients to recruit them for our studies, they always want to know more about their lesion and are interested in cutting-edge research. Clinicians as well and of course other researchers. Hearing about our research may lead to future collaborations.<\/p>\n<div class=\"highlight-box\">\n<p><em>Interview and text: <strong>Spyridoula Xenocostas<\/strong>, Coordinator\u2014Partnerships and Knowledge Mobilization, CRIR at:\u00a0<a href=\"mailto:partenariat.crir@ssss.gouv.qc.ca\">partenariat.crir@ssss.gouv.qc.ca<\/a><\/em><\/p>\n<\/div>\n","protected":false},"excerpt":{"rendered":"<p>February 2021 Edition (04) Will I walk again? Improving rehabilitation outcomes by stimulating the nervous system An interview summary with Dorothy Barth\u00e9lemy Dorothy Barth\u00e9lemy, pht. M.Sc., Ph.D. Associate Professor, School of Rehabilitation, Universit\u00e9 de Montr\u00e9al Researcher, Research Centre, H\u00f4pital du&#8230;<br \/><a href=\"https:\/\/crir.ca\/en\/sharing-our-knowledge\/crir-connects\/motor-recovery-following-a-sci-february-2021-no-04\/\" class=\"read-more btn\">Read more <span class=\"sr-only\">about Motor Recovery Following a Spinal Cord Injury (February 2021 \u2013 No 04)<\/span><\/a><\/p>\n","protected":false},"author":1,"featured_media":0,"parent":7319,"menu_order":4,"comment_status":"closed","ping_status":"closed","template":"","meta":{"_acf_changed":false,"footnotes":""},"class_list":["post-10717","page","type-page","status-publish","hentry"],"acf":[],"_links":{"self":[{"href":"https:\/\/crir.ca\/en\/wp-json\/wp\/v2\/pages\/10717","targetHints":{"allow":["GET"]}}],"collection":[{"href":"https:\/\/crir.ca\/en\/wp-json\/wp\/v2\/pages"}],"about":[{"href":"https:\/\/crir.ca\/en\/wp-json\/wp\/v2\/types\/page"}],"author":[{"embeddable":true,"href":"https:\/\/crir.ca\/en\/wp-json\/wp\/v2\/users\/1"}],"replies":[{"embeddable":true,"href":"https:\/\/crir.ca\/en\/wp-json\/wp\/v2\/comments?post=10717"}],"version-history":[{"count":10,"href":"https:\/\/crir.ca\/en\/wp-json\/wp\/v2\/pages\/10717\/revisions"}],"predecessor-version":[{"id":13965,"href":"https:\/\/crir.ca\/en\/wp-json\/wp\/v2\/pages\/10717\/revisions\/13965"}],"up":[{"embeddable":true,"href":"https:\/\/crir.ca\/en\/wp-json\/wp\/v2\/pages\/7319"}],"wp:attachment":[{"href":"https:\/\/crir.ca\/en\/wp-json\/wp\/v2\/media?parent=10717"}],"curies":[{"name":"wp","href":"https:\/\/api.w.org\/{rel}","templated":true}]}}