{"id":12908,"date":"2021-09-01T04:50:00","date_gmt":"2021-09-01T08:50:00","guid":{"rendered":"https:\/\/crir.ca\/?page_id=12908"},"modified":"2022-02-09T10:47:33","modified_gmt":"2022-02-09T15:47:33","slug":"adaptation-et-validation-transculturelle-du-cooking-task-dans-le-contexte-du-quebec-une-evaluation-de-limpact-des-fonctions-executives-dans-une-activite-de-cuisine","status":"publish","type":"page","link":"https:\/\/crir.ca\/en\/research\/participate-in-the-research\/recruitment-archives\/adaptation-et-validation-transculturelle-du-cooking-task-dans-le-contexte-du-quebec-une-evaluation-de-limpact-des-fonctions-executives-dans-une-activite-de-cuisine\/","title":{"rendered":"Adaptation et validation transculturelle du &#8220;cooking task&#8221; dans le contexte du Qu\u00e9bec, une \u00e9valuation de l&#8217;impact des fonctions ex\u00e9cutives dans une activit\u00e9 de cuisine"},"content":{"rendered":"<h4><span style=\"color: #000000;\"><strong>Project: \u00ab Adaptation et validation transculturelle du &#8220;Cooking task&#8221; dans le contexte du Qu\u00e9bec, une \u00e9valuation de l&#8217;impact des fonctions ex\u00e9cutives dans une activit\u00e9 de cuisine\u00a0\u00bb.<\/strong><\/span><\/h4>\n<div data-ogsc=\"rgb(0, 0, 0)\"><\/div>\n<div data-ogsc=\"rgb(0, 0, 0)\"><\/div>\n<div data-ogsc=\"rgb(0, 0, 0)\">\n<div>If you meet <strong>YES<\/strong> to these criteria :<\/div>\n<ul>\n<li>Be between the ages of 18 and 65<\/li>\n<li>Be in good health<\/li>\n<li>No cooking experience required<\/li>\n<li>Must be French-speaking<\/li>\n<\/ul>\n<div>You will be cooking at the Lethbridge-Layton-Mackay Rehabilitation Centre.<\/div>\n<div><\/div>\n<div><\/div>\n<\/div>\n<div data-ogsc=\"rgb(0, 0, 0)\"><img loading=\"lazy\" decoding=\"async\" class=\" wp-image-12566 alignleft\" src=\"https:\/\/crir.ca\/wp-content\/uploads\/2021\/08\/Recrutement_Projet-Cooking-Task-277x300.jpg\" alt=\"\" width=\"275\" height=\"298\" srcset=\"https:\/\/crir.ca\/wp-content\/uploads\/2021\/08\/Recrutement_Projet-Cooking-Task-277x300.jpg 277w, https:\/\/crir.ca\/wp-content\/uploads\/2021\/08\/Recrutement_Projet-Cooking-Task-768x831.jpg 768w, https:\/\/crir.ca\/wp-content\/uploads\/2021\/08\/Recrutement_Projet-Cooking-Task-947x1024.jpg 947w, https:\/\/crir.ca\/wp-content\/uploads\/2021\/08\/Recrutement_Projet-Cooking-Task-22x24.jpg 22w, https:\/\/crir.ca\/wp-content\/uploads\/2021\/08\/Recrutement_Projet-Cooking-Task-33x36.jpg 33w, https:\/\/crir.ca\/wp-content\/uploads\/2021\/08\/Recrutement_Projet-Cooking-Task-44x48.jpg 44w\" sizes=\"auto, (max-width: 275px) 100vw, 275px\" \/><\/div>\n<div data-ogsc=\"rgb(0, 0, 0)\"><\/div>\n<div data-ogsc=\"rgb(0, 0, 0)\"><\/div>\n<div data-ogsc=\"rgb(0, 0, 0)\">\n<p><strong>Find out more :<\/strong> 514-488-5552 poste 1134<\/p>\n<p><strong>To apply<\/strong>: g<a href=\"ustoworklab@gmail.com\">ustoworklab@gmail.com<\/a> | Write in the object: Cooking Task Project and your phone number<\/p>\n<p style=\"text-align: left;\"><strong><span style=\"color: #808000;\">Fr\u00e9d\u00e9rique Poncet,\u00a0Ph.D, OT, Erg.<br \/>\n<\/span><\/strong><span style=\"color: #808000;\">Researcher at the <a href=\"https:\/\/www.llmrc.ca\/\">Lethbridge-Layton-Mackay Rehabilitation Centre<\/a><br \/>\n<\/span><span style=\"color: #808000;\"><a href=\"http:\/\/ciusss-centreouestmtl.gouv.qc.ca\/en\/home\/?mid=ctl00_MainMenu_ctl00_TheMenu-menuItem001\">CIUSSS West-Central Montreal<\/a><\/span><\/p>\n<\/div>\n<p>Promotional poster here:\u00a0<a href=\"https:\/\/crir.ca\/wp-content\/uploads\/2021\/08\/Affiche-de-recrutement_Cooking-Task.docx\">Recruitment poster_Cooking Task (in french)<\/a><\/p>\n","protected":false},"excerpt":{"rendered":"<p>Project: \u00ab Adaptation et validation transculturelle du &#8220;Cooking task&#8221; dans le contexte du Qu\u00e9bec, une \u00e9valuation de l&#8217;impact des fonctions ex\u00e9cutives dans une activit\u00e9 de cuisine\u00a0\u00bb. If you meet YES to these criteria : Be between the ages of 18&#8230;<br \/><a href=\"https:\/\/crir.ca\/en\/research\/participate-in-the-research\/recruitment-archives\/adaptation-et-validation-transculturelle-du-cooking-task-dans-le-contexte-du-quebec-une-evaluation-de-limpact-des-fonctions-executives-dans-une-activite-de-cuisine\/\" class=\"read-more btn\">Read more <span class=\"sr-only\">about Adaptation et validation transculturelle du &#8220;cooking task&#8221; dans le contexte du Qu\u00e9bec, une \u00e9valuation de l&#8217;impact des fonctions ex\u00e9cutives dans une activit\u00e9 de cuisine<\/span><\/a><\/p>\n","protected":false},"author":30,"featured_media":0,"parent":13596,"menu_order":1,"comment_status":"closed","ping_status":"closed","template":"","meta":{"_acf_changed":false,"footnotes":""},"class_list":["post-12908","page","type-page","status-publish","hentry"],"acf":[],"_links":{"self":[{"href":"https:\/\/crir.ca\/en\/wp-json\/wp\/v2\/pages\/12908","targetHints":{"allow":["GET"]}}],"collection":[{"href":"https:\/\/crir.ca\/en\/wp-json\/wp\/v2\/pages"}],"about":[{"href":"https:\/\/crir.ca\/en\/wp-json\/wp\/v2\/types\/page"}],"author":[{"embeddable":true,"href":"https:\/\/crir.ca\/en\/wp-json\/wp\/v2\/users\/30"}],"replies":[{"embeddable":true,"href":"https:\/\/crir.ca\/en\/wp-json\/wp\/v2\/comments?post=12908"}],"version-history":[{"count":9,"href":"https:\/\/crir.ca\/en\/wp-json\/wp\/v2\/pages\/12908\/revisions"}],"predecessor-version":[{"id":13339,"href":"https:\/\/crir.ca\/en\/wp-json\/wp\/v2\/pages\/12908\/revisions\/13339"}],"up":[{"embeddable":true,"href":"https:\/\/crir.ca\/en\/wp-json\/wp\/v2\/pages\/13596"}],"wp:attachment":[{"href":"https:\/\/crir.ca\/en\/wp-json\/wp\/v2\/media?parent=12908"}],"curies":[{"name":"wp","href":"https:\/\/api.w.org\/{rel}","templated":true}]}}