{"id":1329,"date":"2017-05-10T17:14:32","date_gmt":"2017-05-10T21:14:32","guid":{"rendered":"https:\/\/crir.ca\/?page_id=1329"},"modified":"2024-07-18T08:14:21","modified_gmt":"2024-07-18T12:14:21","slug":"about-cgc","status":"publish","type":"page","link":"https:\/\/crir.ca\/en\/about\/about-cgc\/","title":{"rendered":"The Comit\u00e9 de gouvernance du CRIR (CGC)"},"content":{"rendered":"<p>&nbsp;<\/p>\n<p>The <strong>Comit\u00e9 de gouvernance du CRIR (CGC)<span style=\"color: #ff0000;\">*<\/span><\/strong>\u00a0has ensured the collaborative governance of <strong>Centre for Interdisciplinary Research in Rehabilitation of Greater Montreal (CRIR)<\/strong> and it is an association of four administrator CISSS\/CIUSSS (Centre int\u00e9gr\u00e9 de sant\u00e9 et de services sociaux et Centre int\u00e9gr\u00e9 universitaire de sant\u00e9 et de services sociaux):<\/p>\n<ul>\n<li><a href=\"https:\/\/ciusss-centresudmtl.gouv.qc.ca\/accueil\/\">CIUSSS du Centre-Sud-de-l\u2019\u00cele-de-Montr\u00e9al<\/a>, affiliated with the <a href=\"https:\/\/www.umontreal.ca\/en\/\">Universit\u00e9 de Montr\u00e9al<\/a>, which includes the <a href=\"https:\/\/ciusss-centresudmtl.gouv.qc.ca\/mission-universitaire\/designations-universitaires\/institut-universitaire-sur-la-readaptation-en-deficience-physique-de-montreal\/\">Institut universitaire sur la r\u00e9adaptation en d\u00e9ficience physique de Montr\u00e9al<\/a> (IURDPM);<\/li>\n<li><a href=\"https:\/\/www.ciussswestcentral.ca\/\">CIUSSS West-Central Montreal<\/a>, affiliated with <a href=\"https:\/\/www.mcgill.ca\/\">McGill University<\/a>, <a href=\"https:\/\/www.umontreal.ca\/en\/\">Universit\u00e9 de Montr\u00e9al<\/a> and <a href=\"https:\/\/uqam.ca\/english\/about\/\">UQAM<\/a>, which includes the <a href=\"https:\/\/www.llmrc.ca\/\">Lethbridge-Layton-Mackay Rehabilitation Centre<\/a>;<\/li>\n<li><a href=\"http:\/\/www.lavalensante.com\/en\/\">CISSS de Laval<\/a>, affiliated with <a href=\"https:\/\/www.mcgill.ca\/\">McGill University<\/a> and <a href=\"https:\/\/www.umontreal.ca\/en\/\">Universit\u00e9 de Montr\u00e9al<\/a>, which includes the <a href=\"http:\/\/www.lavalensante.com\/en\/jewish-rehabilitation-hospital\/\">Jewish Rehabilitation Hospital<\/a>;<\/li>\n<li><a href=\"http:\/\/www.santemonteregie.qc.ca\/index.en.html\">CISSS de la Mont\u00e9r\u00e9gie-Centre<\/a>, affiliated with the\u00a0<a href=\"https:\/\/www.umontreal.ca\/en\/\">Universit\u00e9 de Montr\u00e9al<\/a>, which includes the <a href=\"http:\/\/www.inlb.qc.ca\/\">Institut Nazareth et Louis-Braille<\/a>.<\/li>\n<\/ul>\n<p>The <strong>CGC<\/strong> also has two associate members: the <a href=\"https:\/\/www.cisss-lanaudiere.gouv.qc.ca\/\">CISSS de Lanaudi\u00e8re<\/a> and the <a href=\"https:\/\/www.santelaurentides.gouv.qc.ca\/\">CISSS des Laurentides<\/a>.<br \/>\nTogether, these member establishments provide services for all types of physical disabilities (motor, hearing, visual, language and communication) to people of all ages.<\/p>\n<p>&nbsp;<\/p>\n<div class=\"highlight-box\">\n<p><span style=\"color: #ff0000;\"><strong>*<\/strong><\/span>In June 2023, as part of the renewal of the commitment of CRIR&#8217;s four administrator members, the name was changed from <strong>Pole universitaire de r\u00e9adaptation (PUR)<\/strong> to<strong> Comit\u00e9 de gouvernance du CRIR (CGC).\u00a0<\/strong>The PUR was created by CRIR&#8217;s four founding members in 2000.<\/p>\n<ul>\n<li><a href=\"https:\/\/crir.ca\/nos-nouvelles\/communique-les-partenaires-fondateurs-du-crir-renouvellent-leur-entente-de-collaboration\/\" target=\"_blank\" rel=\"noopener\">Read the Press Release | November 24, 2023: Les partenaires fondateurs du CRIR renouvellent leur entente de collaboration<\/a><\/li>\n<\/ul>\n<\/div>\n","protected":false},"excerpt":{"rendered":"<p>&nbsp; The Comit\u00e9 de gouvernance du CRIR (CGC)*\u00a0has ensured the collaborative governance of Centre for Interdisciplinary Research in Rehabilitation of Greater Montreal (CRIR) and it is an association of four administrator CISSS\/CIUSSS (Centre int\u00e9gr\u00e9 de sant\u00e9 et de services sociaux&#8230;<br \/><a href=\"https:\/\/crir.ca\/en\/about\/about-cgc\/\" class=\"read-more btn\">Read more <span class=\"sr-only\">about The Comit\u00e9 de gouvernance du CRIR (CGC)<\/span><\/a><\/p>\n","protected":false},"author":1,"featured_media":0,"parent":85,"menu_order":0,"comment_status":"closed","ping_status":"closed","template":"","meta":{"_acf_changed":false,"footnotes":""},"class_list":["post-1329","page","type-page","status-publish","hentry"],"acf":[],"_links":{"self":[{"href":"https:\/\/crir.ca\/en\/wp-json\/wp\/v2\/pages\/1329","targetHints":{"allow":["GET"]}}],"collection":[{"href":"https:\/\/crir.ca\/en\/wp-json\/wp\/v2\/pages"}],"about":[{"href":"https:\/\/crir.ca\/en\/wp-json\/wp\/v2\/types\/page"}],"author":[{"embeddable":true,"href":"https:\/\/crir.ca\/en\/wp-json\/wp\/v2\/users\/1"}],"replies":[{"embeddable":true,"href":"https:\/\/crir.ca\/en\/wp-json\/wp\/v2\/comments?post=1329"}],"version-history":[{"count":25,"href":"https:\/\/crir.ca\/en\/wp-json\/wp\/v2\/pages\/1329\/revisions"}],"predecessor-version":[{"id":23887,"href":"https:\/\/crir.ca\/en\/wp-json\/wp\/v2\/pages\/1329\/revisions\/23887"}],"up":[{"embeddable":true,"href":"https:\/\/crir.ca\/en\/wp-json\/wp\/v2\/pages\/85"}],"wp:attachment":[{"href":"https:\/\/crir.ca\/en\/wp-json\/wp\/v2\/media?parent=1329"}],"curies":[{"name":"wp","href":"https:\/\/api.w.org\/{rel}","templated":true}]}}