{"id":1332,"date":"2017-06-28T23:39:38","date_gmt":"2017-06-29T03:39:38","guid":{"rendered":"https:\/\/crir.ca\/?page_id=1332"},"modified":"2026-02-17T16:00:24","modified_gmt":"2026-02-17T21:00:24","slug":"administrators-cgc","status":"publish","type":"page","link":"https:\/\/crir.ca\/en\/about\/about-cgc\/administrators-cgc\/","title":{"rendered":"Administrators | CGC"},"content":{"rendered":"<h3><a href=\"https:\/\/crir.ca\/wp-content\/uploads\/2025\/09\/Calendrier-reunions-2025-2026_A.pdf\">MEETING CALENDAR 2025-2026<\/a><\/h3>\n<h2><strong>Co-president<br \/>\n<\/strong><\/h2>\n<p><strong>RODRIGUE, Clo\u00e9<\/strong><br \/>\n<span style=\"color: #000000; font-size: 14.4px;\">Director of University Education and Research<\/span><br style=\"color: #000000; font-size: 14.4px;\" \/><span style=\"color: #000000; font-size: 14.4px;\">CIUSSS du Centre-Sud-de-l&#8217;\u00cele-de-Montr\u00e9al<\/span><br style=\"color: #000000; font-size: 14.4px;\" \/><span style=\"color: #000000; font-size: 14.4px;\">66, Sainte-Catherine Street East, Montreal, Quebec H2X 1K6<\/span><br \/>\n<span style=\"font-size: 14.4px;\">Phone: 514 527-9565 (3080)<\/span><\/p>\n<h2><strong>Co-President<\/strong><\/h2>\n<p><strong style=\"font-size: 14.4px;\">LATTAS, Mary<\/strong><br style=\"font-size: 14.4px;\" \/><span style=\"font-size: 14.4px;\">Director of Rehabilitation and Multidisciplinary Services<\/span><br style=\"font-size: 14.4px;\" \/><span style=\"font-size: 14.4px;\">CIUSSS du Centre-Ouest-de-l\u2019\u00cele-de-Montr\u00e9al<\/span><br style=\"font-size: 14.4px;\" \/><span style=\"font-size: 14.4px;\">8160 chemin Royden, Ville Mont-Royal, Quebec H4P 2T2<\/span><br style=\"font-size: 14.4px;\" \/><span style=\"font-size: 14.4px;\">Phone\u00a0:\u00a0514\u00a0345-0212 (135)<\/span><\/p>\n<p>&nbsp;<\/p>\n<p><strong>COUTURE, Audrey &#8211; by interim<\/strong><br \/>\nProgram Director \u2013 DI-TSA-DP-DV<br \/>\nCISSS de la Mont\u00e9r\u00e9gie-Centre \u2014 Institut Nazareth et Louis-Braille<br \/>\n1111, Saint-Charles Street West, Longueuil, Quebec J4K 5G4<br \/>\nPhone: 450 463-1710 (422)<br \/>\nFax: 450 463-1771<\/p>\n<p><strong>DESROSIERS, Fran\u00e7ois<\/strong><br \/>\nProgram Director \u2013 DI-TSA-DP<br \/>\nCISSS de Lanaudi\u00e8re \u2014 CRDP<br \/>\n1075, Firestone Blvd, Joliette, Quebec J6E 6X6<br \/>\nPhone: 450 755-2741 (2325)<\/p>\n<p><strong>LAVOIE, St\u00e9phanie<\/strong><br \/>\nProgram Director \u2013 DI-TSA-DP<br \/>\nCISSS de Laval<br \/>\n304, Cartier Blvd West, Office 246, Laval, Quebec H7N 2J2<br \/>\nPhone: 450 972-2099 (42005)<\/p>\n<p><strong>LAVOIE, V\u00e9ronique<br \/>\n<\/strong>Program Director \u2013 DI-TSA-DP<br \/>\nCIUSSS du Centre-Sud-de-l\u2019Ile-de-Montr\u00e9al \u2014 IURDPM (Gingras, Laurier, Lindsay)<br \/>\n2275, Laurier Avenue East, Montreal, Quebec H2H 2N8<br \/>\nPhone: 514 527-4527<\/p>\n<p><strong>NGUYEN, To Nhu<\/strong><br \/>\nDirector of Learning Partnerships and Knowledge Activation<br \/>\nCIUSSS West-Central Montreal \u2014 CLSC Ren\u00e9-Cassin<br \/>\n3755 chemin de la C\u00f4te Ste-Catherine, Montreal, Quebec H3T 1E2<br \/>\nPhone: 514 484-7878 (1439)<\/p>\n<p><strong>SIMARD, Isabelle<\/strong><br \/>\nCoordinator of Professional Practices<br \/>\nCISSS de Laval \u2014 H\u00f4pital de la Cit\u00e9-de-la-Sant\u00e9<br \/>\n1755, Ren\u00e9-Laennec Blvd, # DS-087, Laval, Quebec H7M 3L9<br \/>\nPhone: 450 668-1010<\/p>\n<p><strong>FERGUSON, Nathalie<\/strong><br \/>\nProgram Director \u2013 DI-TSA-DP-DV<br \/>\nCISSS de la Mont\u00e9r\u00e9gie-Centre \u2014 Institut Nazareth et Louis-Braille<br \/>\n1111, Saint-Charles Street West, Longueuil, Quebec J4K 5G4<br \/>\nPhone: 450 463-1710 (422)<br \/>\nFax: 450 463-1771<\/p>\n<p>&nbsp;<\/p>\n<p>&nbsp;<\/p>\n<h2><strong>University representatives<\/strong><\/h2>\n<p><strong>CLOUTIER, Jean-Fran\u00e7ois<\/strong><br \/>\nVice-Dean, Research, Faculty of Medicine and Health Sciences<br \/>\nMcGill University<br \/>\n2001, McGill College Avenue, Montreal, Quebec H3A 1G1<\/p>\n<p><strong>M\u00c9NARD, Lucie<\/strong><br \/>\nAssociate Dean of Research<br \/>\nUniversit\u00e9 du Qu\u00e9bec \u00e0 Montr\u00e9al<br \/>\nP.O. Box 8888, Centre-ville Station, Montreal, Quebec H3C 3P8<br \/>\nPhone: 514 987-3000 (3515)<br \/>\nFax: 514 987-4328<\/p>\n<p><strong>KRITIKOU, Ekat<\/strong><br \/>\nVice-Dean of Research and Development<br \/>\nUniversit\u00e9 de Montr\u00e9al<br \/>\nP.O. Box 6128, Centre-ville Station, Montreal, Quebec H3C 3J7<\/p>\n<h2><strong>Crir&#8217;s direction<\/strong><\/h2>\n<p><strong>ARCHAMBAULT, Philippe<\/strong>\u00a0\u2014 CRIR Scientific Director<br \/>\nCentre for Interdisciplinary Research in Rehabilitation of Greater Montr\u00e9al<br \/>\n6363, Hudson Road, Lindsay Pavilion, Ground Floor (061)<br \/>\nMontr\u00e9al ,Qu\u00e9bec H3S 1M9<br \/>\nT\u00e9l\u00e9phone : 450 688-9550 (144832)<\/p>\n<p><strong>AUGER, Claudine<\/strong>\u00a0\u2014 CRIR Scientific Director<br \/>\nCentre for Interdisciplinary Research in Rehabilitation of Greater Montr\u00e9al<br \/>\n6363, Hudson Road, Lindsay Pavilion, Ground Floor (061)<br \/>\nMontr\u00e9al, Qu\u00e9bec H3S 1M9<br \/>\nPhone: 514 340-2085 (144718)<\/p>\n<p><strong>FILLION, Brigitte<\/strong> \u2014 Head of Department of CRIR<br \/>\nCentre for Interdisciplinary Research in Rehabilitation of Greater Montr\u00e9al<br \/>\n6363, Hudson Road, Lindsay Pavilion, Ground Floor (061)<br \/>\nMontr\u00e9al, Qu\u00e9bec H3S 1M9<br \/>\nPhone: 514 340-2085 (144782)<\/p>\n","protected":false},"excerpt":{"rendered":"<p>MEETING CALENDAR 2025-2026 Co-president RODRIGUE, Clo\u00e9 Director of University Education and ResearchCIUSSS du Centre-Sud-de-l&#8217;\u00cele-de-Montr\u00e9al66, Sainte-Catherine Street East, Montreal, Quebec H2X 1K6 Phone: 514 527-9565 (3080) Co-President LATTAS, MaryDirector of Rehabilitation and Multidisciplinary ServicesCIUSSS du Centre-Ouest-de-l\u2019\u00cele-de-Montr\u00e9al8160 chemin Royden, Ville Mont-Royal, Quebec&#8230;<br \/><a href=\"https:\/\/crir.ca\/en\/about\/about-cgc\/administrators-cgc\/\" class=\"read-more btn\">Read more <span class=\"sr-only\">about Administrators | CGC<\/span><\/a><\/p>\n","protected":false},"author":1,"featured_media":0,"parent":1329,"menu_order":1,"comment_status":"closed","ping_status":"closed","template":"","meta":{"_acf_changed":false,"footnotes":""},"class_list":["post-1332","page","type-page","status-publish","hentry"],"acf":[],"_links":{"self":[{"href":"https:\/\/crir.ca\/en\/wp-json\/wp\/v2\/pages\/1332","targetHints":{"allow":["GET"]}}],"collection":[{"href":"https:\/\/crir.ca\/en\/wp-json\/wp\/v2\/pages"}],"about":[{"href":"https:\/\/crir.ca\/en\/wp-json\/wp\/v2\/types\/page"}],"author":[{"embeddable":true,"href":"https:\/\/crir.ca\/en\/wp-json\/wp\/v2\/users\/1"}],"replies":[{"embeddable":true,"href":"https:\/\/crir.ca\/en\/wp-json\/wp\/v2\/comments?post=1332"}],"version-history":[{"count":12,"href":"https:\/\/crir.ca\/en\/wp-json\/wp\/v2\/pages\/1332\/revisions"}],"predecessor-version":[{"id":29363,"href":"https:\/\/crir.ca\/en\/wp-json\/wp\/v2\/pages\/1332\/revisions\/29363"}],"up":[{"embeddable":true,"href":"https:\/\/crir.ca\/en\/wp-json\/wp\/v2\/pages\/1329"}],"wp:attachment":[{"href":"https:\/\/crir.ca\/en\/wp-json\/wp\/v2\/media?parent=1332"}],"curies":[{"name":"wp","href":"https:\/\/api.w.org\/{rel}","templated":true}]}}