{"id":13459,"date":"2021-09-23T15:07:17","date_gmt":"2021-09-23T19:07:17","guid":{"rendered":"https:\/\/crir.ca\/laboratoire-de-recherche-sur-les-pratiques-adaptees-et-inclusives-en-danse-danser-comme-personne\/"},"modified":"2024-01-30T15:31:40","modified_gmt":"2024-01-30T20:31:40","slug":"dance-for-health-research-laboratory","status":"publish","type":"page","link":"https:\/\/crir.ca\/en\/research\/laboratories\/laboratories-2\/dance-for-health-research-laboratory\/","title":{"rendered":"Dance for Health Research Laboratory"},"content":{"rendered":"<h2>Description<\/h2>\n<p>This research lab focuses on dance for health. Its research program is focused on, but not limited to, the development, description, and evaluation of adapted dance interventions and programs, including both dance content and teaching pedagogy and their effects on various dimensions of health. Such dance interventions and programs call for collaborative processes that are both interdisciplinary and cross-sectoral in perspective.<\/p>\n<p>Objectives :<\/p>\n<ul>\n<li>Co-develop (tele)dance interventions and programs in collaboration with key stakeholders;<\/li>\n<li>Adapt dance by integrating scientific knowledge and experiences from different fields, while emphasizing its artistic dimension;<\/li>\n<li>Provide innovative dance solutions to complex problems in the health care field, particularly in rehabilitation;<\/li>\n<li>Describe and design dance interventions and programs for evaluative studies and knowledge transfer activities;<\/li>\n<li>Contribute to the education of dance, health, and community professionals in the area of adaptive and inclusive dance.<\/li>\n<\/ul>\n<p>The research program features projects aimed at several different clienteles, young and old, and dealing with various issues. An important place is given to the adaptation of dance for stroke rehabilitation, in the perspective of a continuum of care (from the acute phase to the social reintegration phase).<\/p>\n<p>&nbsp;<\/p>\n<h3><strong>KEY-WORDS<\/strong><\/h3>\n<p>Dance, teledance, health, pedagogy, living lab, intervention logic model, dance program, evaluation, participation, knowledge transfer, stroke.<\/p>\n<h3><\/h3>\n<p>&nbsp;<\/p>\n<h3><strong>MAIN RESEARCH EQUIPMENT\/INFRASTRUCTURE (IF APPLICABLE) AND LOCATION<\/strong><\/h3>\n<ul>\n<li>CIUSSS du Centre-Sud-de l\u2019\u00cfle-de-Montr\u00e9al : I<a href=\"https:\/\/ciusss-centresudmtl.gouv.qc.ca\/mission-universitaire\/designations-universitaires\/institut-universitaire-sur-la-readaptation-en-deficience-physique-de-montreal\/\">nstitut universitaire sur la r\u00e9adaptation en d\u00e9ficience physique de Montr\u00e9al<\/a>\u00a0(IURDPM)<\/li>\n<li>Universit\u00e9 du Qu\u00e9bec \u00e0 Montr\u00e9al (UQAM) &#8211; Dance Department<\/li>\n<\/ul>\n<p>&nbsp;<\/p>\n<h3>WEBSITE<\/h3>\n<p><a href=\"https:\/\/crir.ca\/en\/member\/lucie-beaudry-phd\/\" target=\"_blank\" rel=\"noopener\">CRIR RESEARCHER<\/a><\/p>\n<p>&nbsp;<\/p>\n<h2>Axis and research theme<\/h2>\n<ul>\n<li>AXIS 2: Participation, social inclusion and rehabilitation services<\/li>\n<li>THEME 2: Services, Systems and Policy<\/li>\n<\/ul>\n<p>&nbsp;<\/p>\n<h2>Research team<\/h2>\n<p><a href=\"https:\/\/crir.ca\/en\/member\/lucie-beaudry-phd\/\">Lucie Beaudry<\/a>, Ph.D., M.A., MSME\/T, RSDE<\/p>\n<p><img loading=\"lazy\" decoding=\"async\" class=\"alignnone wp-image-22088\" src=\"https:\/\/crir.ca\/wp-content\/uploads\/2024\/01\/Beaudry_Lucie_CRIR_2024-300x268.jpg\" alt=\"\" width=\"225\" height=\"201\" srcset=\"https:\/\/crir.ca\/wp-content\/uploads\/2024\/01\/Beaudry_Lucie_CRIR_2024-300x268.jpg 300w, https:\/\/crir.ca\/wp-content\/uploads\/2024\/01\/Beaudry_Lucie_CRIR_2024-1024x915.jpg 1024w, https:\/\/crir.ca\/wp-content\/uploads\/2024\/01\/Beaudry_Lucie_CRIR_2024-768x686.jpg 768w, https:\/\/crir.ca\/wp-content\/uploads\/2024\/01\/Beaudry_Lucie_CRIR_2024-24x21.jpg 24w, https:\/\/crir.ca\/wp-content\/uploads\/2024\/01\/Beaudry_Lucie_CRIR_2024-36x32.jpg 36w, https:\/\/crir.ca\/wp-content\/uploads\/2024\/01\/Beaudry_Lucie_CRIR_2024-48x43.jpg 48w, https:\/\/crir.ca\/wp-content\/uploads\/2024\/01\/Beaudry_Lucie_CRIR_2024.jpg 1153w\" sizes=\"auto, (max-width: 225px) 100vw, 225px\" \/><br \/>\n<span style=\"font-size: 0.9em;\">(photo credit: UQAM\/\u00c9milie Tournevache)<\/span><\/p>\n<p>&nbsp;<\/p>\n<h2>Contact information<\/h2>\n<p><strong>Dance Department<\/strong><br \/>\n<strong>Universit\u00e9 du Qu\u00e9bec \u00e0 Montr\u00e9al (UQAM)<\/strong><br \/>\n840 Cherrier Street<br \/>\nMontreal (Quebec) H2L 1H4<br \/>\nTelephone : 514 987 3000 (5512)<br \/>\nEmail : beaudry.lucie@uqam.ca<\/p>\n<p><strong>CRIR-Institut universitaire sur la r\u00e9adaptation en d\u00e9ficience physique de Montr\u00e9al (IURDPM), Lindsay Pavilion<\/strong><br \/>\nCIUSSS du Centre-Sud-de-l\u2019\u00cele-de-Montr\u00e9al<br \/>\n6363, Hudson Road<br \/>\nMontreal QC H3S 1M9<\/p>\n","protected":false},"excerpt":{"rendered":"<p>Description This research lab focuses on dance for health. Its research program is focused on, but not limited to, the development, description, and evaluation of adapted dance interventions and programs, including both dance content and teaching pedagogy and their effects&#8230;<br \/><a href=\"https:\/\/crir.ca\/en\/research\/laboratories\/laboratories-2\/dance-for-health-research-laboratory\/\" class=\"read-more btn\">Read more <span class=\"sr-only\">about Dance for Health Research Laboratory<\/span><\/a><\/p>\n","protected":false},"author":23,"featured_media":0,"parent":3602,"menu_order":2,"comment_status":"closed","ping_status":"closed","template":"","meta":{"_acf_changed":false,"footnotes":""},"class_list":["post-13459","page","type-page","status-publish","hentry"],"acf":[],"_links":{"self":[{"href":"https:\/\/crir.ca\/en\/wp-json\/wp\/v2\/pages\/13459","targetHints":{"allow":["GET"]}}],"collection":[{"href":"https:\/\/crir.ca\/en\/wp-json\/wp\/v2\/pages"}],"about":[{"href":"https:\/\/crir.ca\/en\/wp-json\/wp\/v2\/types\/page"}],"author":[{"embeddable":true,"href":"https:\/\/crir.ca\/en\/wp-json\/wp\/v2\/users\/23"}],"replies":[{"embeddable":true,"href":"https:\/\/crir.ca\/en\/wp-json\/wp\/v2\/comments?post=13459"}],"version-history":[{"count":13,"href":"https:\/\/crir.ca\/en\/wp-json\/wp\/v2\/pages\/13459\/revisions"}],"predecessor-version":[{"id":22112,"href":"https:\/\/crir.ca\/en\/wp-json\/wp\/v2\/pages\/13459\/revisions\/22112"}],"up":[{"embeddable":true,"href":"https:\/\/crir.ca\/en\/wp-json\/wp\/v2\/pages\/3602"}],"wp:attachment":[{"href":"https:\/\/crir.ca\/en\/wp-json\/wp\/v2\/media?parent=13459"}],"curies":[{"name":"wp","href":"https:\/\/api.w.org\/{rel}","templated":true}]}}