{"id":13596,"date":"2021-09-29T15:47:33","date_gmt":"2021-09-29T19:47:33","guid":{"rendered":"https:\/\/crir.ca\/?page_id=13596"},"modified":"2022-02-09T10:53:14","modified_gmt":"2022-02-09T15:53:14","slug":"recruitment-archives","status":"publish","type":"page","link":"https:\/\/crir.ca\/en\/research\/participate-in-the-research\/recruitment-archives\/","title":{"rendered":"Recruitment Archives"},"content":{"rendered":"<ul>\n<li><a href=\"https:\/\/crir.ca\/en\/research\/participate-in-the-research\/recruitment-archives\/adaptation-et-validation-transculturelle-du-cooking-task-dans-le-contexte-du-quebec-une-evaluation-de-limpact-des-fonctions-executives-dans-une-activite-de-cuisine\/\">Adaptation et validation transculturelle du &#8220;cooking task&#8221; dans le contexte du Qu\u00e9bec, une \u00e9valuation de l&#8217;impact des fonctions ex\u00e9cutives dans une activit\u00e9 de cuisine <\/a>(Survey closed)<\/li>\n<li>\u00a0<a href=\"https:\/\/crir.ca\/en\/research\/participate-in-the-research\/recruitment-archives\/youth-young-adult-participation-and-environment-measure-y-pem\/\">Youth, Young Adult Participation and Environment Measure (Y-PEM)\u00a0<\/a>(Survey closed)<\/li>\n<\/ul>\n","protected":false},"excerpt":{"rendered":"<p>Adaptation et validation transculturelle du &#8220;cooking task&#8221; dans le contexte du Qu\u00e9bec, une \u00e9valuation de l&#8217;impact des fonctions ex\u00e9cutives dans une activit\u00e9 de cuisine (Survey closed) \u00a0Youth, Young Adult Participation and Environment Measure (Y-PEM)\u00a0(Survey closed)<\/p>\n","protected":false},"author":1,"featured_media":0,"parent":1277,"menu_order":13,"comment_status":"closed","ping_status":"closed","template":"","meta":{"_acf_changed":false,"footnotes":""},"class_list":["post-13596","page","type-page","status-publish","hentry"],"acf":[],"_links":{"self":[{"href":"https:\/\/crir.ca\/en\/wp-json\/wp\/v2\/pages\/13596","targetHints":{"allow":["GET"]}}],"collection":[{"href":"https:\/\/crir.ca\/en\/wp-json\/wp\/v2\/pages"}],"about":[{"href":"https:\/\/crir.ca\/en\/wp-json\/wp\/v2\/types\/page"}],"author":[{"embeddable":true,"href":"https:\/\/crir.ca\/en\/wp-json\/wp\/v2\/users\/1"}],"replies":[{"embeddable":true,"href":"https:\/\/crir.ca\/en\/wp-json\/wp\/v2\/comments?post=13596"}],"version-history":[{"count":6,"href":"https:\/\/crir.ca\/en\/wp-json\/wp\/v2\/pages\/13596\/revisions"}],"predecessor-version":[{"id":14869,"href":"https:\/\/crir.ca\/en\/wp-json\/wp\/v2\/pages\/13596\/revisions\/14869"}],"up":[{"embeddable":true,"href":"https:\/\/crir.ca\/en\/wp-json\/wp\/v2\/pages\/1277"}],"wp:attachment":[{"href":"https:\/\/crir.ca\/en\/wp-json\/wp\/v2\/media?parent=13596"}],"curies":[{"name":"wp","href":"https:\/\/api.w.org\/{rel}","templated":true}]}}