{"id":1366,"date":"2017-05-10T17:21:01","date_gmt":"2017-05-10T21:21:01","guid":{"rendered":"https:\/\/crir.ca\/?page_id=1366"},"modified":"2026-04-22T11:16:54","modified_gmt":"2026-04-22T15:16:54","slug":"site-personnel-2","status":"publish","type":"page","link":"https:\/\/crir.ca\/en\/about\/our-team\/site-personnel-2\/","title":{"rendered":"Site Personnel"},"content":{"rendered":"<h2>CISSS de la Mont\u00e9r\u00e9gie-Centre<\/h2>\n<h3><span style=\"color: #003366;\"><strong>Institut Nazareth et Louis-Braille<\/strong><\/span><\/h3>\n<h4><span style=\"color: #808000;\">site director<\/span><\/h4>\n<ul>\n<li><strong><a href=\"https:\/\/crir.ca\/en\/members-and-health-care-professional\/full-members\/walter-wittich-ph-d\/\">WITTICH<\/a>, Walter<\/strong>, Ph.D.<em><br \/>\n<\/em><a href=\"mailto:walter.wittich@umontreal.ca\">walter.wittich@umontreal.ca<\/a><\/li>\n<\/ul>\n<h4><span style=\"color: #808000;\">Head of service<\/span><\/h4>\n<ul>\n<li><strong><span data-olk-copy-source=\"MessageBody\">COUTURE, Audrey\u00a0<\/span><\/strong><strong><br \/>\n<\/strong>Research director &#8211; Acting<br \/>\nPhone: 450 466-5000 (2636)<br \/>\n<a href=\"audrey.couture.cisssmc16@ssss.gouv.qc.ca\">audrey.couture.cisssmc16@ssss.gouv.qc.ca<\/a><\/li>\n<\/ul>\n<h4><span style=\"color: #808000;\">clinical research Coordinator<\/span><\/h4>\n<ul>\n<li><strong>BEAUDOIN, Ana\u00ebl<\/strong><strong><br \/>\n<\/strong>Planning, Programming, and Research Agent<br \/>\n<a href=\"mailto:anael.beaudoin.cisssmc16@ssss.gouv.qc.ca\">anael.beaudoin.cisssmc16@ssss.gouv.qc.ca<\/a><\/li>\n<li><strong>MERCIER-NICOL, Sarah <\/strong>(maternity leave | return: February 2027)<strong><br \/>\n<\/strong>Planification, Programming and Research Agent<br \/>\nPhone : 450 463-1710<br \/>\n<a href=\"mailto:sarah.mercier-nicol.cisssmc16@ssss.gouv.qc.ca\">sarah.mercier-nicol.cisssmc16@ssss.gouv.qc.ca<\/a><\/li>\n<\/ul>\n<h4><span style=\"color: #808000;\">support Personnel<\/span><\/h4>\n<ul>\n<li><strong>DESNOYER, Am\u00e9lie<br \/>\n<\/strong>Planification, Programming and Research Agent<a href=\"mailto:amelie.desnoyers.inlb@ssss.gouv.qc.ca\">amelie.desnoyers.inlb@ssss.gouv.qc.ca<\/a><\/li>\n<\/ul>\n<hr \/>\n<h2>CISSS de Laval<\/h2>\n<h3><span style=\"color: #003366;\"><strong>Jewish Rehabilitation Hospital<\/strong><\/span><\/h3>\n<h4><span style=\"color: #808000;\">site Director<\/span><\/h4>\n<ul>\n<li><strong><a href=\"https:\/\/crir.ca\/en\/member\/eva-kehayia-ph-d\/\">KEHAYIA<\/a>, Eva<\/strong>, Ph.D.<br \/>\n<a href=\"mailto:eva.kehayia@mcgill.ca\">eva.kehayia@mcgill.ca<\/a><\/li>\n<\/ul>\n<ul>\n<li><strong><a href=\"https:\/\/crir.ca\/chercheurs-et-intervenants\/chercheurs-reguliers\/marc-roig-pull-ph-d\/\">ROIG PULL<\/a>, Marc<\/strong>, Ph.D.<br \/>\n<a href=\"mailto:marc.roigpull@mcgill.ca\">marc.roigpull@mcgill.ca<\/a><\/li>\n<\/ul>\n<h4><span style=\"color: #808000;\">Head of service<\/span><\/h4>\n<ul>\n<li><b>Vacant<\/b><br \/>\nAssistant to the Director<br \/>\nPhone: 450 668-1010<br \/>\n<a href=\"mailto:\">mailto:<\/a><\/li>\n<li><strong>AZEVEDO, Nancy<\/strong>, Ph.D.<br \/>\nCoordinator of Research Center<br \/>\nPlanification, Programming and Research Agent<br \/>\nPhone: 450 688-9550 (84301)<br \/>\n<a href=\"mailto:nancy.azevedo.cissslav@ssss.gouv.qc.ca\">nancy.azevedo.cissslav@ssss.gouv.qc.ca<\/a><\/li>\n<\/ul>\n<h4><span style=\"color: #808000;\">Institutional Researcher<\/span><\/h4>\n<ul>\n<li><strong><a href=\"https:\/\/crir.ca\/en\/member\/tatiana-ogourtsova-ph-d-ot\/\">OGOURTSOVA<\/a>, Tatiana<\/strong>, Ph.D.<br \/>\nInstitutional Researcher<br \/>\nPhone: 450 668-9550 (84165)<br \/>\n<a href=\"mailto:tatiana.ogourtsova@mail.mcgill.ca\">tatiana.ogourtsova@mail.mcgill.ca<\/a><\/li>\n<\/ul>\n<h4><span style=\"color: #808000;\">Clinical research Coordinator<\/span><\/h4>\n<ul>\n<li><strong>CARRILLO SIMON, Mireia\u00a0<\/strong><br \/>\nPlanning, Programming and Research Officer<br \/>\nPhone : 450 688-9550 (84189)<br \/>\n<a href=\"mailto:mireia.carrillo.cissslav@ssss.gouv.qc.ca\">mireia.carrillo.cissslav@ssss.gouv.qc.ca<\/a><\/li>\n<\/ul>\n<h4><span style=\"color: #808000;\">Support Personnel<\/span><\/h4>\n<ul>\n<li><strong>GKETSOU, Angeliki<\/strong><br \/>\nAdministrative Agent<br \/>\nPhone: 450 668-9550 (84302)<br \/>\n<a href=\"mailto:angeliki.gketsou.cissslav@ssss.gouv.qc.ca\">angeliki.gketsou.cissslav@ssss.gouv.qc.ca<\/a><\/li>\n<li><strong>NGUIADEM, Clautilde<\/strong>, Ph.D.<br \/>\nBiomedical Engineer<br \/>\nPhone: 450 668-9550 (84303)<br \/>\n<a href=\"mailto:clautilde.nguiadem@affiliate.mcgill.ca\">clautilde.nguiadem@affiliate.mcgill.ca<\/a><\/li>\n<li><strong>ROSE, Vira<\/strong><br \/>\nAdministrative Agent<br \/>\nPhone: 450 688-9550 (84300)<br \/>\nFax: 450 688-3673<br \/>\n<a href=\"mailto:vrose_hjr@ssss.gouv.qc.ca\">vrose_hjr@ssss.gouv.qc.ca<\/a><\/li>\n<li><strong>BEAUDOIN, Christian<\/strong><br \/>\nComputer IT analyst \/ programmer<br \/>\nPhone: 450 688-9550 (84303)<br \/>\nc<a href=\"mailto:beaudoin_hjr@ssss.gouv.qc.ca\">beaudoin_hjr@ssss.gouv.qc.ca<\/a><\/li>\n<li><strong>GOURDOU, Philippe<\/strong><br \/>\nComputer IT analyst \/ programmer<br \/>\nPhone: 450 688-9550 (84303)<br \/>\n<a href=\"mailto:philippe.gourdou.ccsmtl@ssss.gouv.qc.ca\">philippe.gourdou.ccsmtl@ssss.gouv.qc.ca<\/a><\/li>\n<li><strong>SANGANI, Samir<\/strong>, Ph.D.<br \/>\nBiomedical Engineer<br \/>\n<a href=\"mailto:samir.sangani.cissslav@ssss.gouv.qc.ca\">samir.sangani.cissslav@ssss.gouv.qc.ca<\/a><\/li>\n<\/ul>\n<hr \/>\n<h2>CIUSSS du Centre-Sud-de-l&#8217;\u00cele-de-Montr\u00e9al\u00a0\u2013<\/h2>\n<h3><span style=\"color: #003366;\"><strong>Institut universitaire sur la r\u00e9adaptation en d\u00e9ficience physique de Montr\u00e9al (IURDPM)<\/strong><\/span><\/h3>\n<h4><span style=\"color: #808000;\">site Directors<\/span><\/h4>\n<ul>\n<li><strong><a href=\"https:\/\/crir.ca\/en\/member\/dorothy-barthelemy-pht-ph-d\/\">BARTH\u00c9LEMY<\/a>, Dorothy<\/strong>, Ph.D.<br \/>\n<em>Cr\u00e9neau: Mobility<br \/>\n<\/em><a href=\"mailto:dorothy.barthelemy@umontreal.ca\">dorothy.barthelemy@umontreal.ca<\/a><\/li>\n<li><strong><a href=\"https:\/\/crir.ca\/en\/member\/stefano-rezzonico-ph-d\/\">REZZONICO<\/a>, Stefano<\/strong>, Ph.D.<br \/>\n<em>Cr\u00e9neau:\u00a0Communications<br \/>\n<\/em><a href=\"mailto:stefano.rezzonico@umontreal.ca\">stefano.rezzonico@umontreal.ca<\/a><\/li>\n<li><strong><a href=\"https:\/\/crir.ca\/en\/member\/dahlia-kairy-pht-ph-d\/\">KAIRY<\/a>, Dahlia<\/strong>, Ph.D.<br \/>\n<em>Cr\u00e9neau: Environmental<br \/>\n<\/em><a href=\"mailto:dahlia.kairy@umontreal.ca\">dahlia.kairy@umontreal.ca<\/a><\/li>\n<\/ul>\n<h4><span style=\"color: #808000;\">Head of service<\/span><\/h4>\n<ul>\n<li><strong><a href=\"https:\/\/crir.ca\/en\/member\/manon-parisien-erg-m-sc\/\">PARISIEN<\/a>, Manon<\/strong>, erg., M.Sc.<br \/>\nDirection de l&#8217;enseignement universitaire et de la recherche (DEUR)<em><br \/>\n<\/em><a href=\"mailto:manon.parisien.ccsmtl@ssss.gouv.qc.ca\">manon.parisien.ccsmtl@ssss.gouv.qc.ca<\/a><\/li>\n<\/ul>\n<h4><span style=\"color: #808000;\">Institutional Researcher<\/span><\/h4>\n<ul>\n<li><b><a href=\"https:\/\/crir.ca\/chercheurs-et-intervenants\/chercheurs-reguliers\/diana-zidarov-pht-ph-d\/\">ZIDAROV<\/a>, Diana<\/b>, Ph.D.<br \/>\nDirection de l&#8217;enseignement universitaire et de la recherche (DEUR)<em><br \/>\n<\/em><a href=\"mailto:diana.zidarov.ccsmtl@ssss.gouv.qc.ca\">diana.zidarov.ccsmtl@ssss.gouv.qc.ca<\/a><\/li>\n<\/ul>\n<h4><span style=\"color: #808000;\">clinical research Coordinator<\/span><\/h4>\n<ul>\n<li><strong>AKR\u00c9MI, Haifa<\/strong><br \/>\n<a href=\"mailto:haifa.akremi.ccsmtl@ssss.gouv.qc.ca\">haifa.akremi.ccsmtl@ssss.gouv.qc.ca<\/a><\/li>\n<li><strong>JELENIC, Patricia<\/strong><br \/>\n<a href=\"mailto:patricia.jelenic.ccsmtl@ssss.gouv.qc.ca\">patricia.jelenic.ccsmtl@ssss.gouv.qc.ca<\/a><\/li>\n<li><b>PAZZOTO CACCIARI, Licia<\/b><br \/>\n<a href=\"mailto:licia.pazzoto.cacciari.ccsmtl@ssss.gouv.qc.ca\">licia.pazzoto.cacciari.ccsmtl@ssss.gouv.qc.ca<\/a><\/li>\n<\/ul>\n<h4><span style=\"color: #808000;\">Support Personnel<\/span><\/h4>\n<ul>\n<li><strong>BENTATA, Mourad<br \/>\n<\/strong>Administrative Technician<br \/>\nPhone: 514 340-2111 (142779)<br \/>\n<a href=\"mailto:mourad.bentata.ccsmtl@ssss.gouv.qc.ca\">mourad.bentata.ccsmtl@ssss.gouv.qc.ca<\/a><\/li>\n<li><strong>EDDAAL, Karim<\/strong><br \/>\n<span class=\"cf0\">Biomedical Engineering Technician<\/span><br \/>\n<span class=\"x_x_x_elementToProof x_ContentPasted0\">Phone: <span class=\"x_ContentPasted2\">514 340 2085 (poste)<\/span><br \/>\n<\/span><!--StartFragment --><a href=\"mailto:karim.eddaal.ccsmtl@ssss.gouv.qc.ca\"><span class=\"cf0\">karim.eddaal.ccsmtl@ssss.gouv.qc.ca<\/span><\/a><\/li>\n<li><strong><b>EDOUARZIN, Guerda<\/b><br \/>\n<\/strong>Administrative Agent<br \/>\n<em>Lindsay Pavilion<\/em><br \/>\nPhone: 514 340-2085 (144710)<br \/>\n<a href=\"mailto:guerda.edouarzin.ccsmtl@ssss.gouv.qc.ca\"><span class=\"cf0\">guerda.edouarzin.ccsmtl@ssss.gouv.qc.ca<\/span><\/a><\/li>\n<li><b>EL KHAMLICHI, Y<span class=\"x_x_x_elementToProof x_ContentPasted0\">oussef<\/span><\/b><span class=\"x_x_x_elementToProof x_ContentPasted0\">, M. Ing,<\/span><b><span class=\"x_x_x_elementToProof x_ContentPasted0\"><br \/>\n<\/span><\/b><span class=\"x_x_x_elementToProof x_ContentPasted0\">Biomedical engineer<br \/>\nPhone: <span class=\"x_ContentPasted2\">514 340-2111 (143416)<\/span><br \/>\n<a href=\"mailto:youssef.el-khamlichi.ccsmtl@ssss.gouv.qc.ca\">youssef.el-khamlichi.ccsmtl@ssss.gouv.qc.ca<\/a><\/span><\/li>\n<li><b>GOURDOU, Philippe<\/b>, M. Sc. et M. Ing.<br \/>\nTechnology Project Manager<br \/>\n<span class=\"x_x_x_elementToProof x_ContentPasted0\">Phone<\/span>: <span class=\"x_ContentPasted2\">514 340-2111 (143015)<\/span><br \/>\n<a href=\"mailto:philippe.gourdou.ccsmtl@ssss.gouv.qc.ca\">philippe.gourdou.ccsmtl@ssss.gouv.qc.ca<\/a><\/li>\n<li><b>L\u00c9TOURNEAU-DESJARDINS, Vincent<\/b><br \/>\nQualitative research agent<br \/>\nPhone: 514 340-2085 (144712)<em><br \/>\n<\/em><a href=\"mailto:vincent.letourneau-desjardins.ccsmtl@ssss.gouv.qc.ca\">vincent.letourneau-desjardins.ccsmtl@ssss.gouv.qc.ca<\/a><\/li>\n<li><strong>TERTULIEN, Ginette<br \/>\n<\/strong>Administrative Agent<br \/>\n<em>Gingras Paviion<\/em><br \/>\nPhone: 514 340-2085 (142441 or 142425)<br \/>\n<a href=\"mailto:ginette.tertulien.ccsmtl@ssss.gouv.qc.ca\">ginette.tertulien.ccsmtl@ssss.gouv.qc.ca<\/a><\/li>\n<\/ul>\n<hr \/>\n<h2>CIUSSS West-Central Montreal \u2013<\/h2>\n<h3><span style=\"color: #003366;\"><strong>Lethbridge-Layton-Mackay Rehabilitation Centre<\/strong><\/span><\/h3>\n<h4><span style=\"color: #808000;\">site Directors<\/span><\/h4>\n<ul>\n<li><strong><a href=\"https:\/\/crir.ca\/en\/members-and-health-care-professional\/full-members\/sara-ahmed-pht-ph-d\/\">AHMED<\/a>, Sara<\/strong>, Ph.D.<br \/>\n<em>Constance-Lethbridge Site<\/em><em><br \/>\n<\/em><a href=\"mailto:sara.ahmed@mcgill.ca\">sara.ahmed@mcgill.ca<\/a><\/li>\n<li><strong><a href=\"https:\/\/crir.ca\/en\/members-and-health-care-professional\/full-members\/walter-wittich-ph-d\/\">WITTICH<\/a>, Walter<\/strong>, Ph.D.<strong><br \/>\n<\/strong><em>Pavillon Layton-Mackay<\/em><em><br \/>\n<\/em><a href=\"mailto:walter.wittich@umontreal.ca\">walter.wittich@umontreal.ca<\/a><\/li>\n<\/ul>\n<h4><span style=\"color: #808000;\">Head of service<\/span><\/h4>\n<ul>\n<li><b>FAUST, Andrea<\/b><br \/>\nProgram Manager<br \/>\nDepartment of Academic Affairs and Research Ethics<br \/>\nPhone: 514-488-5552 # 1112<br \/>\n<a href=\"mailto:a.guindon.clethb@ssss.gouv.qc.ca\"><span data-olk-copy-source=\"MessageBody\">andrea.faust.ccomtl@ssss.gouv.qc.ca<\/span><\/a><\/li>\n<\/ul>\n<h4><span style=\"color: #808000;\">Institutional Researcher<\/span><\/h4>\n<ul>\n<li><strong><a href=\"https:\/\/crir.ca\/en\/member\/frederique-poncet-erg-ph-d\/\"><strong style=\"font-size: 14.4px;\">PONCET<\/strong><\/a>, Fr\u00e9d\u00e9rique<\/strong>, Ph.D.<br \/>\n<a href=\"mailto:frederique.poncet.ccomtl@ssss.gouv.qc.ca\">frederique.poncet.ccomtl@ssss.gouv.qc.ca<\/a><\/li>\n<\/ul>\n<h4><span style=\"color: #808000;\">clinical research Coordinators<\/span><\/h4>\n<ul>\n<li><strong>HOSSENBACCUS, Mushirah<br \/>\n<\/strong>Project manager<strong><br \/>\n<\/strong>Academic Affairs<strong><br \/>\n<a href=\"mailto:mushirah.hossenbaccus@mail.mcgill.ca\">mushirah.hossenbaccus@mail.mcgill.ca<\/a><\/strong><\/li>\n<li><b><a href=\"https:\/\/crir.ca\/en\/member\/robillard-chantal-ph-d\/\">ROBILLARD<\/a>, Chantal<\/b><br \/>\nTeam manager<br \/>\nClinical research coordinators &#8211; Site MAB-Mackay<br \/>\nDirection of Academics Affairs<br \/>\nPhone: 514 488-5552 (1128)<br \/>\n<a href=\"mailto:chantal.robillard.mab@ssss.gouv.qc.ca\">chantal.robillard.mab@ssss.gouv.qc.ca<\/a><em><br \/>\n<\/em><\/li>\n<\/ul>\n<h4><span style=\"color: #808000;\">Support Personnel<\/span><\/h4>\n<ul>\n<li><strong>ABBADI, Naima<br \/>\n<\/strong>Planning, Programming and Research Officer<br \/>\n<strong><a href=\"mailto:naima.abbadi.ccomtl@ssss.gouv.qc.ca\">naima.abbadi.ccomtl@ssss.gouv.qc.ca<\/a><\/strong><\/li>\n<\/ul>\n<hr \/>\n","protected":false},"excerpt":{"rendered":"<p>CISSS de la Mont\u00e9r\u00e9gie-Centre Institut Nazareth et Louis-Braille site director WITTICH, Walter, Ph.D. walter.wittich@umontreal.ca Head of service COUTURE, Audrey\u00a0 Research director &#8211; Acting Phone: 450 466-5000 (2636) audrey.couture.cisssmc16@ssss.gouv.qc.ca clinical research Coordinator BEAUDOIN, Ana\u00ebl Planning, Programming, and Research Agent anael.beaudoin.cisssmc16@ssss.gouv.qc.ca MERCIER-NICOL,&#8230;<br \/><a href=\"https:\/\/crir.ca\/en\/about\/our-team\/site-personnel-2\/\" class=\"read-more btn\">Read more <span class=\"sr-only\">about Site Personnel<\/span><\/a><\/p>\n","protected":false},"author":1,"featured_media":0,"parent":1357,"menu_order":2,"comment_status":"closed","ping_status":"closed","template":"","meta":{"_acf_changed":false,"footnotes":""},"class_list":["post-1366","page","type-page","status-publish","hentry"],"acf":[],"_links":{"self":[{"href":"https:\/\/crir.ca\/en\/wp-json\/wp\/v2\/pages\/1366","targetHints":{"allow":["GET"]}}],"collection":[{"href":"https:\/\/crir.ca\/en\/wp-json\/wp\/v2\/pages"}],"about":[{"href":"https:\/\/crir.ca\/en\/wp-json\/wp\/v2\/types\/page"}],"author":[{"embeddable":true,"href":"https:\/\/crir.ca\/en\/wp-json\/wp\/v2\/users\/1"}],"replies":[{"embeddable":true,"href":"https:\/\/crir.ca\/en\/wp-json\/wp\/v2\/comments?post=1366"}],"version-history":[{"count":13,"href":"https:\/\/crir.ca\/en\/wp-json\/wp\/v2\/pages\/1366\/revisions"}],"predecessor-version":[{"id":29932,"href":"https:\/\/crir.ca\/en\/wp-json\/wp\/v2\/pages\/1366\/revisions\/29932"}],"up":[{"embeddable":true,"href":"https:\/\/crir.ca\/en\/wp-json\/wp\/v2\/pages\/1357"}],"wp:attachment":[{"href":"https:\/\/crir.ca\/en\/wp-json\/wp\/v2\/media?parent=1366"}],"curies":[{"name":"wp","href":"https:\/\/api.w.org\/{rel}","templated":true}]}}