{"id":1370,"date":"2017-05-10T17:21:23","date_gmt":"2017-05-10T21:21:23","guid":{"rendered":"https:\/\/crir.ca\/?page_id=1370"},"modified":"2024-02-21T11:06:09","modified_gmt":"2024-02-21T16:06:09","slug":"administrators-members-cgc","status":"publish","type":"page","link":"https:\/\/crir.ca\/en\/about\/about-cgc\/administrators-members-cgc\/","title":{"rendered":"Administrators members | CGC"},"content":{"rendered":"<p><img loading=\"lazy\" decoding=\"async\" class=\"alignright size-full wp-image-1160\" src=\"https:\/\/crir.ca\/wp-content\/uploads\/2017\/05\/logo-cisss-monteregie-centre.png\" alt=\"Logo - CISSS de la Mont\u00e9r\u00e9gie-Centre\" width=\"201\" height=\"80\" srcset=\"https:\/\/crir.ca\/wp-content\/uploads\/2017\/05\/logo-cisss-monteregie-centre.png 201w, https:\/\/crir.ca\/wp-content\/uploads\/2017\/05\/logo-cisss-monteregie-centre-24x10.png 24w, https:\/\/crir.ca\/wp-content\/uploads\/2017\/05\/logo-cisss-monteregie-centre-36x14.png 36w, https:\/\/crir.ca\/wp-content\/uploads\/2017\/05\/logo-cisss-monteregie-centre-48x19.png 48w\" sizes=\"auto, (max-width: 201px) 100vw, 201px\" \/><\/p>\n<h2>CISSS de la Mont\u00e9r\u00e9gie-Centre<\/h2>\n<h3><a href=\"http:\/\/www.inlb.qc.ca\/\" target=\"_blank\" rel=\"noopener\">Institut Nazareth et Louis-Braille<\/a><\/h3>\n<p>1111, Saint-Charles Street West<br \/>\nLongueuil (Qu\u00e9bec) \u00a0J4K 5G4<\/p>\n<p><strong>VEILLEUX, \u00c9tienne<br \/>\n<\/strong>Program Director \u2013 DI-TSA-DP-DV<br \/>\nPhone: 450\u00a0463-1710 (422)<br \/>\nFax: 450\u00a0463-1771<strong><br \/>\n<a href=\"mailto:etienne.veilleux.cssscclm16@ssss.gouv.qc.ca\">etienne.veilleux.cssscclm16@ssss.gouv.qc.ca<\/a><\/strong><\/p>\n<hr \/>\n<p><img loading=\"lazy\" decoding=\"async\" class=\"alignright wp-image-1151\" src=\"https:\/\/crir.ca\/wp-content\/uploads\/2017\/05\/CISSS_Laval_mm2c-300x141.jpg\" alt=\"Logo - CISSS de Laval\" width=\"219\" height=\"103\" srcset=\"https:\/\/crir.ca\/wp-content\/uploads\/2017\/05\/CISSS_Laval_mm2c-300x141.jpg 300w, https:\/\/crir.ca\/wp-content\/uploads\/2017\/05\/CISSS_Laval_mm2c-24x11.jpg 24w, https:\/\/crir.ca\/wp-content\/uploads\/2017\/05\/CISSS_Laval_mm2c-36x17.jpg 36w, https:\/\/crir.ca\/wp-content\/uploads\/2017\/05\/CISSS_Laval_mm2c-48x23.jpg 48w, https:\/\/crir.ca\/wp-content\/uploads\/2017\/05\/CISSS_Laval_mm2c.jpg 442w\" sizes=\"auto, (max-width: 219px) 100vw, 219px\" \/><\/p>\n<h2>CISSS de Laval<\/h2>\n<h3><a href=\"http:\/\/www.lavalensante.com\/en\/jewish-rehabilitation-hospital\/\">Jewish Rehabilitation Hospital<\/a><\/h3>\n<p>3205, Alton-Golbloom Place<br \/>\nLaval (Qu\u00e9bec) \u00a0H7V 1R2<\/p>\n<p><strong>LAVOIE, St\u00e9phanie<\/strong><br \/>\nProgram Director \u2013 DI-TSA-DP<br \/>\n308, Cartier Blvd West, Office 246<br \/>\nLaval (Qu\u00e9bec) \u00a0H7N 2J2<br \/>\nPhone: 450 668-1010 (42005)<\/p>\n<hr \/>\n<p><img loading=\"lazy\" decoding=\"async\" class=\"alignright size-full wp-image-1155\" src=\"https:\/\/crir.ca\/wp-content\/uploads\/2017\/05\/CIUSSS_Centre_Sud_Montreal.gif\" alt=\"Logo - CIUSSS du Centre-Sud-de-l\u2019\u00cele-de-Montr\u00e9al\" width=\"211\" height=\"118\" \/><br \/>\n<a href=\"https:\/\/savoirs-readaptation.ca\/\" target=\"_blank\" rel=\"noopener\"><img loading=\"lazy\" decoding=\"async\" class=\"alignright wp-image-21369\" style=\"clear: both;\" src=\"https:\/\/crir.ca\/wp-content\/uploads\/2023\/11\/Savoirs-Readaptation.png\" alt=\"Savoirs R\u00e9adaptation\" width=\"219\" height=\"75\" srcset=\"https:\/\/crir.ca\/wp-content\/uploads\/2023\/11\/Savoirs-Readaptation.png 263w, https:\/\/crir.ca\/wp-content\/uploads\/2023\/11\/Savoirs-Readaptation-24x8.png 24w, https:\/\/crir.ca\/wp-content\/uploads\/2023\/11\/Savoirs-Readaptation-36x12.png 36w, https:\/\/crir.ca\/wp-content\/uploads\/2023\/11\/Savoirs-Readaptation-48x16.png 48w\" sizes=\"auto, (max-width: 219px) 100vw, 219px\" \/><\/a><\/p>\n<h2>CIUSSS du Centre-Sud-de-l&#8217;\u00cele-de-Montr\u00e9al \u2013<br \/>\n<em>Institut universitaire sur la r\u00e9adaptation en d\u00e9ficience physique de Montr\u00e9al (IURDPM)<\/em><\/h2>\n<h3><a href=\"http:\/\/ciusss-centresudmtl.gouv.qc.ca\/mission-universitaire\/designations-universitaires\/institut-universitaire-sur-la-readaptation-en-deficience-physique-de-montreal\/\" target=\"_blank\" rel=\"noopener\">IURDPM (Gingras pavilion)<\/a><\/h3>\n<p>6300, Darlington Avenue<br \/>\nMontreal (Qu\u00e9bec)\u00a0 H3S 2J4<\/p>\n<h3><a href=\"http:\/\/ciusss-centresudmtl.gouv.qc.ca\/mission-universitaire\/designations-universitaires\/institut-universitaire-sur-la-readaptation-en-deficience-physique-de-montreal\/\" target=\"_blank\" rel=\"noopener\">IURDPM (Laurier pavilion)<\/a><\/h3>\n<p>2275, Laurier Avenue East<br \/>\nMontreal (Qu\u00e9bec)\u00a0 H2H 2N8<\/p>\n<h3><a href=\"http:\/\/ciusss-centresudmtl.gouv.qc.ca\/mission-universitaire\/designations-universitaires\/institut-universitaire-sur-la-readaptation-en-deficience-physique-de-montreal\/\">IURDPM (Lindsay pavilion)<\/a><\/h3>\n<p>6363, Hudson Road<br \/>\nMontreal (Qu\u00e9bec)\u00a0 H3S 1M9<\/p>\n<p><strong>VANDONI, Carla<br \/>\n<\/strong>Program Director \u2013 DI-TSA-DP<br \/>\nPhone: 514 527-4527 (2233)<br \/>\nFax: 514 527-0979<br \/>\n<a href=\"mailto:carla.vandoni.ccsmtl@ssss.gouv.qc.ca\">carla.vandoni.ccsmtl@ssss.gouv.qc.ca<\/a><\/p>\n<p>Website:\u00a0<a href=\"https:\/\/ciusss-centresudmtl.gouv.qc.ca\/propos\/services-en-anglais\" target=\"_blank\" rel=\"noopener\">www.ciusss-centresudmtl.gouv.qc.ca<\/a><br \/>\nEmail:\u00a0<a href=\"mailto:iurdpm.ccsmtl@ssss.gouv.qc.ca\">iurdpm.ccsmtl@ssss.gouv.qc.ca<\/a><\/p>\n<hr \/>\n<h3><strong style=\"font-family: 'Open Sans', sans-serif; font-size: 14.4px; color: #000000;\"><img loading=\"lazy\" decoding=\"async\" class=\"size-full wp-image-1157 alignright\" src=\"https:\/\/crir.ca\/wp-content\/uploads\/2017\/05\/CIUSSS_Centre_Ouest_Montreal.gif\" alt=\"Logo - CIUSSS du Centre-Ouest-de-l\u2019\u00cele-de-Montr\u00e9al\" width=\"210\" height=\"108\" \/><\/strong><\/h3>\n<h2>CIUSSS West-Central Montreal\u00a0\u2013<br \/>\n<em>Lethbridge-Layton-Mackay Rehabilitation Centre<\/em><\/h2>\n<h3><a href=\"http:\/\/www.mabmackay.ca\/nouvelles\/198\/LETHBRIDGE-LAYTON-MACKAY-Rehabilitation-Centre?langue=en\">LLMRC (Constance-Lethbridge site)<\/a><\/h3>\n<p>7005, de Maisonneuve Blvd. West<br \/>\nMontreal (Qu\u00e9bec) H4B 1T3<\/p>\n<h3><a href=\"http:\/\/www.mabmackay.ca\/nouvelles\/198\/LETHBRIDGE-LAYTON-MACKAY-Rehabilitation-Centre?langue=en\">LLMRC (Layton-Mackay site) <\/a><\/h3>\n<p>7000, Sherbrooke Street West<br \/>\nMontreal (Qu\u00e9bec)\u00a0 H4B 1R3<\/p>\n<p><strong>LATTAS, Mary<\/strong><br \/>\nRehabilitation Director<br \/>\nPhone: 514 487-1891 (248) or 1\u00a0866\u00a0487-1891<br \/>\nFax: 514 487-0284<br \/>\n<a href=\"mailto:mlattas@jgh.mcgill.ca\">mlattas@jgh.mcgill.ca<\/a><\/p>\n","protected":false},"excerpt":{"rendered":"<p>CISSS de la Mont\u00e9r\u00e9gie-Centre Institut Nazareth et Louis-Braille 1111, Saint-Charles Street West Longueuil (Qu\u00e9bec) \u00a0J4K 5G4 VEILLEUX, \u00c9tienne Program Director \u2013 DI-TSA-DP-DV Phone: 450\u00a0463-1710 (422) Fax: 450\u00a0463-1771 etienne.veilleux.cssscclm16@ssss.gouv.qc.ca CISSS de Laval Jewish Rehabilitation Hospital 3205, Alton-Golbloom Place Laval (Qu\u00e9bec) \u00a0H7V&#8230;<br \/><a href=\"https:\/\/crir.ca\/en\/about\/about-cgc\/administrators-members-cgc\/\" class=\"read-more btn\">Read more <span class=\"sr-only\">about Administrators members | CGC<\/span><\/a><\/p>\n","protected":false},"author":1,"featured_media":0,"parent":1329,"menu_order":2,"comment_status":"closed","ping_status":"closed","template":"","meta":{"_acf_changed":false,"footnotes":""},"class_list":["post-1370","page","type-page","status-publish","hentry"],"acf":[],"_links":{"self":[{"href":"https:\/\/crir.ca\/en\/wp-json\/wp\/v2\/pages\/1370","targetHints":{"allow":["GET"]}}],"collection":[{"href":"https:\/\/crir.ca\/en\/wp-json\/wp\/v2\/pages"}],"about":[{"href":"https:\/\/crir.ca\/en\/wp-json\/wp\/v2\/types\/page"}],"author":[{"embeddable":true,"href":"https:\/\/crir.ca\/en\/wp-json\/wp\/v2\/users\/1"}],"replies":[{"embeddable":true,"href":"https:\/\/crir.ca\/en\/wp-json\/wp\/v2\/comments?post=1370"}],"version-history":[{"count":16,"href":"https:\/\/crir.ca\/en\/wp-json\/wp\/v2\/pages\/1370\/revisions"}],"predecessor-version":[{"id":22439,"href":"https:\/\/crir.ca\/en\/wp-json\/wp\/v2\/pages\/1370\/revisions\/22439"}],"up":[{"embeddable":true,"href":"https:\/\/crir.ca\/en\/wp-json\/wp\/v2\/pages\/1329"}],"wp:attachment":[{"href":"https:\/\/crir.ca\/en\/wp-json\/wp\/v2\/media?parent=1370"}],"curies":[{"name":"wp","href":"https:\/\/api.w.org\/{rel}","templated":true}]}}