{"id":1374,"date":"2017-05-10T17:21:50","date_gmt":"2017-05-10T21:21:50","guid":{"rendered":"https:\/\/crir.ca\/?page_id=1374"},"modified":"2025-03-18T10:08:03","modified_gmt":"2025-03-18T14:08:03","slug":"associate-members-cgc","status":"publish","type":"page","link":"https:\/\/crir.ca\/en\/about\/about-cgc\/associate-members-cgc\/","title":{"rendered":"Associate members | CGC"},"content":{"rendered":"<p><img loading=\"lazy\" decoding=\"async\" class=\"alignright size-full wp-image-1166\" src=\"https:\/\/crir.ca\/wp-content\/uploads\/2017\/05\/CISSS_Lanaudiere_wsig.gif\" alt=\"Logo - CISSS de Lanaudi\u00e8re \" width=\"211\" height=\"111\" \/><\/p>\n<h2>CISSS de Lanaudi\u00e8re<\/h2>\n<h3><a href=\"https:\/\/www.cisss-lanaudiere.gouv.qc.ca\/\" target=\"_blank\" rel=\"noopener\">Centre de r\u00e9adaptation en d\u00e9ficience physique (CRDP)<\/a><\/h3>\n<p>1075, Firestone Blvd. suite 1000<br \/>\nJoliette (Qu\u00e9bec)\u00a0 J6E 6X6<\/p>\n<p><strong>DESROSIERS, Fran\u00e7ois<br \/>\n<\/strong>Program Director \u2013 DI-TSA-DP<br \/>\nT\u00e9l\u00e9phone\u00a0: 450 755-2741 (2339)<br \/>\nLigne directe de Montr\u00e9al : 1-800 363-2763 (2339)<br \/>\n<a href=\"mailto:francois.desrosiers.cissslan@ssss.gouv.qc.ca\">francois.desrosiers.cissslan@ssss.gouv.qc.ca<\/a><\/p>\n<h4><strong><span style=\"color: #808000;\">clinical research coordinator<\/span><\/strong><\/h4>\n<p><strong>LABB\u00c9-SASSEVILLE, Genevi\u00e8ve<\/strong><em><br \/>\n<\/em><a href=\"mailto:genevieve.labbe-sasseville.cissslan@ssss.gouv.qc.ca\">genevieve.labbe-sasseville.cissslan@ssss.gouv.qc.ca<\/a><\/p>\n<hr \/>\n<p><img loading=\"lazy\" decoding=\"async\" class=\"alignright wp-image-1168\" src=\"https:\/\/crir.ca\/wp-content\/uploads\/2017\/05\/cisss-300x141.jpg\" alt=\"Logo - CISSS des Laurentides\" width=\"200\" height=\"94\" srcset=\"https:\/\/crir.ca\/wp-content\/uploads\/2017\/05\/cisss-300x141.jpg 300w, https:\/\/crir.ca\/wp-content\/uploads\/2017\/05\/cisss-24x11.jpg 24w, https:\/\/crir.ca\/wp-content\/uploads\/2017\/05\/cisss-36x17.jpg 36w, https:\/\/crir.ca\/wp-content\/uploads\/2017\/05\/cisss-48x23.jpg 48w, https:\/\/crir.ca\/wp-content\/uploads\/2017\/05\/cisss.jpg 325w\" sizes=\"auto, (max-width: 200px) 100vw, 200px\" \/><\/p>\n<h2>CISSS des Laurentides<\/h2>\n<h3><a href=\"https:\/\/www.santelaurentides.gouv.qc.ca\/enseignement-et-recherche\/\" target=\"_blank\" rel=\"noopener\">Centre de r\u00e9adaptation en d\u00e9ficience physique (CRDP)<\/a><\/h3>\n<p>11, Boyer Street and 51, Boyer Street<br \/>\nSaint-J\u00e9r\u00f4me (Qu\u00e9bec) J7Z 2K5<\/p>\n<p><strong>CHANTAL, Caroline<br \/>\n<\/strong>Program Director \u2013 DI-TSA-DP par int\u00e9rim<br \/>\nPhone: 450 569-2974 (74000) or 1-866-925-2974<br \/>\nFax\u00a0: 450\u00a0569-6435<br \/>\n<a href=\"mailto:caroline.chantal.lddm@ssss.gouv.qc.ca\">caroline.chantal.lddm@ssss.gouv.qc.ca<\/a><\/p>\n<h4><strong><span style=\"color: #808000;\">clinical research coordinator<\/span><\/strong><\/h4>\n<p><strong>Vacant<\/strong><em><br \/>\n<\/em><\/p>\n","protected":false},"excerpt":{"rendered":"<p>CISSS de Lanaudi\u00e8re Centre de r\u00e9adaptation en d\u00e9ficience physique (CRDP) 1075, Firestone Blvd. suite 1000 Joliette (Qu\u00e9bec)\u00a0 J6E 6X6 DESROSIERS, Fran\u00e7ois Program Director \u2013 DI-TSA-DP T\u00e9l\u00e9phone\u00a0: 450 755-2741 (2339) Ligne directe de Montr\u00e9al : 1-800 363-2763 (2339) francois.desrosiers.cissslan@ssss.gouv.qc.ca clinical research&#8230;<br \/><a href=\"https:\/\/crir.ca\/en\/about\/about-cgc\/associate-members-cgc\/\" class=\"read-more btn\">Read more <span class=\"sr-only\">about Associate members | CGC<\/span><\/a><\/p>\n","protected":false},"author":1,"featured_media":0,"parent":1329,"menu_order":3,"comment_status":"closed","ping_status":"closed","template":"","meta":{"_acf_changed":false,"footnotes":""},"class_list":["post-1374","page","type-page","status-publish","hentry"],"acf":[],"_links":{"self":[{"href":"https:\/\/crir.ca\/en\/wp-json\/wp\/v2\/pages\/1374","targetHints":{"allow":["GET"]}}],"collection":[{"href":"https:\/\/crir.ca\/en\/wp-json\/wp\/v2\/pages"}],"about":[{"href":"https:\/\/crir.ca\/en\/wp-json\/wp\/v2\/types\/page"}],"author":[{"embeddable":true,"href":"https:\/\/crir.ca\/en\/wp-json\/wp\/v2\/users\/1"}],"replies":[{"embeddable":true,"href":"https:\/\/crir.ca\/en\/wp-json\/wp\/v2\/comments?post=1374"}],"version-history":[{"count":15,"href":"https:\/\/crir.ca\/en\/wp-json\/wp\/v2\/pages\/1374\/revisions"}],"predecessor-version":[{"id":25775,"href":"https:\/\/crir.ca\/en\/wp-json\/wp\/v2\/pages\/1374\/revisions\/25775"}],"up":[{"embeddable":true,"href":"https:\/\/crir.ca\/en\/wp-json\/wp\/v2\/pages\/1329"}],"wp:attachment":[{"href":"https:\/\/crir.ca\/en\/wp-json\/wp\/v2\/media?parent=1374"}],"curies":[{"name":"wp","href":"https:\/\/api.w.org\/{rel}","templated":true}]}}