{"id":13960,"date":"2021-10-25T06:57:13","date_gmt":"2021-10-25T10:57:13","guid":{"rendered":"https:\/\/crir.ca\/?page_id=13960"},"modified":"2022-05-02T13:40:38","modified_gmt":"2022-05-02T17:40:38","slug":"communication-is-key-improving-participation-for-adolescents-with-communication-disorders-october-2021-edition-06","status":"publish","type":"page","link":"https:\/\/crir.ca\/en\/sharing-our-knowledge\/crir-connects\/communication-is-key-improving-participation-for-adolescents-with-communication-disorders-october-2021-edition-06\/","title":{"rendered":"Communication is Key: Improving Participation for Adolescents with Communication Disorders (October 2021- Edition 06)"},"content":{"rendered":"<p><img loading=\"lazy\" decoding=\"async\" class=\"alignnone size-full wp-image-8826\" src=\"https:\/\/crir.ca\/wp-content\/uploads\/2020\/06\/branch\u00e9.jpg\" alt=\"\" width=\"1592\" height=\"304\" srcset=\"https:\/\/crir.ca\/wp-content\/uploads\/2020\/06\/branch\u00e9.jpg 1592w, https:\/\/crir.ca\/wp-content\/uploads\/2020\/06\/branch\u00e9-300x57.jpg 300w, https:\/\/crir.ca\/wp-content\/uploads\/2020\/06\/branch\u00e9-768x147.jpg 768w, https:\/\/crir.ca\/wp-content\/uploads\/2020\/06\/branch\u00e9-1024x196.jpg 1024w, https:\/\/crir.ca\/wp-content\/uploads\/2020\/06\/branch\u00e9-24x5.jpg 24w, https:\/\/crir.ca\/wp-content\/uploads\/2020\/06\/branch\u00e9-36x7.jpg 36w, https:\/\/crir.ca\/wp-content\/uploads\/2020\/06\/branch\u00e9-48x9.jpg 48w\" sizes=\"auto, (max-width: 1592px) 100vw, 1592px\" \/><\/p>\n<p>October 2021 Edition (06)<\/p>\n<hr \/>\n<h2>Communication is Key: Improving Participation for Adolescents with Communication Disorders<\/h2>\n<h3>AN INTERVIEW SUMMARY WITH Stefano Rezzonico<\/h3>\n<p><img loading=\"lazy\" decoding=\"async\" class=\"wp-image-13953 alignleft\" src=\"https:\/\/crir.ca\/wp-content\/uploads\/2021\/10\/REZZONICO_Crir-Branch\u00e92-224x300.jpg\" alt=\"\" width=\"156\" height=\"209\" srcset=\"https:\/\/crir.ca\/wp-content\/uploads\/2021\/10\/REZZONICO_Crir-Branch\u00e92-224x300.jpg 224w, https:\/\/crir.ca\/wp-content\/uploads\/2021\/10\/REZZONICO_Crir-Branch\u00e92-768x1028.jpg 768w, https:\/\/crir.ca\/wp-content\/uploads\/2021\/10\/REZZONICO_Crir-Branch\u00e92-765x1024.jpg 765w, https:\/\/crir.ca\/wp-content\/uploads\/2021\/10\/REZZONICO_Crir-Branch\u00e92-18x24.jpg 18w, https:\/\/crir.ca\/wp-content\/uploads\/2021\/10\/REZZONICO_Crir-Branch\u00e92-27x36.jpg 27w, https:\/\/crir.ca\/wp-content\/uploads\/2021\/10\/REZZONICO_Crir-Branch\u00e92-36x48.jpg 36w, https:\/\/crir.ca\/wp-content\/uploads\/2021\/10\/REZZONICO_Crir-Branch\u00e92.jpg 985w\" sizes=\"auto, (max-width: 156px) 100vw, 156px\" \/><\/p>\n<p><a href=\"https:\/\/crir.ca\/chercheurs-et-intervenants\/chercheurs-reguliers\/stefano-rezzonico-ph-d\/\">Stefano Rezzonico Ph.D.<\/a><\/p>\n<p>Assistant professor, School of Speech-Language Pathology and Audiology, <em>Universit\u00e9 de Montr\u00e9al<\/em><\/p>\n<p>Researcher, CRIR\u2013<em>Institut universitaire sur la r\u00e9adaptation en d\u00e9ficience physique de Montr\u00e9al <\/em>(IURDPM), Laurier Pavilion, <em>CIUSSS du Centre-Sud-de-l&#8217;\u00cele-de-Montr\u00e9al<\/em><\/p>\n<p>&nbsp;<\/p>\n<p><strong><a href=\"https:\/\/crir.ca\/en\/research\/laboratories\/laboratories\/laboratoire-clea-communication-et-langage-chez-lenfant-et-ladolescent\/\">CLEA Laboratory \u2014 Communication and Language in Children and Adolescents<\/a><\/strong><\/p>\n<p>&nbsp;<\/p>\n<p>&nbsp;<\/p>\n<h4>Let\u2019s jump right in! Tell me the story of the project \u201cMegaphone\u201d \u2026<\/h4>\n<figure id=\"attachment_13950\" aria-describedby=\"caption-attachment-13950\" style=\"width: 300px\" class=\"wp-caption alignright\"><img loading=\"lazy\" decoding=\"async\" class=\"wp-image-13951 size-medium\" src=\"https:\/\/crir.ca\/wp-content\/uploads\/2021\/10\/REZZONICO_Crir-Branch\u00e91-300x185.jpg\" alt=\"\" width=\"300\" height=\"185\" srcset=\"https:\/\/crir.ca\/wp-content\/uploads\/2021\/10\/REZZONICO_Crir-Branch\u00e91-300x185.jpg 300w, https:\/\/crir.ca\/wp-content\/uploads\/2021\/10\/REZZONICO_Crir-Branch\u00e91-24x15.jpg 24w, https:\/\/crir.ca\/wp-content\/uploads\/2021\/10\/REZZONICO_Crir-Branch\u00e91-36x22.jpg 36w, https:\/\/crir.ca\/wp-content\/uploads\/2021\/10\/REZZONICO_Crir-Branch\u00e91-48x30.jpg 48w, https:\/\/crir.ca\/wp-content\/uploads\/2021\/10\/REZZONICO_Crir-Branch\u00e91.jpg 633w\" sizes=\"auto, (max-width: 300px) 100vw, 300px\" \/><figcaption id=\"caption-attachment-13950\" class=\"wp-caption-text\">On the picture: Stefano Rezzonico (Universit\u00e9 de Montr\u00e9al, CRIR-IURDPM); Julie McIntyre (Universit\u00e9 de Montr\u00e9al); Claire Croteau (Universit\u00e9 de Montr\u00e9al, CRIR-IURDPM); Natacha Trudeau (Universit\u00e9 de Montr\u00e9al, CRIR-IURDPM); Jessica Swallert (IRD)<\/figcaption><\/figure>\n<p>Yes! \u201cMegaphone\u201d is a clinical group program of 8 adolescents with communication disorders, 1 speech-language pathologist and 1 social worker. The goal of the program is to use artistic activities \u2013 film in this cohort \u2013 to help improve communication skills in the adolescents with communication disorders. For 8 weeks (2.5 hours once a week), the group met up in person, discussed what types of films they liked and wanted to make, wrote a script, filmed and edited a short movie. As for the research component, we added 2 more weeks to the program (1 at the beginning and 1 at the end, for a total of 10 weeks) in order to add some questionnaires evaluating their language use as well as social anxiety. We also placed two cameras in the room to record and observe what went on during the sessions.<\/p>\n<h4>Where did the idea for this project come from?<\/h4>\n<p>The group program itself was not my idea. In this particular case, I actually saw it at the <a href=\"https:\/\/iurdpm.ca\/fr\/activites-scientifiques-et-evenements\/carrefour-des-connaissances\">IURDPM Carrefour de connaissances<\/a>! It\u2019s a program that already existed in the Adolescent and Young Adult Program at the <a href=\"https:\/\/ciusss-centresudmtl.gouv.qc.ca\/etablissement\/centre-de-readaptation-en-deficience-physique-raymond-dewar-laurier\"><em>Institut Raymond-Dewar<\/em> (IRD)<\/a> and Jessica Swallert, a speech-language pathologist was presenting a poster and I told her \u201cWow! This is exactly what I\u2019m interested in as a researcher, the pragmatic side, can we collaborate?\u201d. So, we applied to <a href=\"https:\/\/crir.ca\/en\/members-and-health-care-professional\/members-financial-support-programmes\/new-initiatives-program\/\">CRIR\u2019s New Initiatives program<\/a> and once we received the grant we started a new cohort where I was able to add in research evaluations around language and social anxiety.<\/p>\n<h4>What was your biggest challenge?<\/h4>\n<p>Megaphone was a pilot for many things and a pioneer in many ways. There is not much data or many tools in the literature for understanding how language functions in adolescents, so one of our major questions was precisely, how do we evaluate language in adolescents with communication disorders?<\/p>\n<p>Adolescents are a bit left out when we talk about communication skills in the literature. For example, in an international conference on the development of language, you\u2019ll see roughly 60% of presentations about children under 5 years old, 40% about elementary school age, and then only 4 presentations on adolescence. A lot of research and clinical tools are validated for up until 16 years old and the ones that start at 16 years are more for individuals who have had a stroke or a traumatic brain injury. But what about from a developmental perspective? It\u2019s not the same thing. In that respect, Megaphone was very interesting because we had to develop tools on-the-go to evaluate things like communication, interaction, etc. This actually gave way for a bigger theoretical project funded by the <a href=\"https:\/\/www.sshrc-crsh.gc.ca\/home-accueil-eng.aspx\">Social Sciences and Humanities Research Council (SSHRC)<\/a> which is underway as we speak.<\/p>\n<h4>What surprised you the most about the results of Megaphone?<\/h4>\n<p>There were two major things got us excited. First, was in regards to social anxiety and the avoidance of certain communication situations. For some adolescents, at pre-test they told us they didn\u2019t avoid communication situations and then at post-test they said they did. But let me explain, I don\u2019t think it was the intervention that made them avoid situations, I think it just made them realize they were avoiding them. For example, in a pre-test questionnaire they would say \u201cyes\u201d to \u2018does this situation make you scared?\u2019 and \u201cno\u201d to \u2018do you avoid it?\u2019 but then post-test it became \u201cyes, it scares me\u201d and \u201cyes, I avoid it\u201d. I think the intervention gave them a better awareness of how they manage their anxiety and that was something we didn\u2019t expect.<\/p>\n<p>The second thing was the power of the pauses. Over the 2.5 hours at some point, they would take a little pause, eat some chips, talk a little, etc., and it was in these pauses where they put in practice their objectives. Each person had their own mini objective for the day, for example, \u2018talk to 3 people\u2019 or \u2018ask someone what their favourite film is\u2019, and it was in the pauses where they completed those tasks. This was exciting because the clinicians hadn\u2019t originally planned the pauses in their program so moving forward it\u2019s definitely an element to maintain and spawned numerous questions to research further!<\/p>\n<h4>It seems like your collaboration with clinicians is a key component of this project. Do you always collaborate with clinicians?<\/h4>\n<p>I\u2019m a non-clinician researcher, so it\u2019s really clear to me that my role is to look for the literature, bring evaluation instruments to the table, brainstorm for the methodology and how to validate and measure things, do the statistics, etc. But I don\u2019t have the impression that the clinical interventions belong to me, I\u2019m not the one who intervenes with the children. It\u2019s like I am a hammer builder but not a carpenter; I build the hammer and then you use the hammer to make your house as you wish. Similarly, it\u2019s not my job to tell people how to intervene, but I am here to help so that we can evaluate together with an objective eye. This is where the collaboration is extremely fruitful. Clinicians have a very developed antenna; they know a lot of things and in this case, they\u2019re probably a bit ahead of the literature. I feel lucky as a researcher to be able to study this because I feel like it\u2019s coming out of years of practice. With that being said, I\u2019m more detached emotionally so it\u2019s also a little easier to say \u201clisten, it didn\u2019t work\u201d if need be, but I think they\u2019re all good programs and projects or else I wouldn\u2019t be spending my time on it.<\/p>\n<p>We are actually currently starting up a new project in collaboration with clinicians, also funded by New Initiatives, where we will be evaluating the \u201c<em>Je me raconte<\/em>\u201d intervention in the Language and Auditory Processing Disorder program at the IRD. The intervention has been offered for roughly 10 years now for children between 7 and 12 years old with the goal of facilitating and encouraging their storytelling abilities. I\u2019m collaborating with <a href=\"https:\/\/crir.ca\/en\/member\/elin-thordardottir-ph-d\/\">Elin Thordadottir, Ph.D.<\/a> and with the help of the Clinical Research Coordinator, <a href=\"https:\/\/crir.ca\/en\/member\/patrizia-mazzocca-m-p-o\/\">Patrizia Mazzocca<\/a>, we spoke to the program director a couple years ago about our respective interests and now, here we are with a research project we are all engaged in. So, to come back to your question, I regularly work with clinicians and I love it!<\/p>\n<h4>Given that you work with minors, can I assume that parents are also a large part of your work?<\/h4>\n<p>Absolutely. With \u201c<em>Je me raconte<\/em>\u201d we are working with parent-child dyads so parents will be participants as well. But even if they are not formal participants, they can have a strong influence on our work. For example, in Megaphone an adolescent mentioned at post-test that their mother noted their speech was getting better. It seems anecdotal but it\u2019s really making us think of the importance of parents\u2019 perceptions on the confidence and progress of our participants and how best to evaluate that. Parents can also influence recruitment. Many parents tell us \u201cMy child needs this and it\u2019s not a group that can provide it\u201d but you\u2019d be surprised how much a group intervention can have individualized benefits. The Megaphone group allows them to practice with others who are their age; to be confronted by other adolescents, to help them and to be helped by them, to observe how others work through their difficulties, etc. The quality of a group intervention is not lower just because it\u2019s cheaper.<\/p>\n<h4>Talk to me about the future\u2026where are these projects taking you next?<\/h4>\n<p>Megaphone launched about a million new questions and the pandemic launched hundreds more! Questions like, how does the intervention change if it were to take place online? What about a video gaming intervention for adolescents? Would virtual reality increase engagement and participation in the program? Could this program take place in a community setting? Could it transfer easily to other speech and language pathologists in another CIUSSS? Do the adolescents stay in contact after the program has ended? Currently, it\u2019s all in French but could we imagine a bilingual group? Or a group with more attention to cultural diversity? How can we have a partnership with the school system?<\/p>\n<p>&nbsp;<\/p>\n<p>We\u2019ll be continuing to do more pilot projects to further define these research avenues and then hopefully get some larger grants for larger cohorts that can have a greater effect on the literature!<\/p>\n<p>&nbsp;<\/p>\n<h4>Wow. You certainly have your work cut out for you! Is there anything else you\u2019d like to share today?<\/h4>\n<p>Our social system is based on the fact that we communicate. A society exists because of communication. To be a citizen, you need to be able to communicate. For example, to have an active life, to have a life partner, to work, to vote, it pretty much all happens around communication. Communication really is key! So, I think it\u2019s our responsibility as a society to create an inclusive, safe, and supportive communicational environment which allows everyone to express themselves and participate.<\/p>\n<p><strong>Stefano, thank you so much! It\u2019s been a great pleasure learning more about this incredible research and I can\u2019t wait to see how things advance. Best of luck in your continuation!<\/strong><\/p>\n<div class=\"highlight-box\">\n<p>Interview and text:\u00a0<strong>Alida Esmail<\/strong>,\u00a0<em>Coordinator\u2014Partnerships and Knowledge Mobilization<\/em>, CRIR at:\u00a0<a href=\"mailto:partenariat.crir@ssss.gouv.qc.ca\">partenariat.crir@ssss.gouv.qc.ca<\/a><\/p>\n<\/div>\n","protected":false},"excerpt":{"rendered":"<p>October 2021 Edition (06) Communication is Key: Improving Participation for Adolescents with Communication Disorders AN INTERVIEW SUMMARY WITH Stefano Rezzonico Stefano Rezzonico Ph.D. Assistant professor, School of Speech-Language Pathology and Audiology, Universit\u00e9 de Montr\u00e9al Researcher, CRIR\u2013Institut universitaire sur la r\u00e9adaptation&#8230;<br \/><a href=\"https:\/\/crir.ca\/en\/sharing-our-knowledge\/crir-connects\/communication-is-key-improving-participation-for-adolescents-with-communication-disorders-october-2021-edition-06\/\" class=\"read-more btn\">Read more <span class=\"sr-only\">about Communication is Key: Improving Participation for Adolescents with Communication Disorders (October 2021- Edition 06)<\/span><\/a><\/p>\n","protected":false},"author":30,"featured_media":0,"parent":7319,"menu_order":2,"comment_status":"closed","ping_status":"closed","template":"","meta":{"_acf_changed":false,"footnotes":""},"class_list":["post-13960","page","type-page","status-publish","hentry"],"acf":[],"_links":{"self":[{"href":"https:\/\/crir.ca\/en\/wp-json\/wp\/v2\/pages\/13960","targetHints":{"allow":["GET"]}}],"collection":[{"href":"https:\/\/crir.ca\/en\/wp-json\/wp\/v2\/pages"}],"about":[{"href":"https:\/\/crir.ca\/en\/wp-json\/wp\/v2\/types\/page"}],"author":[{"embeddable":true,"href":"https:\/\/crir.ca\/en\/wp-json\/wp\/v2\/users\/30"}],"replies":[{"embeddable":true,"href":"https:\/\/crir.ca\/en\/wp-json\/wp\/v2\/comments?post=13960"}],"version-history":[{"count":4,"href":"https:\/\/crir.ca\/en\/wp-json\/wp\/v2\/pages\/13960\/revisions"}],"predecessor-version":[{"id":15731,"href":"https:\/\/crir.ca\/en\/wp-json\/wp\/v2\/pages\/13960\/revisions\/15731"}],"up":[{"embeddable":true,"href":"https:\/\/crir.ca\/en\/wp-json\/wp\/v2\/pages\/7319"}],"wp:attachment":[{"href":"https:\/\/crir.ca\/en\/wp-json\/wp\/v2\/media?parent=13960"}],"curies":[{"name":"wp","href":"https:\/\/api.w.org\/{rel}","templated":true}]}}