{"id":14051,"date":"2021-10-28T08:15:36","date_gmt":"2021-10-28T12:15:36","guid":{"rendered":"https:\/\/crir.ca\/sharing-our-knowledge\/realiser-une-affiche-scientifique\/"},"modified":"2025-05-20T11:50:14","modified_gmt":"2025-05-20T15:50:14","slug":"realiser-une-affiche-scientifique","status":"publish","type":"page","link":"https:\/\/crir.ca\/en\/sharing-our-knowledge\/realiser-une-affiche-scientifique\/","title":{"rendered":"Making a scientific poster"},"content":{"rendered":"<p>This section presents resources to help you create scientific posters to present your research results in an attractive way that will capture the attention of all types of audiences.<\/p>\n<div class=\"highlight-box\">\n<p><strong>You will find below:<\/strong><\/p>\n<ul>\n<li><strong>Online training courses that will allow you to discover tips and tricks for desinging your poster<\/strong><\/li>\n<li><strong>Graphic standards for the CRIR logo to property communicate your afficliation with CRIR<\/strong><\/li>\n<li><strong>CRIR&#8217;s consulting service offer<\/strong><\/li>\n<li><strong>Poster printing service<\/strong><\/li>\n<\/ul>\n<\/div>\n<p>&nbsp;<\/p>\n<h4><strong>TRAINING: HOW TO MAKE SCIENTIFIC POSTERS<\/strong><\/h4>\n<p>The <a href=\"https:\/\/ccsmtl-mission-universitaire.ca\/fr\/activites-publications\/formadeur\"><strong>FormaDEUR\u00a0<\/strong><\/a>initiative and its Diffusion des connaissances at the Direction de l\u2019enseignement universitaire de la recherche, CIUSSS du Centre-Sud-de-l\u2019\u00cele-de-Montr\u00e9al have designed a document that will help you:<\/p>\n<p><span style=\"color: #808000;\"><strong>*<\/strong> <\/span>Learn about the different parts of a scientific poster<\/p>\n<p><span style=\"color: #808000;\"><strong>*<\/strong> <\/span>Create a poster step by step<\/p>\n<p><span style=\"color: #808000;\"><strong>*<\/strong> <\/span>Advice on how to present your scientific poster to visitors<\/p>\n<ul>\n<li><strong>Online training <a href=\"https:\/\/crir.ca\/wp-content\/uploads\/2022\/01\/20220117_GuideAffichesScientifiquesVirtuellesCCSMTL_ENG.pdf\">HERE (pdf)<\/a><\/strong><\/li>\n<\/ul>\n<p>&#8212;&#8212;&#8212;&#8211;<\/p>\n<p><strong><a href=\"https:\/\/www.youtube.com\/channel\/UCvFo8Iva2rr3uEBk4ERHY_Q\">Mike Morrison\u2019s<\/a>\u00a0video &#8220;How to create a better research poster in less time&#8221;<\/strong><\/p>\n<p>Watch the video\u00a0<em>&#8220;How to create a better research poster in less time&#8221;<\/em>\u00a0to learn how to create new poster designs that get you more visitors and transmit your ideas to more people at the conference.<\/p>\n<ul>\n<li><strong>Online video <\/strong><a href=\"https:\/\/www.youtube.com\/watch?v=SYk29tnxASs&amp;ab_channel=MikeMorrison\"><strong>HERE<\/strong><\/a><\/li>\n<\/ul>\n<p>&nbsp;<\/p>\n<h4><strong>CRIR LOGO AND AFFILIATION <\/strong><\/h4>\n<div><\/div>\n<div>Affiliation with your research centre is useful when you present your research projects and communicate with the scientific community. Be sure to incorporate the<strong> CRIR logo<\/strong> on your poster and oral presentations and in your email signature.<\/div>\n<ul>\n<li><strong>CRIR logo: Graphic standards of use |<a href=\"https:\/\/crir.ca\/en\/about\/communication-tools\/\"> Click HERE<\/a><\/strong><\/li>\n<\/ul>\n<p>&nbsp;<\/p>\n<h4><strong>CRIR CONSULTING SERVICE<\/strong><\/h4>\n<p>Do you have questions about the design of your poster? Your poster is finished and you would like to make sure that the logo and the affiliation to CRIR are well positioned and that they respect the graphic standards?<\/p>\n<ul>\n<li>It is possible to call upon a consulting service at CRIR.<\/li>\n<\/ul>\n<p>To do so, simply send your questions and poster (PDF format) by email at <strong>Chantal Bibeau<\/strong>\u00a0to <a href=\"cbibeau.crir@ssss.gouv.qc.ca\">cbibeau.crir@ssss.gouv.qc.ca<\/a>.<\/p>\n<p>&nbsp;<\/p>\n<h4><strong>POSTER PRINTING SERVICE<\/strong><\/h4>\n<div><\/div>\n<div>A CRIR member can benefit from the free poster printing service to participate in an event.<\/div>\n<div><\/div>\n<div>To do, send an e-mail to <strong>Sabine Leunens<\/strong> (<a href=\"mailto:sleunens.crir@ssss.gouv.qc.ca\">sleunens.crir@ssss.gouv.qc.ca<\/a> with in copy <a href=\"mailto:administration.crir@ssss.gouv.qc.ca\">administration.crir@ssss.gouv.qc.ca<\/a>) with your poster and the following information:<\/div>\n<div>\n<ul>\n<li><strong>Email subject:<\/strong> Poster printing requested<\/li>\n<li><strong>Attachment:<\/strong> Poster in PDF format<\/li>\n<\/ul>\n<h6><strong><span style=\"color: #808000;\">INFORMATION TO BE SHARED IN THE E-MAIL :<\/span><\/strong><\/h6>\n<\/div>\n<ul>\n<li><strong>Size of the poster (in centimeters and inches)<\/strong><\/li>\n<li><strong>Type of poster desired: <\/strong>paper or fabric (only for conferences outside Canada)<\/li>\n<li><strong>Delivery date<\/strong><\/li>\n<li><strong>Place and complete address of delivery:<\/strong> CRIR establishment (IURDPM, HJR, INLB, CRLMM) or at the counter of our supplier MP REPRO, in downtown Montreal (1080, C\u00f4te du Beaver Hall, bureau 010, Montr\u00e9al (Qu\u00e9bec), H2Z 1S8)<\/li>\n<\/ul>\n<h6><span style=\"color: #808000;\"><strong>IMPORTANT :<\/strong><\/span><\/h6>\n<ul>\n<li><strong>Please allow <span style=\"color: #ff0000;\">7 business days<\/span> to receive your paper poster and allow <span style=\"color: #ff0000;\">10 business days<\/span> to receive it on fabric.<\/strong><\/li>\n<li>Your poster must include the <strong>CRIR logo<\/strong> and <strong>your place of affiliation<\/strong> (CRIR establishment).<\/li>\n<li>If you are a CRIR student member, please <strong>add your supervisor<\/strong> (regular CRIR researcher) to the c.c. of your CRIR print request.<\/li>\n<\/ul>\n","protected":false},"excerpt":{"rendered":"<p>This section presents resources to help you create scientific posters to present your research results in an attractive way that will capture the attention of all types of audiences. You will find below: Online training courses that will allow you&#8230;<br \/><a href=\"https:\/\/crir.ca\/en\/sharing-our-knowledge\/realiser-une-affiche-scientifique\/\" class=\"read-more btn\">Read more <span class=\"sr-only\">about Making a scientific poster<\/span><\/a><\/p>\n","protected":false},"author":23,"featured_media":0,"parent":7286,"menu_order":9,"comment_status":"closed","ping_status":"closed","template":"","meta":{"_acf_changed":false,"footnotes":""},"class_list":["post-14051","page","type-page","status-publish","hentry"],"acf":[],"_links":{"self":[{"href":"https:\/\/crir.ca\/en\/wp-json\/wp\/v2\/pages\/14051","targetHints":{"allow":["GET"]}}],"collection":[{"href":"https:\/\/crir.ca\/en\/wp-json\/wp\/v2\/pages"}],"about":[{"href":"https:\/\/crir.ca\/en\/wp-json\/wp\/v2\/types\/page"}],"author":[{"embeddable":true,"href":"https:\/\/crir.ca\/en\/wp-json\/wp\/v2\/users\/23"}],"replies":[{"embeddable":true,"href":"https:\/\/crir.ca\/en\/wp-json\/wp\/v2\/comments?post=14051"}],"version-history":[{"count":19,"href":"https:\/\/crir.ca\/en\/wp-json\/wp\/v2\/pages\/14051\/revisions"}],"predecessor-version":[{"id":26655,"href":"https:\/\/crir.ca\/en\/wp-json\/wp\/v2\/pages\/14051\/revisions\/26655"}],"up":[{"embeddable":true,"href":"https:\/\/crir.ca\/en\/wp-json\/wp\/v2\/pages\/7286"}],"wp:attachment":[{"href":"https:\/\/crir.ca\/en\/wp-json\/wp\/v2\/media?parent=14051"}],"curies":[{"name":"wp","href":"https:\/\/api.w.org\/{rel}","templated":true}]}}