{"id":18571,"date":"2022-12-21T12:53:28","date_gmt":"2022-12-21T17:53:28","guid":{"rendered":"https:\/\/crir.ca\/?page_id=18571"},"modified":"2023-01-31T12:00:11","modified_gmt":"2023-01-31T17:00:11","slug":"transforming-a-museum-into-a-living-lab-with-portable-technology-january-2023-edition-08","status":"publish","type":"page","link":"https:\/\/crir.ca\/en\/sharing-our-knowledge\/crir-connects\/transforming-a-museum-into-a-living-lab-with-portable-technology-january-2023-edition-08\/","title":{"rendered":"Transforming a museum into a living lab with portable technology (January 2023- Edition 08)"},"content":{"rendered":"<p><img loading=\"lazy\" decoding=\"async\" class=\"alignnone size-full wp-image-8826\" src=\"https:\/\/crir.ca\/wp-content\/uploads\/2020\/06\/branch\u00e9.jpg\" alt=\"\" width=\"1592\" height=\"304\" srcset=\"https:\/\/crir.ca\/wp-content\/uploads\/2020\/06\/branch\u00e9.jpg 1592w, https:\/\/crir.ca\/wp-content\/uploads\/2020\/06\/branch\u00e9-300x57.jpg 300w, https:\/\/crir.ca\/wp-content\/uploads\/2020\/06\/branch\u00e9-768x147.jpg 768w, https:\/\/crir.ca\/wp-content\/uploads\/2020\/06\/branch\u00e9-1024x196.jpg 1024w, https:\/\/crir.ca\/wp-content\/uploads\/2020\/06\/branch\u00e9-24x5.jpg 24w, https:\/\/crir.ca\/wp-content\/uploads\/2020\/06\/branch\u00e9-36x7.jpg 36w, https:\/\/crir.ca\/wp-content\/uploads\/2020\/06\/branch\u00e9-48x9.jpg 48w\" sizes=\"auto, (max-width: 1592px) 100vw, 1592px\" \/><\/p>\n<p>January 2023 Edition (08)<\/p>\n<hr \/>\n<h2>Transforming a museum into a living lab with portable technology<\/h2>\n<h3>An interview summary with Elaine de Guise<\/h3>\n<p><img loading=\"lazy\" decoding=\"async\" class=\" wp-image-18567 alignleft\" src=\"https:\/\/crir.ca\/wp-content\/uploads\/2022\/12\/DE-GUISE-E\u0301laine_10_2015-05-311-300x199.jpg\" alt=\"\" width=\"317\" height=\"210\" srcset=\"https:\/\/crir.ca\/wp-content\/uploads\/2022\/12\/DE-GUISE-E\u0301laine_10_2015-05-311-300x199.jpg 300w, https:\/\/crir.ca\/wp-content\/uploads\/2022\/12\/DE-GUISE-E\u0301laine_10_2015-05-311-768x510.jpg 768w, https:\/\/crir.ca\/wp-content\/uploads\/2022\/12\/DE-GUISE-E\u0301laine_10_2015-05-311-1024x680.jpg 1024w, https:\/\/crir.ca\/wp-content\/uploads\/2022\/12\/DE-GUISE-E\u0301laine_10_2015-05-311-24x16.jpg 24w, https:\/\/crir.ca\/wp-content\/uploads\/2022\/12\/DE-GUISE-E\u0301laine_10_2015-05-311-36x24.jpg 36w, https:\/\/crir.ca\/wp-content\/uploads\/2022\/12\/DE-GUISE-E\u0301laine_10_2015-05-311-48x32.jpg 48w\" sizes=\"auto, (max-width: 317px) 100vw, 317px\" \/><\/p>\n<p><strong><a href=\"https:\/\/crir.ca\/en\/member\/elaine-de-guise-ph-d\/\">Elaine de Guise<\/a>, <\/strong>Ph. D.<\/p>\n<p>Associate Professor, Department of Psychology, Universit\u00e9 de Montr\u00e9al<\/p>\n<p>Researcher, CRIR\u2013Institut universitaire sur la r\u00e9adaptation en d\u00e9ficience physique de Montr\u00e9al (IURDPM), Lindsay Pavilion, CIUSSS du Centre-Sud-de-l&#8217;\u00cele-de-Montr\u00e9al<\/p>\n<p><a href=\"https:\/\/crir.ca\/en\/research\/laboratories\/laboratories\/laboratoire-de-developpement-doutils-devaluation-des-commotions-cerebrales-et-du-traumatisme-craniocerebral\/\"><strong>Development of Tools for Assessing Concussions and Traumatic Brain Injuries Laboratory\u00a0<\/strong><\/a><\/p>\n<p>&nbsp;<\/p>\n<div class=\"highlight-box\">\n<p><em>This interview is situated in the VITALISE series.<\/em><\/p>\n<p><a href=\"https:\/\/vitalise-project.eu\/\"><em>VITALISE\u00a0<\/em><\/a><em>is a\u00a0H2020 EU-funded project that aims to harmonize Living Lab services and open up Living Lab infrastructures to facilitate and promote Open Research &amp; Innovation activities in the Health and Wellbeing domain in Europe and beyond.<\/em><\/p>\n<\/div>\n<p>&nbsp;<\/p>\n<p><img loading=\"lazy\" decoding=\"async\" class=\" wp-image-18569 alignright\" src=\"https:\/\/crir.ca\/wp-content\/uploads\/2022\/12\/DSC00041-300x200.jpg\" alt=\"\" width=\"383\" height=\"255\" srcset=\"https:\/\/crir.ca\/wp-content\/uploads\/2022\/12\/DSC00041-300x200.jpg 300w, https:\/\/crir.ca\/wp-content\/uploads\/2022\/12\/DSC00041-768x512.jpg 768w, https:\/\/crir.ca\/wp-content\/uploads\/2022\/12\/DSC00041-1024x683.jpg 1024w, https:\/\/crir.ca\/wp-content\/uploads\/2022\/12\/DSC00041-24x16.jpg 24w, https:\/\/crir.ca\/wp-content\/uploads\/2022\/12\/DSC00041-36x24.jpg 36w, https:\/\/crir.ca\/wp-content\/uploads\/2022\/12\/DSC00041-48x32.jpg 48w\" sizes=\"auto, (max-width: 383px) 100vw, 383px\" \/><\/p>\n<h4><strong>What is the NEURO-MBAM project and what is the main idea behind it?<\/strong><\/h4>\n<p>The idea of this project is to pilot ways of collecting scientific data in an everyday-life environment. In this case, at the Montreal Museum of Fine Arts (acronym MBAM in French). The question is essentially, are we able to leave our laboratories and go test people in a less controlled environment like the museum with all of our devices and technologies?<\/p>\n<h4><strong>In what context are you trying to answer that question?<\/strong><\/h4>\n<p>We are working in the context of a study looking at the effects of a visit to the museum on mobility, cognition, and well-being. We first started with a healthy older adult population and then moved on to see if we could do the same thing but with people who have had a stroke and are still mobile.<\/p>\n<p>&nbsp;<\/p>\n<div class=\"highlight-box\">\n<p>This project is linked to two of <a href=\"https:\/\/crir.ca\/en\/research\/crirs-strategics-orientations\/\">CRIR\u2019s 2022-2028 Strategic Orientations:<\/a><\/p>\n<ul>\n<li>#3 Promoting inclusion, justice and social participation through inclusive environments<\/li>\n<li>#4 Advancing the science of knowledge mobilization and translation<\/li>\n<\/ul>\n<\/div>\n<p>&nbsp;<\/p>\n<h4><strong>What technology did you bring to the museum?<\/strong><\/h4>\n<p>This is a project with multiple researchers interested in different aspects.<\/p>\n<p><a href=\"https:\/\/crir.ca\/en\/member\/sylvie-nadeau-pht-ph-d\/\">Sylvie Nadeau<\/a> and Patrick Boissy are both interested in mobility, so together, they are evaluating the ability to the sit down and get up, how one\u2019s walk may change over the course of the museum visit, how they walk around the museum (for how long, how many steps, etc.), and more. To do this, they are using <a href=\"https:\/\/www.apple.com\/ca\/watch\/\">AppleWatches<\/a>, motion sensors, and a <a href=\"https:\/\/www.gaitrite.com\/\">GAITRite mat<\/a>, which is a portable sensitive walkway transported from the laboratory to the museum.<\/p>\n<p><strong>Louis Bherer<\/strong> is interested in cognition so he is measuring the kind of brain activity that appears in the prefrontal region of the brain when someone is looking at or analyzing an artwork. He is using a portable <a href=\"https:\/\/www.artinis.com\/brite\">near infrared spectroscopy (NIRS) device<\/a> to help measure this. Simply, it is a cap that sits on your head and uses infrared light to detect changes in the brain.<\/p>\n<p><a href=\"https:\/\/crir.ca\/en\/member\/eva-kehayia-ph-d\/\">Eva Kehayia<\/a>\u00a0and\u00a0<a href=\"https:\/\/crir.ca\/en\/member\/aaron-p-johnson-ph-d\/\">Aaron Johnson<\/a> are using <a href=\"https:\/\/pupil-labs.com\/\">Pupils Labs\u2019 eye tracking glasses<\/a>. Together they are interested in the experience of reading the descriptions accompanying the artwork, particularly of people who have had a stroke and have aphasia. They give the participants two descriptions, the museum\u2019s normal description and a simpler description, and then uses the glasses to track how much time they spend looking at the description versus the artwork.<\/p>\n<p><a href=\"https:\/\/crir.ca\/en\/member\/tiiu-poldma-ph-d\/\">Tiiu Poldma<\/a> is documenting, with the use of photographs and live observations, the physical characteristics of the environment, the circulation patterns in the museum, and the follow-ups of the project participants and their interactions with the museum while using the different technology. For example, does the NIRS cap disturb other museum visitors? Do the participants feel safe and secure while moving around the museum?<\/p>\n<p>Finally, myself, I am interested in the psychological aspect. For this, no special technology was needed. I used various paper and pencil questionnaires before and after their museum visit. I evaluated elements such as, the ability for participants to move from one task to another, working memory, memory capacity, pain, fatigue, anxiety, stress, wellbeing, and the degree of satisfaction of the experience.<\/p>\n<h4><strong>Wow, what a team! What has it been like working together? Have you learned anything new?<\/strong><\/h4>\n<p>Regardless of the obstacles we faced, it <em>is<\/em> possible to conduct research outside of our laboratories in a stimulating environment like a museum. All in all, it\u2019s been an incredibly enriching experience that has allowed me to collaborate with researchers outside of my domain and also broaden my research interests.<\/p>\n<h4><strong>Let\u2019s focus on your psychological aspect, what does the data tell us?<\/strong><\/h4>\n<p>One thing we have seen to date is the healthy older adults and the stroke patients both had the same levels of well-being, stress, anxiety, and satisfaction after the museum visit. This means, it does not seem to be creating any more stress or anxiety in the stroke patients and they are all satisfied. Although, the differences we are seeing is the stroke patients have more cognitive difficulties and are more tired. However, despite this fatigue, they enjoyed their experience and had a sense of wellbeing which is very interesting!<\/p>\n<h4><strong>What does it mean for NEURO-MBAM to be part of the Vitalise project?<\/strong><\/h4>\n<p>It means in the Fall of 2021 we shared our scientific methodology from NEURO-MBAM with the Vitalise network and there will be teams of researchers around the world that will reproduce our methodology in museums (notably, in Thessaloniki, Greece, to start). After which, we will put all of our data together to have a larger database of results to analyze and also have a better understanding of how transferable the idea is to different countries and cultures.<\/p>\n<h4><strong>Who funded this wonderful project and what are the next steps?<\/strong><\/h4>\n<p>This pilot project is funded by <a href=\"https:\/\/repar.ca\/en\/\">Quebec Rehabilitation Research Network (REPAR),<\/a> <a href=\"http:\/\/www.rqrv.com\/en\/\">the Quebec Network for Research on Aging (RQRV)<\/a>, and the <a href=\"https:\/\/regroupementinter.com\/en\/\"><em>Ing\u00e9nierie de technologies interactives en r\u00e9adaptations<\/em><\/a> regrouping (INTER) in collaboration with the Montreal Museum of Fine Arts.<\/p>\n<p>There are many things we would love to do from here! One thing is to open it up to different populations. For example, evaluating a group of people with Parkinson\u2019s, with Alzheimer\u2019s, or my expertise \u2013 people who have had a traumatic brain injury. Another is to eventually develop and define, in collaboration with museum employees and patient partners, a museum visit as a proper intervention. For this, we would need further studies to better understand what the visit would need to include, how long it should be, how it varies depending on the population\/symptoms, etc. There are many more discussions to be had with all our collaborators!<\/p>\n<p>&nbsp;<\/p>\n<p><strong>Thank you so much for sharing! It has been a pleasure discovering your work and fingers crossed for future funding so the team can take these ideas further.<\/strong><\/p>\n<p>&nbsp;<\/p>\n<div class=\"highlight-box\">\n<p>Interview and text:\u00a0<strong>Alida Esmail<\/strong>,\u00a0<em>Coordinator\u2014Partnerships and Knowledge Mobilization<\/em>, CRIR at:\u00a0<a href=\"mailto:partenariat.crir@ssss.gouv.qc.ca\">partenariat.crir@ssss.gouv.qc.ca<\/a><\/p>\n<\/div>\n<p>&nbsp;<\/p>\n","protected":false},"excerpt":{"rendered":"<p>January 2023 Edition (08) Transforming a museum into a living lab with portable technology An interview summary with Elaine de Guise Elaine de Guise, Ph. D. Associate Professor, Department of Psychology, Universit\u00e9 de Montr\u00e9al Researcher, CRIR\u2013Institut universitaire sur la r\u00e9adaptation&#8230;<br \/><a href=\"https:\/\/crir.ca\/en\/sharing-our-knowledge\/crir-connects\/transforming-a-museum-into-a-living-lab-with-portable-technology-january-2023-edition-08\/\" class=\"read-more btn\">Read more <span class=\"sr-only\">about Transforming a museum into a living lab with portable technology (January 2023- Edition 08)<\/span><\/a><\/p>\n","protected":false},"author":30,"featured_media":0,"parent":7319,"menu_order":0,"comment_status":"closed","ping_status":"closed","template":"","meta":{"_acf_changed":false,"footnotes":""},"class_list":["post-18571","page","type-page","status-publish","hentry"],"acf":[],"_links":{"self":[{"href":"https:\/\/crir.ca\/en\/wp-json\/wp\/v2\/pages\/18571","targetHints":{"allow":["GET"]}}],"collection":[{"href":"https:\/\/crir.ca\/en\/wp-json\/wp\/v2\/pages"}],"about":[{"href":"https:\/\/crir.ca\/en\/wp-json\/wp\/v2\/types\/page"}],"author":[{"embeddable":true,"href":"https:\/\/crir.ca\/en\/wp-json\/wp\/v2\/users\/30"}],"replies":[{"embeddable":true,"href":"https:\/\/crir.ca\/en\/wp-json\/wp\/v2\/comments?post=18571"}],"version-history":[{"count":8,"href":"https:\/\/crir.ca\/en\/wp-json\/wp\/v2\/pages\/18571\/revisions"}],"predecessor-version":[{"id":18830,"href":"https:\/\/crir.ca\/en\/wp-json\/wp\/v2\/pages\/18571\/revisions\/18830"}],"up":[{"embeddable":true,"href":"https:\/\/crir.ca\/en\/wp-json\/wp\/v2\/pages\/7319"}],"wp:attachment":[{"href":"https:\/\/crir.ca\/en\/wp-json\/wp\/v2\/media?parent=18571"}],"curies":[{"name":"wp","href":"https:\/\/api.w.org\/{rel}","templated":true}]}}