{"id":23080,"date":"2024-05-02T15:27:38","date_gmt":"2024-05-02T19:27:38","guid":{"rendered":"https:\/\/crir.ca\/?page_id=23080"},"modified":"2024-06-06T17:28:18","modified_gmt":"2024-06-06T21:28:18","slug":"research-group-on-traumatic-brain-injury-and-vulnerable-populations","status":"publish","type":"page","link":"https:\/\/crir.ca\/en\/research\/laboratories\/laboratories-2\/research-group-on-traumatic-brain-injury-and-vulnerable-populations\/","title":{"rendered":"Research group on traumatic brain injury and vulnerable populations"},"content":{"rendered":"<h2>Description<\/h2>\n<p>Our research group aims to restore the autonomy and improve the living conditions of people who have suffered a traumatic brain injury (TBI) in situations of domestic violence or homelessness. At present, most of these people remain undiagnosed and struggle to have their needs addressed. The sectors directly involved with these vulnerable populations (healthcare, rehabilitation, community services, socio-judicial) often operate in silos and fail to recognize the importance of identifying TBI among them. Yet TBI represent a significant public health issue, as the effects of such injuries can impact the autonomy of these individuals, their ability to maintain employment, or care for their children.<\/p>\n<p>By examining the specific needs of these vulnerable populations, the roles and collaborations of various intersectoral actors involved with them, and the opportunities provided by community rehabilitation, our research group hopes to understand how to better support them and facilitate their access to appropriate services. Ultimately, our goal is to develop a transformative social innovation: an ecosystem of intersectoral support that addresses the particular needs of individuals facing dual vulnerabilities, namely those who have experienced TBI and have lived through or are living in situations of violence or homelessness. Such an ecosystem could not only improve their quality of life, but also promote their physical and mental health, as well as their day-to-day autonomy.<\/p>\n<p>&nbsp;<\/p>\n<h3><strong>KEY-WORDS<\/strong><\/h3>\n<p>Traumatic brain injury (TBI); Intimate partner violence; Homelessness; Community-based rehabilitation; Cross-sectoral approach; articipatory research; Co-design<\/p>\n<p>&nbsp;<\/p>\n<p>&nbsp;<\/p>\n<h2>Axe et th\u00e8me de recherche<\/h2>\n<ul>\n<li>AXIS 2 &#8211; Participation, social inclusion and rehabilitation services<\/li>\n<li>THEME 2 &#8211; Services, systems and policies<\/li>\n<\/ul>\n<p>&nbsp;<\/p>\n<h2>Research team<\/h2>\n<p><strong><a href=\"https:\/\/crir.ca\/en\/member\/carolina-bottari-erg-ph-d\/\"><img loading=\"lazy\" decoding=\"async\" class=\"wp-image-5161 alignleft\" src=\"https:\/\/crir.ca\/wp-content\/uploads\/2019\/07\/BottariC.jpg\" alt=\"\" width=\"141\" height=\"179\" srcset=\"https:\/\/crir.ca\/wp-content\/uploads\/2019\/07\/BottariC.jpg 223w, https:\/\/crir.ca\/wp-content\/uploads\/2019\/07\/BottariC-19x24.jpg 19w, https:\/\/crir.ca\/wp-content\/uploads\/2019\/07\/BottariC-28x36.jpg 28w, https:\/\/crir.ca\/wp-content\/uploads\/2019\/07\/BottariC-38x48.jpg 38w\" sizes=\"auto, (max-width: 141px) 100vw, 141px\" \/><\/a><br \/>\n<\/strong><strong><a href=\"https:\/\/crir.ca\/en\/member\/carolina-bottari-erg-ph-d\/\">Carolina Bottari, erg., Ph.D.<\/a>,\u00a0<\/strong><\/p>\n<p>Full Professor at the School of Rehabilitation<br \/>\nUniversit\u00e9 de Montr\u00e9al<br \/>\nResearcher at CRIR-IURDPM<\/p>\n<p>&nbsp;<\/p>\n<p>&nbsp;<\/p>\n<ul>\n<li><strong>Laurence Roy<\/strong>, Professor, School of Physical and Occupational Therapy, McGill University<\/li>\n<li><strong>Marie-Marthe Cousineau<\/strong>, Full Professor at the School of Criminology at the Universit\u00e9 de Montr\u00e9al<\/li>\n<li><strong>Dominique Bernier<\/strong>, Professor, Department of Legal Sciences, Universit\u00e9 du Qu\u00e9bec \u00e0 Montr\u00e9al<\/li>\n<li><strong>Sophie Lecours<\/strong>, Research Officer, Institut universitaire sur la r\u00e9adaptation en d\u00e9ficience physique de Montr\u00e9al<\/li>\n<\/ul>\n<p>&nbsp;<\/p>\n<h2>Lab\/research group location<\/h2>\n<ul>\n<li><strong>CIUSSS du Centre-Sud-de l\u2019\u00cele-de-Montr\u00e9al : <\/strong><a href=\"https:\/\/ciusss-centresudmtl.gouv.qc.ca\/mission-universitaire\/designations-universitaires\/institut-universitaire-sur-la-readaptation-en-deficience-physique-de-montreal\/\">Institut universitaire sur la r\u00e9adaptation en d\u00e9ficience physique de Montr\u00e9al<\/a>\u00a0(IURDPM)<\/li>\n<li><strong>University of Montreal<\/strong><\/li>\n<li><strong>Universit\u00e9 du Qu\u00e9bec \u00e0 Montr\u00e9al<\/strong><\/li>\n<\/ul>\n<p>&nbsp;<\/p>\n<h2>Contact information<\/h2>\n<p><strong>Institut universitaire sur la r\u00e9adaptation en d\u00e9ficience physique de Montr\u00e9al<\/strong><br \/>\n<strong>Gingras-Lindsay site<\/strong><br \/>\n6300 Darlington Avenue<br \/>\nMontreal (Quebec), QC H3S 2J4<br \/>\nTelephone: 514 343-6111 (44048)<br \/>\nCarolina Bottari: <a href=\"mailto:bottari@umontreal.ca\">bottari@umontreal.ca<\/a><\/p>\n","protected":false},"excerpt":{"rendered":"<p>Description Our research group aims to restore the autonomy and improve the living conditions of people who have suffered a traumatic brain injury (TBI) in situations of domestic violence or homelessness. At present, most of these people remain undiagnosed and&#8230;<br \/><a href=\"https:\/\/crir.ca\/en\/research\/laboratories\/laboratories-2\/research-group-on-traumatic-brain-injury-and-vulnerable-populations\/\" class=\"read-more btn\">Read more <span class=\"sr-only\">about Research group on traumatic brain injury and vulnerable populations<\/span><\/a><\/p>\n","protected":false},"author":30,"featured_media":0,"parent":3602,"menu_order":3,"comment_status":"closed","ping_status":"closed","template":"","meta":{"_acf_changed":false,"footnotes":""},"class_list":["post-23080","page","type-page","status-publish","hentry"],"acf":[],"_links":{"self":[{"href":"https:\/\/crir.ca\/en\/wp-json\/wp\/v2\/pages\/23080","targetHints":{"allow":["GET"]}}],"collection":[{"href":"https:\/\/crir.ca\/en\/wp-json\/wp\/v2\/pages"}],"about":[{"href":"https:\/\/crir.ca\/en\/wp-json\/wp\/v2\/types\/page"}],"author":[{"embeddable":true,"href":"https:\/\/crir.ca\/en\/wp-json\/wp\/v2\/users\/30"}],"replies":[{"embeddable":true,"href":"https:\/\/crir.ca\/en\/wp-json\/wp\/v2\/comments?post=23080"}],"version-history":[{"count":9,"href":"https:\/\/crir.ca\/en\/wp-json\/wp\/v2\/pages\/23080\/revisions"}],"predecessor-version":[{"id":23589,"href":"https:\/\/crir.ca\/en\/wp-json\/wp\/v2\/pages\/23080\/revisions\/23589"}],"up":[{"embeddable":true,"href":"https:\/\/crir.ca\/en\/wp-json\/wp\/v2\/pages\/3602"}],"wp:attachment":[{"href":"https:\/\/crir.ca\/en\/wp-json\/wp\/v2\/media?parent=23080"}],"curies":[{"name":"wp","href":"https:\/\/api.w.org\/{rel}","templated":true}]}}