{"id":23360,"date":"2024-05-23T14:58:04","date_gmt":"2024-05-23T18:58:04","guid":{"rendered":"https:\/\/crir.ca\/research\/participate-in-the-research\/etude-de-linteraction-visuelle-vestibulaire-durant-le-controle-postural\/"},"modified":"2024-05-27T08:36:38","modified_gmt":"2024-05-27T12:36:38","slug":"etude-de-linteraction-visuelle-vestibulaire-durant-le-controle-postural","status":"publish","type":"page","link":"https:\/\/crir.ca\/en\/research\/participate-in-the-research\/etude-de-linteraction-visuelle-vestibulaire-durant-le-controle-postural\/","title":{"rendered":"Exploring visual-vestibular interaction during postural control"},"content":{"rendered":"<h1>PARTICIPANTS WANTED<\/h1>\n<h2>Exploring visual-vestibular interaction during postural control.<\/h2>\n<ul>\n<li><strong><strong>Objective: To measure the influence of repeated vestibular perturbation on sensory reweighting.<\/strong><\/strong><\/li>\n<\/ul>\n<h3><strong>Looking for participants aged between 18 and 60 years old<\/strong><\/h3>\n<p><strong style=\"color: var(--color-black); font-size: 0.9em;\"><u>Healthy participants<\/u><\/strong><\/p>\n<ul>\n<li><strong>\u00a0<\/strong>No history of dizziness or vertigo<\/li>\n<li>Normal hearing (will be assessed by audiogram)<\/li>\n<\/ul>\n<p>&nbsp;<\/p>\n<h4><strong>Nature of the participation:<\/strong><\/h4>\n<p>As a participant of this study, you will have to fill in a questionnaire regarding your general health. You will also complete hearing tests and evaluation of your vestibular system (balance system in your inner ear) and your postural control.<\/p>\n<h4><strong>Duration of participation: <\/strong><\/h4>\n<p>1 visit with a duration of approximately 2 hours.<\/p>\n<h4><strong>Location: <\/strong><\/h4>\n<p>2222 Avenue Laurier E, Montr\u00e9al, QC H2H 1C4, Canada<\/p>\n<h4><strong>crir researcher: <\/strong><\/h4>\n<p><a href=\"https:\/\/crir.ca\/en\/member\/maxime-maheu-ph-d\/\">Maxime Maheu, Ph.D.<\/a><br \/>\nAssistant Professor, School of Speech-Language Therapy and Audiology, Universit\u00e9 de Montr\u00e9al;<br \/>\nRegular Researcher, CRIR\u2014Institut universitaire sur la r\u00e9adaptation en d\u00e9ficience physique de Montr\u00e9al (IURDPM), CIUSSS du Centre-Sud-de-l&#8217;\u00cele-de-Montr\u00e9al<\/p>\n<p>&nbsp;<\/p>\n<h3>POSTER &amp; QR CODE | PARTICIPANTS WANTED:<\/h3>\n<ul>\n<li><a href=\"https:\/\/crir.ca\/wp-content\/uploads\/2024\/05\/2024-1996_affiche_EN_20240131_CER.pdf\">Poster &#8211; PDF format (pdf)<\/a><\/li>\n<li><a href=\"https:\/\/crir.ca\/wp-content\/uploads\/2024\/05\/2024-1996_affiche_EN_20240131_CER.docx\">Poster &#8211; Word format (docx)<\/a><\/li>\n<\/ul>\n<p>&nbsp;<\/p>\n<div class=\"highlight-box\">\n<p>If you have any questions about the research project or if you are interested to participate in this study, please contact Antonio Sam Pierre MPA, PhD student, Faculty of Medicine, School of Speech and Language Pathology and Audiology :(514) 699-2538 or <u>antonio.sam.pierre@umontreal.ca<\/u><\/p>\n<\/div>\n<p>&nbsp;<\/p>\n","protected":false},"excerpt":{"rendered":"<p>PARTICIPANTS WANTED Exploring visual-vestibular interaction during postural control. Objective: To measure the influence of repeated vestibular perturbation on sensory reweighting. Looking for participants aged between 18 and 60 years old Healthy participants \u00a0No history of dizziness or vertigo Normal hearing&#8230;<br \/><a href=\"https:\/\/crir.ca\/en\/research\/participate-in-the-research\/etude-de-linteraction-visuelle-vestibulaire-durant-le-controle-postural\/\" class=\"read-more btn\">Read more <span class=\"sr-only\">about Exploring visual-vestibular interaction during postural control<\/span><\/a><\/p>\n","protected":false},"author":23,"featured_media":0,"parent":1277,"menu_order":4,"comment_status":"closed","ping_status":"closed","template":"","meta":{"_acf_changed":false,"footnotes":""},"class_list":["post-23360","page","type-page","status-publish","hentry"],"acf":[],"_links":{"self":[{"href":"https:\/\/crir.ca\/en\/wp-json\/wp\/v2\/pages\/23360","targetHints":{"allow":["GET"]}}],"collection":[{"href":"https:\/\/crir.ca\/en\/wp-json\/wp\/v2\/pages"}],"about":[{"href":"https:\/\/crir.ca\/en\/wp-json\/wp\/v2\/types\/page"}],"author":[{"embeddable":true,"href":"https:\/\/crir.ca\/en\/wp-json\/wp\/v2\/users\/23"}],"replies":[{"embeddable":true,"href":"https:\/\/crir.ca\/en\/wp-json\/wp\/v2\/comments?post=23360"}],"version-history":[{"count":4,"href":"https:\/\/crir.ca\/en\/wp-json\/wp\/v2\/pages\/23360\/revisions"}],"predecessor-version":[{"id":23379,"href":"https:\/\/crir.ca\/en\/wp-json\/wp\/v2\/pages\/23360\/revisions\/23379"}],"up":[{"embeddable":true,"href":"https:\/\/crir.ca\/en\/wp-json\/wp\/v2\/pages\/1277"}],"wp:attachment":[{"href":"https:\/\/crir.ca\/en\/wp-json\/wp\/v2\/media?parent=23360"}],"curies":[{"name":"wp","href":"https:\/\/api.w.org\/{rel}","templated":true}]}}