{"id":27049,"date":"2025-07-21T08:02:47","date_gmt":"2025-07-21T12:02:47","guid":{"rendered":"https:\/\/crir.ca\/students\/bourse-de-soutien-a-linnovation-forget-belanger\/"},"modified":"2025-07-21T13:34:35","modified_gmt":"2025-07-21T17:34:35","slug":"bourse-de-soutien-a-linnovation-forget-belanger-formation-de-la-releve","status":"publish","type":"page","link":"https:\/\/crir.ca\/en\/students\/bourse-de-soutien-a-linnovation-forget-belanger-formation-de-la-releve\/","title":{"rendered":"Bourse de soutien \u00e0 l\u2019innovation Forget-B\u00e9langer \u2013 formation de la rel\u00e8ve"},"content":{"rendered":"<h1><\/h1>\n<h1><\/h1>\n<h1>La Bourse de soutien \u00e0 l\u2019innovation Forget-B\u00e9langer \u2014 formation de la rel\u00e8ve a \u00e9t\u00e9 cr\u00e9\u00e9e par le Centre de recherche interdisciplinaire en r\u00e9adaptation du Montr\u00e9al m\u00e9tropolitain (CRIR), en collaboration avec Robert Forget, son \u00e9pouse C\u00e9line B\u00e9langer, la Fondation R\u00c9A et la Fondation de l\u2019Institut Nazareth et Louis-Braille en juillet 2025.<\/h1>\n<p>Cette Bourse de soutien est offerte \u00e0 une personne \u00e9tudiante qui se distingue par une proposition ayant le potentiel de transformer les pratiques en r\u00e9adaptation dans un des axes du CRIR\u00a0: <a href=\"https:\/\/crir.ca\/en\/research\/axes-and-thematic-units\/axis-1\/\">Axe\u00a01 \u2014 Fonctions et activit\u00e9s sensorielles, motrices et cognitives<\/a> ou <a href=\"https:\/\/crir.ca\/en\/research\/axes-and-thematic-units\/axis-2\/\">Axe\u00a02 \u2014 Participation, inclusion sociale et services de r\u00e9adaptation<\/a>.<\/p>\n<p><a href=\"https:\/\/crir.ca\/chercheurs-et-intervenants\/membres-honoraires\/robert-forget-pht-ph-d\/\">Robert Forget<\/a> est professeur honoraire \u00e0 l\u2019\u00c9cole de r\u00e9adaptation de l\u2019Universit\u00e9 de Montr\u00e9al et co-fondateur du CRIR. En collaboration avec les chercheuses, les chercheurs et les directeurs g\u00e9n\u00e9raux des \u00e9tablissements de r\u00e9adaptation, il a \u00e9tabli les structures et le mode de fonctionnement de ce centre de recherche innovateur par son caract\u00e8re interuniversitaire, inter\u00e9tablissements et interdisciplinaire. Il en a par la suite assur\u00e9 la codirection scientifique pendant les neuf premi\u00e8res ann\u00e9es (2000-2009). Cette bourse annuelle a \u00e9t\u00e9 cr\u00e9\u00e9e en 2025 dans le cadre du 25<sup>e<\/sup>\u00a0anniversaire du CRIR afin de souligner l\u2019importance de soutenir des propositions novatrices et audacieuses ayant un potentiel d\u2019impact cons\u00e9quent pour les client\u00e8les des \u00e9tablissements de r\u00e9adaptation soutenus par ces deux fondations participantes.<\/p>\n<h3>Objectifs<\/h3>\n<ul>\n<li>Soutenir la formation de la rel\u00e8ve en innovation dans le domaine de l\u2019adaptation-r\u00e9adaptation pour l\u2019avancement des <a href=\"https:\/\/crir.ca\/en\/research\/crirs-strategics-orientations\/\">orientations strat\u00e9giques<\/a> du CRIR.<\/li>\n<li>Promouvoir la pratique\/recherche innovante par l\u2019implantation de nouvelles connaissances en r\u00e9pondant \u00e0 un besoin bien d\u00e9fini de mani\u00e8re plus ad\u00e9quate par un projet qui est source de changement.<\/li>\n<\/ul>\n<h3>Pourquoi avoir cr\u00e9\u00e9 cette bourse de soutien\u2009?<\/h3>\n<ol>\n<li>Parce que le passage des nouvelles connaissances \u00e0 leur application en pratique est un id\u00e9al, mais cela exige des ressources pour y arriver.<\/li>\n<\/ol>\n<p><em>Exemple\u00a0:<\/em> une personne doctorante d\u00e9veloppe une nouvelle intervention de r\u00e9adaptation qui peut r\u00e9volutionner les pratiques, mais elle r\u00e9alise qu\u2019il lui manque des ressources pour l\u2019implantation de cette intervention. <u>Sa proposition\u00a0:<\/u> suivre une formation en gestion du changement organisationnel et obtenir des services de graphisme pour une trousse d\u2019implantation vulgaris\u00e9e.<\/p>\n<ol start=\"2\">\n<li>Parce que ce n\u2019est pas facile de d\u00e9velopper des comp\u00e9tences entrepreneuriales et de conna\u00eetre les outils pour promouvoir son produit pour \u00e9ventuellement le commercialiser.<\/li>\n<\/ol>\n<p><em>Exemple\u00a0:<\/em> une personne postdoctorante a con\u00e7u un prototype d\u2019intervention en t\u00e9l\u00e9r\u00e9adaptation pendant sa th\u00e8se. <u>Sa proposition\u00a0:<\/u> apprendre \u00e0 monter son plan d\u2019affaires pour collecter des donn\u00e9es d\u2019impact \u00e9conomique qui pourront convaincre des investisseurs potentiels.<\/p>\n<h3>Conditions relatives \u00e0 la bourse de soutien<\/h3>\n<p>Une <strong>bourse de soutien de 6000 $<\/strong> est offerte <strong>chaque ann\u00e9e<\/strong> pour une proposition originale et novatrice d\u2019une personne \u00e9tudiante<strong><span style=\"color: #ff0000;\">*<\/span><\/strong> au doctorat ou postdoctorante. L\u2019octroi se fait sous forme de bourse et\/ou de fonds d\u2019op\u00e9ration selon les besoins d\u00e9crits dans la proposition. Cette bourse sert donc \u00e0 soutenir cette personne dans la r\u00e9alisation de sa proposition.<\/p>\n<p>Dans le cadre de ce concours, une proposition est d\u00e9finie comme un volet qui s\u2019int\u00e8gre ou s\u2019ajoute au projet de recherche doctoral ou postdoctoral et qui n\u00e9cessite un soutien financier sp\u00e9cifique. La proposition peut se situer \u00e0 n\u2019importe quel stade d\u2019avancement (id\u00e9ation, prototype, implantation ou commercialisation).<\/p>\n<p><strong><span style=\"color: #ff0000;\">*<\/span>La personne \u00e9tudiante doit \u00eatre membre du CRIR et \u00eatre supervis\u00e9e par une chercheuse ou un chercheur affili\u00e9 \u00e0 l&#8217;Institut Universitaire sur la r\u00e9adaptation en d\u00e9ficience physique de Montr\u00e9al (IURDPM) ou \u00e0 l\u2019Institut Nazareth et Louis-Braille (INLB). <\/strong>Pour devenir un membre \u00e9tudiant\u00a0<u>ou<\/u>\u00a0mettre \u00e0 jour votre statut acad\u00e9mique (ex.: changement de niveau ma\u00eetrise, doctorat, postdoctorat), veuillez remplir le\u00a0<a href=\"https:\/\/crir.ca\/en\/students\/how-to-become-a-member\/\" target=\"_blank\" rel=\"noopener\">formulaire d\u2019inscription en ligne\u00a0<i class=\"fa fa-external-link-square\" title=\"Ce lien s'ouvrira dans une nouvelle fen\u00eatre\" aria-hidden=\"true\"><\/i><span class=\"sr-only\">Ce lien s&#8217;ouvrira dans une nouvelle fen\u00eatre&#8221;<\/span><\/a>\u00a0<strong>d\u00e8s maintenant<\/strong><strong>.<\/strong><\/p>\n<p>Dans l\u2019attente de vos candidatures, nous vous invitons \u00e0 consulter tous les d\u00e9tails du concours ci-dessous.<\/p>\n<p>&nbsp;<\/p>\n<p><strong>La direction scientifique du CRIR<br \/>\n<\/strong><\/p>\n<div class=\"highlight-box\">\n<p>Fondation R\u00c9A:\u00a0<a href=\"https:\/\/fondationrea.ca\/\" target=\"_blank\" rel=\"noopener\">https:\/\/fondationrea.ca\u00a0<i class=\"fa fa-external-link-square\" title=\"Ce lien s'ouvrira dans une nouvelle fen\u00eatre\" aria-hidden=\"true\"><\/i><span class=\"sr-only\">Ce lien s&#8217;ouvrira dans une nouvelle fen\u00eatre&#8221;<\/span><\/a><\/p>\n<p>Fondation de l\u2019INLB:\u00a0<a href=\"https:\/\/www.fondationinlb.org\/\" target=\"_blank\" rel=\"noopener\">https:\/\/www.fondationinlb.org\u00a0<i class=\"fa fa-external-link-square\" title=\"Ce lien s'ouvrira dans une nouvelle fen\u00eatre\" aria-hidden=\"true\"><\/i><\/a><\/p>\n<\/div>\n<p><img loading=\"lazy\" decoding=\"async\" class=\"alignnone wp-image-27018\" src=\"https:\/\/crir.ca\/wp-content\/uploads\/2025\/07\/Logo_FondationREA.png\" sizes=\"auto, (max-width: 187px) 100vw, 187px\" srcset=\"https:\/\/crir.ca\/wp-content\/uploads\/2025\/07\/Logo_FondationREA.png 206w, https:\/\/crir.ca\/wp-content\/uploads\/2025\/07\/Logo_FondationREA-24x9.png 24w, https:\/\/crir.ca\/wp-content\/uploads\/2025\/07\/Logo_FondationREA-36x13.png 36w, https:\/\/crir.ca\/wp-content\/uploads\/2025\/07\/Logo_FondationREA-48x17.png 48w\" alt=\"Logo de la fondation R\u00c9A\" width=\"187\" height=\"67\" \/><img loading=\"lazy\" decoding=\"async\" class=\"alignnone size-medium wp-image-27016\" src=\"https:\/\/crir.ca\/wp-content\/uploads\/2025\/07\/LOGO_Fondation_2025.png-300x32.jpeg\" sizes=\"auto, (max-width: 300px) 100vw, 300px\" srcset=\"https:\/\/crir.ca\/wp-content\/uploads\/2025\/07\/LOGO_Fondation_2025.png-300x32.jpeg 300w, https:\/\/crir.ca\/wp-content\/uploads\/2025\/07\/LOGO_Fondation_2025.png-24x3.jpeg 24w, https:\/\/crir.ca\/wp-content\/uploads\/2025\/07\/LOGO_Fondation_2025.png-36x4.jpeg 36w, https:\/\/crir.ca\/wp-content\/uploads\/2025\/07\/LOGO_Fondation_2025.png-48x5.jpeg 48w, https:\/\/crir.ca\/wp-content\/uploads\/2025\/07\/LOGO_Fondation_2025.png.jpeg 566w\" alt=\"Logo de la Fondation de l'Institut Nazareth et Louis-Braille\" width=\"300\" height=\"32\" \/><img loading=\"lazy\" decoding=\"async\" class=\"alignnone wp-image-25921\" src=\"https:\/\/crir.ca\/wp-content\/uploads\/2025\/04\/CRIR_REG_25e_LOGO_Coul-300x300.jpg\" sizes=\"auto, (max-width: 160px) 100vw, 160px\" srcset=\"https:\/\/crir.ca\/wp-content\/uploads\/2025\/04\/CRIR_REG_25e_LOGO_Coul-300x300.jpg 300w, https:\/\/crir.ca\/wp-content\/uploads\/2025\/04\/CRIR_REG_25e_LOGO_Coul-1024x1024.jpg 1024w, https:\/\/crir.ca\/wp-content\/uploads\/2025\/04\/CRIR_REG_25e_LOGO_Coul-150x150.jpg 150w, https:\/\/crir.ca\/wp-content\/uploads\/2025\/04\/CRIR_REG_25e_LOGO_Coul-768x768.jpg 768w, https:\/\/crir.ca\/wp-content\/uploads\/2025\/04\/CRIR_REG_25e_LOGO_Coul-24x24.jpg 24w, https:\/\/crir.ca\/wp-content\/uploads\/2025\/04\/CRIR_REG_25e_LOGO_Coul-36x36.jpg 36w, https:\/\/crir.ca\/wp-content\/uploads\/2025\/04\/CRIR_REG_25e_LOGO_Coul-48x48.jpg 48w, https:\/\/crir.ca\/wp-content\/uploads\/2025\/04\/CRIR_REG_25e_LOGO_Coul.jpg 1500w\" alt=\"\" width=\"160\" height=\"160\" \/><\/p>\n<p>&nbsp;<\/p>\n<hr \/>\n<h1><\/h1>\n<h1>Concours 2025 : Bourse de soutien \u00e0 l\u2019innovation Forget-B\u00e9langer \u2013 formation de la rel\u00e8ve<\/h1>\n<h5><span style=\"color: #800000;\"><strong>lANCEMENT &#8211; premi\u00e8re \u00e9dition <\/strong><\/span><span style=\"color: #800000;\"><strong>: 17 JUILLET 2025<br \/>\n<\/strong><\/span><span style=\"color: #800000;\"><strong>Date limite pour soumettre son dossier de candidature : 15 septembre 2025, avant 16h<\/strong><\/span><strong><br \/>\n<\/strong><\/h5>\n<p>Les d\u00e9tails du concours et les informations pour soumettre un dossier de candidature se trouvent dans le lien suivant: <a class=\"docx\" href=\"https:\/\/crir.ca\/wp-content\/uploads\/2025\/07\/Bourse_Innovation_Forget-Belanger_Final.docx\" target=\"_blank\" rel=\"noopener\">description de la bourse Forget-B\u00e9langer\u00a0<i class=\"fa fa-file-text\" title=\"docx\" aria-hidden=\"true\"><\/i><span class=\"sr-only\">(docx)<\/span><\/a>.<\/p>\n<p>Voici les \u00e9l\u00e9ments principaux contenus dans cette description\u00a0:<\/p>\n<ul>\n<li>Mise en contexte<\/li>\n<li>Objectifs<\/li>\n<li>Exemples d\u2019utilisation de la bourse<\/li>\n<li>Conditions relatives \u00e0 la bourse<\/li>\n<li>Crit\u00e8res d\u2019admissibilit\u00e9 de la personne candidate et de la proposition soumise<\/li>\n<li>Crit\u00e8res d\u2019\u00e9valuation<\/li>\n<li>Appel et soumission de candidatures<\/li>\n<li>Processus d\u2019\u00e9valuation<\/li>\n<li>Engagement de la personne r\u00e9cipiendaire<\/li>\n<li>Annexe 1 \u2013 Pr\u00e9sentation de la candidature<\/li>\n<li>Annexe 2 \u2013 Crit\u00e8res d\u2019admissibilit\u00e9 et d\u2019\u00e9valuation d\u00e9taill\u00e9s<\/li>\n<li>Annexe 3 \u2013 Gabarit pour le dossier de candidature<\/li>\n<\/ul>\n<h3><strong>Session virtuelle de questions-r\u00e9ponses<\/strong><\/h3>\n<p>Les personnes int\u00e9ress\u00e9es \u00e0 soumettre leur candidature sont invit\u00e9es \u00e0 une session virtuelle de questions-r\u00e9ponses le\u00a0<strong>mardi 19 ao\u00fbt de 12h \u00e0 13h<\/strong>. Voici le lien Zoom pour se joindre \u00e0 la session :\u00a0<a href=\"https:\/\/us02web.zoom.us\/j\/84005032432\" target=\"_blank\" rel=\"noopener\">session virtuelle de questions-r\u00e9ponses\u00a0<i class=\"fa fa-external-link-square\" title=\"Ce lien s'ouvrira dans une nouvelle fen\u00eatre\" aria-hidden=\"true\"><\/i><span class=\"sr-only\">Ce lien s&#8217;ouvrira dans une nouvelle fen\u00eatre&#8221;<\/span><\/a><\/p>\n<h3><strong>Annonce des r\u00e9sultats<\/strong><\/h3>\n<p>La d\u00e9cision du comit\u00e9 d\u2019\u00e9valuation sera notifi\u00e9e par courriel aux candidates et candidats environ six semaines apr\u00e8s la fermeture du concours.<\/p>\n<p>Dans l\u2019attente de vos candidatures,<\/p>\n<p><strong>La direction scientifique du CRIR<\/strong><\/p>\n","protected":false},"excerpt":{"rendered":"<p>La Bourse de soutien \u00e0 l\u2019innovation Forget-B\u00e9langer \u2014 formation de la rel\u00e8ve a \u00e9t\u00e9 cr\u00e9\u00e9e par le Centre de recherche interdisciplinaire en r\u00e9adaptation du Montr\u00e9al m\u00e9tropolitain (CRIR), en collaboration avec Robert Forget, son \u00e9pouse C\u00e9line B\u00e9langer, la Fondation R\u00c9A et&#8230;<br \/><a href=\"https:\/\/crir.ca\/en\/students\/bourse-de-soutien-a-linnovation-forget-belanger-formation-de-la-releve\/\" class=\"read-more btn\">Read more <span class=\"sr-only\">about Bourse de soutien \u00e0 l\u2019innovation Forget-B\u00e9langer \u2013 formation de la rel\u00e8ve<\/span><\/a><\/p>\n","protected":false},"author":23,"featured_media":0,"parent":1283,"menu_order":6,"comment_status":"closed","ping_status":"closed","template":"","meta":{"_acf_changed":false,"footnotes":""},"class_list":["post-27049","page","type-page","status-publish","hentry"],"acf":[],"_links":{"self":[{"href":"https:\/\/crir.ca\/en\/wp-json\/wp\/v2\/pages\/27049","targetHints":{"allow":["GET"]}}],"collection":[{"href":"https:\/\/crir.ca\/en\/wp-json\/wp\/v2\/pages"}],"about":[{"href":"https:\/\/crir.ca\/en\/wp-json\/wp\/v2\/types\/page"}],"author":[{"embeddable":true,"href":"https:\/\/crir.ca\/en\/wp-json\/wp\/v2\/users\/23"}],"replies":[{"embeddable":true,"href":"https:\/\/crir.ca\/en\/wp-json\/wp\/v2\/comments?post=27049"}],"version-history":[{"count":4,"href":"https:\/\/crir.ca\/en\/wp-json\/wp\/v2\/pages\/27049\/revisions"}],"predecessor-version":[{"id":27063,"href":"https:\/\/crir.ca\/en\/wp-json\/wp\/v2\/pages\/27049\/revisions\/27063"}],"up":[{"embeddable":true,"href":"https:\/\/crir.ca\/en\/wp-json\/wp\/v2\/pages\/1283"}],"wp:attachment":[{"href":"https:\/\/crir.ca\/en\/wp-json\/wp\/v2\/media?parent=27049"}],"curies":[{"name":"wp","href":"https:\/\/api.w.org\/{rel}","templated":true}]}}