{"id":4056,"date":"2019-01-15T15:54:44","date_gmt":"2019-01-15T20:54:44","guid":{"rendered":"https:\/\/crir.ca\/?page_id=4056"},"modified":"2021-09-22T14:03:41","modified_gmt":"2021-09-22T18:03:41","slug":"evaluation-rehabilitation-services","status":"publish","type":"page","link":"https:\/\/crir.ca\/en\/research\/laboratories\/laboratories-2\/evaluation-rehabilitation-services\/","title":{"rendered":"Evaluation of Rehabilitation Services Laboratory"},"content":{"rendered":"<h2>Description<\/h2>\n<p>Development, evaluation and implementation of rehabilitation intervention across the continuum of care (e.g. dance therapy programs, interdisciplinary concussion programs, community-based physical activity program); traumatic brain injury (mild,<img loading=\"lazy\" decoding=\"async\" class=\"size-full wp-image-13405 alignright\" src=\"https:\/\/crir.ca\/wp-content\/uploads\/2021\/09\/Danse_Fauteuil.jpg\" alt=\"\" width=\"348\" height=\"274\" srcset=\"https:\/\/crir.ca\/wp-content\/uploads\/2021\/09\/Danse_Fauteuil.jpg 348w, https:\/\/crir.ca\/wp-content\/uploads\/2021\/09\/Danse_Fauteuil-300x236.jpg 300w, https:\/\/crir.ca\/wp-content\/uploads\/2021\/09\/Danse_Fauteuil-24x19.jpg 24w, https:\/\/crir.ca\/wp-content\/uploads\/2021\/09\/Danse_Fauteuil-36x28.jpg 36w, https:\/\/crir.ca\/wp-content\/uploads\/2021\/09\/Danse_Fauteuil-48x38.jpg 48w\" sizes=\"auto, (max-width: 348px) 100vw, 348px\" \/> moderate and severe) \u2013 epidemiology, tool development; intersectoral research (RehabMaLL); determinants of participation of persons with a physical disability (e.g. clothing).<\/p>\n<h3>key-words<\/h3>\n<p>Traumatic brain injury, program evaluation, co-creation, participatory approach, intersectoral<\/p>\n<h3><a href=\"https:\/\/www.youtube.com\/watch?time_continue=96&amp;v=_yjgT4J8Xnk\" target=\"_blank\" rel=\"noopener\">Video<\/a><\/h3>\n<h2>Axis and research theme<\/h2>\n<p><strong>AXIS 2 \u2013<\/strong> Participation, Social Inclusion and Rehabilitation Services<br \/>\n<strong>THEME 2\u00a0\u2013<\/strong> Services, Systems and Policy<\/p>\n<h2>Research team<\/h2>\n<h3><a href=\"https:\/\/crir.ca\/en\/members-and-health-care-professional\/full-members\/bonnie-r-swaine-pht-ph-d\/\" target=\"_blank\" rel=\"noopener\">Bonnie Swaine, pht, Ph.D.<\/a><\/h3>\n<p><img loading=\"lazy\" decoding=\"async\" class=\"alignnone wp-image-13407\" src=\"https:\/\/crir.ca\/wp-content\/uploads\/2021\/09\/BS_\u00c9quipe_Lachance.jpg\" alt=\"\" width=\"183\" height=\"170\" srcset=\"https:\/\/crir.ca\/wp-content\/uploads\/2021\/09\/BS_\u00c9quipe_Lachance.jpg 1320w, https:\/\/crir.ca\/wp-content\/uploads\/2021\/09\/BS_\u00c9quipe_Lachance-300x279.jpg 300w, https:\/\/crir.ca\/wp-content\/uploads\/2021\/09\/BS_\u00c9quipe_Lachance-768x714.jpg 768w, https:\/\/crir.ca\/wp-content\/uploads\/2021\/09\/BS_\u00c9quipe_Lachance-1024x953.jpg 1024w, https:\/\/crir.ca\/wp-content\/uploads\/2021\/09\/BS_\u00c9quipe_Lachance-24x22.jpg 24w, https:\/\/crir.ca\/wp-content\/uploads\/2021\/09\/BS_\u00c9quipe_Lachance-36x33.jpg 36w, https:\/\/crir.ca\/wp-content\/uploads\/2021\/09\/BS_\u00c9quipe_Lachance-48x45.jpg 48w\" sizes=\"auto, (max-width: 183px) 100vw, 183px\" \/>\u00a0<img loading=\"lazy\" decoding=\"async\" class=\"alignnone wp-image-13409\" style=\"font-size: 0.9em;\" src=\"https:\/\/crir.ca\/wp-content\/uploads\/2021\/09\/BS_\u00c9quipe_POncet.jpg\" alt=\"\" width=\"227\" height=\"171\" srcset=\"https:\/\/crir.ca\/wp-content\/uploads\/2021\/09\/BS_\u00c9quipe_POncet.jpg 1320w, https:\/\/crir.ca\/wp-content\/uploads\/2021\/09\/BS_\u00c9quipe_POncet-300x225.jpg 300w, https:\/\/crir.ca\/wp-content\/uploads\/2021\/09\/BS_\u00c9quipe_POncet-768x576.jpg 768w, https:\/\/crir.ca\/wp-content\/uploads\/2021\/09\/BS_\u00c9quipe_POncet-1024x768.jpg 1024w, https:\/\/crir.ca\/wp-content\/uploads\/2021\/09\/BS_\u00c9quipe_POncet-24x18.jpg 24w, https:\/\/crir.ca\/wp-content\/uploads\/2021\/09\/BS_\u00c9quipe_POncet-36x27.jpg 36w, https:\/\/crir.ca\/wp-content\/uploads\/2021\/09\/BS_\u00c9quipe_POncet-48x36.jpg 48w\" sizes=\"auto, (max-width: 227px) 100vw, 227px\" \/><span style=\"font-size: 0.9em;\">\u00a0<\/span><img loading=\"lazy\" decoding=\"async\" class=\"alignnone wp-image-13411\" style=\"font-size: 0.9em;\" src=\"https:\/\/crir.ca\/wp-content\/uploads\/2021\/09\/BS_\u00c9tudiants.jpg\" alt=\"\" width=\"240\" height=\"180\" srcset=\"https:\/\/crir.ca\/wp-content\/uploads\/2021\/09\/BS_\u00c9tudiants.jpg 432w, https:\/\/crir.ca\/wp-content\/uploads\/2021\/09\/BS_\u00c9tudiants-300x225.jpg 300w, https:\/\/crir.ca\/wp-content\/uploads\/2021\/09\/BS_\u00c9tudiants-24x18.jpg 24w, https:\/\/crir.ca\/wp-content\/uploads\/2021\/09\/BS_\u00c9tudiants-36x27.jpg 36w, https:\/\/crir.ca\/wp-content\/uploads\/2021\/09\/BS_\u00c9tudiants-48x36.jpg 48w\" sizes=\"auto, (max-width: 240px) 100vw, 240px\" \/><\/p>\n<h2>Contact information<\/h2>\n<p><strong>Evaluation of rehabilitation services laboratory<\/strong><br \/>\nCRIR\u2013Institut universitaire sur la r\u00e9adaptation en d\u00e9ficience physique de Montr\u00e9al (IURDPM)<br \/>\nLindsay pavilion, Office 061<br \/>\nCIUSSS du Centre-Sud-de-l&#8217;\u00cele-de-Montr\u00e9al<br \/>\n6363, Hudson Road<br \/>\nMontr\u00e9al QC H3S 1M9<\/p>\n","protected":false},"excerpt":{"rendered":"<p>Description Development, evaluation and implementation of rehabilitation intervention across the continuum of care (e.g. dance therapy programs, interdisciplinary concussion programs, community-based physical activity program); traumatic brain injury (mild, moderate and severe) \u2013 epidemiology, tool development; intersectoral research (RehabMaLL); determinants of&#8230;<br \/><a href=\"https:\/\/crir.ca\/en\/research\/laboratories\/laboratories-2\/evaluation-rehabilitation-services\/\" class=\"read-more btn\">Read more <span class=\"sr-only\">about Evaluation of Rehabilitation Services Laboratory<\/span><\/a><\/p>\n","protected":false},"author":1,"featured_media":0,"parent":3602,"menu_order":8,"comment_status":"closed","ping_status":"closed","template":"","meta":{"_acf_changed":false,"footnotes":""},"class_list":["post-4056","page","type-page","status-publish","hentry"],"acf":[],"_links":{"self":[{"href":"https:\/\/crir.ca\/en\/wp-json\/wp\/v2\/pages\/4056","targetHints":{"allow":["GET"]}}],"collection":[{"href":"https:\/\/crir.ca\/en\/wp-json\/wp\/v2\/pages"}],"about":[{"href":"https:\/\/crir.ca\/en\/wp-json\/wp\/v2\/types\/page"}],"author":[{"embeddable":true,"href":"https:\/\/crir.ca\/en\/wp-json\/wp\/v2\/users\/1"}],"replies":[{"embeddable":true,"href":"https:\/\/crir.ca\/en\/wp-json\/wp\/v2\/comments?post=4056"}],"version-history":[{"count":8,"href":"https:\/\/crir.ca\/en\/wp-json\/wp\/v2\/pages\/4056\/revisions"}],"predecessor-version":[{"id":13413,"href":"https:\/\/crir.ca\/en\/wp-json\/wp\/v2\/pages\/4056\/revisions\/13413"}],"up":[{"embeddable":true,"href":"https:\/\/crir.ca\/en\/wp-json\/wp\/v2\/pages\/3602"}],"wp:attachment":[{"href":"https:\/\/crir.ca\/en\/wp-json\/wp\/v2\/media?parent=4056"}],"curies":[{"name":"wp","href":"https:\/\/api.w.org\/{rel}","templated":true}]}}