{"id":6167,"date":"2019-08-08T13:42:58","date_gmt":"2019-08-08T17:42:58","guid":{"rendered":"https:\/\/crir.ca\/research\/laboratories\/laboratories-2\/equipe-de-recherche-sur-linteraction-linclusion-sociale-et-la-communication-eriic\/"},"modified":"2020-03-20T15:59:22","modified_gmt":"2020-03-20T19:59:22","slug":"equipe-de-recherche-sur-linteraction-linclusion-sociale-et-la-communication-eriic","status":"publish","type":"page","link":"https:\/\/crir.ca\/en\/research\/laboratories\/laboratories-2\/equipe-de-recherche-sur-linteraction-linclusion-sociale-et-la-communication-eriic\/","title":{"rendered":"Research Team on Interaction, Social Inclusion and communication (ERIIC)"},"content":{"rendered":"<h2>Description<\/h2>\n<p>The ERIIC team\u2019s interest lies in communication, communication between people of all ages\u2014from infants to seniors \u2013who live with a communication problem, be it developmental, or acquired, such as aphasia or other cognitive-communicative disorders due to a stroke or a cranio-cerebral trauma. Teamwork here usually involves not only the person with the disorder but also those around them: family, friends, careers, or strangers. In this way, students and team members try to understand the interactions and authentic communication in different conversation contexts including conversation used in daily living activities and interactions within the community, for example. A better understanding of authentic communication serves as a springboard for developing pragmatic or social interventions and different types of training that include the communication partners so as to facilitate communication, interaction and social inclusion among those who live with communication problems. Many of the team\u2019s projects use qualitative or mixed methods derived from traditional conversation analysis.<\/p>\n<h3>Key-words<\/h3>\n<p>Communication, conversation, interaction, social participation, social inclusion, conversational partners, family, speech-language pathology, stroke, traumatic brain injury.<\/p>\n<h2>Axis and research theme<\/h2>\n<p><strong>AXIS 2 \u2013<\/strong> Participation, Social Inclusion and Rehabilitation Services<br \/>\n<strong>THEME 1 \u2013<\/strong> The Person, their Entourage and the Community<\/p>\n<h2>Research team<\/h2>\n<h3><a href=\"https:\/\/crir.ca\/en\/member\/claire-croteau-ph-d\/\" target=\"_blank\" rel=\"noopener\">Claire Croteau, Ph.D.<\/a><br \/>\n<a href=\"https:\/\/crir.ca\/en\/member\/2949\/\" target=\"_blank\" rel=\"noopener\">Ingrid Verduyckt, Ph.D.<\/a><\/h3>\n<h2>Contact information<\/h2>\n<p><strong>Research Team on Interaction, Social Inclusion and communication (ERIIC)<\/strong><br \/>\nInstitut universitaire sur la r\u00e9adaptation en d\u00e9ficience physique de Montr\u00e9al (IURDPM)<br \/>\nLindsay Pavilion<br \/>\nCIUSSS du Centre-Sud-de-l\u2019\u00cele-de-Montr\u00e9al<br \/>\n6363, Hudson Road<br \/>\nMontr\u00e9al QC H3S 1M9<\/p>\n<p><strong>E<\/strong>\u00a0 <a href=\"mailto:ingrid.verduyckt@umontreal.ca\" target=\"_blank\" rel=\"noopener\">ingrid.verduyckt@umontreal.ca<\/a><\/p>\n","protected":false},"excerpt":{"rendered":"<p>Description The ERIIC team\u2019s interest lies in communication, communication between people of all ages\u2014from infants to seniors \u2013who live with a communication problem, be it developmental, or acquired, such as aphasia or other cognitive-communicative disorders due to a stroke or&#8230;<br \/><a href=\"https:\/\/crir.ca\/en\/research\/laboratories\/laboratories-2\/equipe-de-recherche-sur-linteraction-linclusion-sociale-et-la-communication-eriic\/\" class=\"read-more btn\">Read more <span class=\"sr-only\">about Research Team on Interaction, Social Inclusion and communication (ERIIC)<\/span><\/a><\/p>\n","protected":false},"author":1,"featured_media":0,"parent":3602,"menu_order":4,"comment_status":"closed","ping_status":"closed","template":"","meta":{"_acf_changed":false,"footnotes":""},"class_list":["post-6167","page","type-page","status-publish","hentry"],"acf":[],"_links":{"self":[{"href":"https:\/\/crir.ca\/en\/wp-json\/wp\/v2\/pages\/6167","targetHints":{"allow":["GET"]}}],"collection":[{"href":"https:\/\/crir.ca\/en\/wp-json\/wp\/v2\/pages"}],"about":[{"href":"https:\/\/crir.ca\/en\/wp-json\/wp\/v2\/types\/page"}],"author":[{"embeddable":true,"href":"https:\/\/crir.ca\/en\/wp-json\/wp\/v2\/users\/1"}],"replies":[{"embeddable":true,"href":"https:\/\/crir.ca\/en\/wp-json\/wp\/v2\/comments?post=6167"}],"version-history":[{"count":9,"href":"https:\/\/crir.ca\/en\/wp-json\/wp\/v2\/pages\/6167\/revisions"}],"predecessor-version":[{"id":7850,"href":"https:\/\/crir.ca\/en\/wp-json\/wp\/v2\/pages\/6167\/revisions\/7850"}],"up":[{"embeddable":true,"href":"https:\/\/crir.ca\/en\/wp-json\/wp\/v2\/pages\/3602"}],"wp:attachment":[{"href":"https:\/\/crir.ca\/en\/wp-json\/wp\/v2\/media?parent=6167"}],"curies":[{"name":"wp","href":"https:\/\/api.w.org\/{rel}","templated":true}]}}