{"id":6275,"date":"2019-08-13T08:56:23","date_gmt":"2019-08-13T12:56:23","guid":{"rendered":"https:\/\/crir.ca\/?page_id=6275"},"modified":"2019-08-13T09:04:17","modified_gmt":"2019-08-13T13:04:17","slug":"research-lab-on-families-living-with-a-child-with-neurodevelopmental-disorder","status":"publish","type":"page","link":"https:\/\/crir.ca\/en\/research\/laboratories\/laboratories-2\/research-lab-on-families-living-with-a-child-with-neurodevelopmental-disorder\/","title":{"rendered":"Research Lab on Families Living with a Child with Neurodevelopmental Disorder"},"content":{"rendered":"<h2>Description<\/h2>\n<p>The research conducted in this laboratory deals with the representations and perceptions that parents of a child with neurodevelopmental disorder\u00a0 have of their role and the practices that they develop to play that role. A second area of study that derives from the first is the analysis of social participation of these families and their children. Thus, our research has allowed us to identify various factors that have an influence on the representations, perceptions and practices not only of the parents but also of other stakeholders from different environments (school, rehab, social, etc.) with which the child and their family interact. Qualitative methodologies are primarily used in a collaborative and participatory approach. As for data collection tools used, these vary according to target objectives of the research in question.\u00a0 It may involve individual or group interviews, whether directive or open-ended, observation, etc. In the last few years, quantitative type tools (online questionnaires, surveys, etc.) have been employed; this has led to mixed methodology.<\/p>\n<h3>Key-words<\/h3>\n<p>Family, children with neurodevelopmental disorders, social participation, inclusive education.<\/p>\n<h2>Axis and research theme<\/h2>\n<p><strong>AXIS 2 \u2013<\/strong> Participation, Social Inclusion and Rehabilitation Services<br \/>\n<strong>THEME 1 \u2013<\/strong> The Person, their Entourage and the Community<\/p>\n<h2>Research team<\/h2>\n<h3><a href=\"https:\/\/crir.ca\/en\/member\/france-beauregard-ph-d\/\" target=\"_blank\" rel=\"noopener\">France Beauregard, Ph.D.<\/a><\/h3>\n<h2>Contact information<\/h2>\n<p><strong>Research Lab on Families Living with a Child with Neurodevelopmental Disorder<\/strong><br \/>\nInstitut universitaire sur la r\u00e9adaptation en d\u00e9ficience physique de Montr\u00e9al (IURDPM)<br \/>\nLaurier Pavilion<br \/>\nCIUSSS du Centre-Sud-de-l\u2019\u00cele-de-Montr\u00e9al<br \/>\n2275, Laurier Avenue East<br \/>\nMontr\u00e9al QC H2H 2N8<\/p>\n","protected":false},"excerpt":{"rendered":"<p>Description The research conducted in this laboratory deals with the representations and perceptions that parents of a child with neurodevelopmental disorder\u00a0 have of their role and the practices that they develop to play that role. A second area of study&#8230;<br \/><a href=\"https:\/\/crir.ca\/en\/research\/laboratories\/laboratories-2\/research-lab-on-families-living-with-a-child-with-neurodevelopmental-disorder\/\" class=\"read-more btn\">Read more <span class=\"sr-only\">about Research Lab on Families Living with a Child with Neurodevelopmental Disorder<\/span><\/a><\/p>\n","protected":false},"author":1,"featured_media":0,"parent":3602,"menu_order":17,"comment_status":"closed","ping_status":"closed","template":"","meta":{"_acf_changed":false,"footnotes":""},"class_list":["post-6275","page","type-page","status-publish","hentry"],"acf":[],"_links":{"self":[{"href":"https:\/\/crir.ca\/en\/wp-json\/wp\/v2\/pages\/6275","targetHints":{"allow":["GET"]}}],"collection":[{"href":"https:\/\/crir.ca\/en\/wp-json\/wp\/v2\/pages"}],"about":[{"href":"https:\/\/crir.ca\/en\/wp-json\/wp\/v2\/types\/page"}],"author":[{"embeddable":true,"href":"https:\/\/crir.ca\/en\/wp-json\/wp\/v2\/users\/1"}],"replies":[{"embeddable":true,"href":"https:\/\/crir.ca\/en\/wp-json\/wp\/v2\/comments?post=6275"}],"version-history":[{"count":5,"href":"https:\/\/crir.ca\/en\/wp-json\/wp\/v2\/pages\/6275\/revisions"}],"predecessor-version":[{"id":6284,"href":"https:\/\/crir.ca\/en\/wp-json\/wp\/v2\/pages\/6275\/revisions\/6284"}],"up":[{"embeddable":true,"href":"https:\/\/crir.ca\/en\/wp-json\/wp\/v2\/pages\/3602"}],"wp:attachment":[{"href":"https:\/\/crir.ca\/en\/wp-json\/wp\/v2\/media?parent=6275"}],"curies":[{"name":"wp","href":"https:\/\/api.w.org\/{rel}","templated":true}]}}