{"id":8636,"date":"2018-03-20T09:44:14","date_gmt":"2018-03-20T13:44:14","guid":{"rendered":"https:\/\/crir.ca\/?page_id=8636"},"modified":"2025-10-10T11:06:47","modified_gmt":"2025-10-10T15:06:47","slug":"scientific-directors-2","status":"publish","type":"page","link":"https:\/\/crir.ca\/en\/about\/our-team\/scientific-directors-2\/","title":{"rendered":"Scientific Directors"},"content":{"rendered":"<p><a href=\"https:\/\/crir.ca\/en\/member\/philippe-archambault-erg-ph-d\/\"><strong><img loading=\"lazy\" decoding=\"async\" class=\" wp-image-19216 alignleft\" src=\"https:\/\/crir.ca\/wp-content\/uploads\/2023\/02\/Philippe-Archambault.jpg\" alt=\"\" width=\"186\" height=\"186\" srcset=\"https:\/\/crir.ca\/wp-content\/uploads\/2023\/02\/Philippe-Archambault.jpg 225w, https:\/\/crir.ca\/wp-content\/uploads\/2023\/02\/Philippe-Archambault-150x150.jpg 150w, https:\/\/crir.ca\/wp-content\/uploads\/2023\/02\/Philippe-Archambault-24x24.jpg 24w, https:\/\/crir.ca\/wp-content\/uploads\/2023\/02\/Philippe-Archambault-36x36.jpg 36w, https:\/\/crir.ca\/wp-content\/uploads\/2023\/02\/Philippe-Archambault-48x48.jpg 48w\" sizes=\"auto, (max-width: 186px) 100vw, 186px\" \/>Philippe Archambault<\/strong>\u00a0<\/a>\u2014\u00a0Co-Scientific Director of CRIR and the <em>Institut universitaire sur la r\u00e9adaptation en d\u00e9ficience physique de Montr\u00e9al<\/em> of the <em>CIUSSS du Centre-Sud-de-l\u2019\u00cele-de-Montr\u00e9al<\/em> (IURDPM-CCSMTL) from 2000 to present, he holds a PhD Neurosciences from the Universit\u00e9 de Montr\u00e9al, and a postdoctoral internship in neurophysiology at the Universit\u00e0 di Roma \u201cLa Sapienza\u201d in Italy. He is Full Professor at the School of Physical and Occupational Therapy, McGill\u2019s Faculty of medicine. His laboratory is located at the Jewish Rehabilitation Hospital of the CISSS de Laval.<\/p>\n<p>Trained occupational therapist, he is particularly interested in developing and evaluating rehabilitation technologies. His research is more specifically centred on the use of robotics and virtual reality for the rehabilitation of patients who have suffered a stroke. Robotics, for instance, provides physical assistance to arm movements; virtual reality offers a stimulating environment in which a person living with a physical disability can practise everyday tasks.<\/p>\n<p>He also leads researches on the development and evaluation of simulators for the training of patients using a wheelchair, a motorized wheelchair or a four-wheeled scooter.<\/p>\n<p>Since 2017, he has led the provincial cross-sector initiative \u201c<a href=\"https:\/\/societeinclusive.ca\/en\/\">Inclusive Society<\/a>.\u201d This initiative aims to improve the social inclusion of people with disabilities through participatory research. Inclusive Society funds and supports research teams made up of community partners in collaboration with academic researchers.<\/p>\n<p>&nbsp;<\/p>\n<p>&nbsp;<\/p>\n<p><img loading=\"lazy\" decoding=\"async\" class=\"wp-image-24533 alignleft\" src=\"https:\/\/crir.ca\/wp-content\/uploads\/2017\/05\/Claudine-Auger-300x300.jpg\" alt=\"\" width=\"187\" height=\"187\" srcset=\"https:\/\/crir.ca\/wp-content\/uploads\/2017\/05\/Claudine-Auger-300x300.jpg 300w, https:\/\/crir.ca\/wp-content\/uploads\/2017\/05\/Claudine-Auger-150x150.jpg 150w, https:\/\/crir.ca\/wp-content\/uploads\/2017\/05\/Claudine-Auger-24x24.jpg 24w, https:\/\/crir.ca\/wp-content\/uploads\/2017\/05\/Claudine-Auger-36x36.jpg 36w, https:\/\/crir.ca\/wp-content\/uploads\/2017\/05\/Claudine-Auger-48x48.jpg 48w, https:\/\/crir.ca\/wp-content\/uploads\/2017\/05\/Claudine-Auger.jpg 500w\" sizes=\"auto, (max-width: 187px) 100vw, 187px\" \/><\/p>\n<p><a href=\"https:\/\/crir.ca\/en\/member\/claudine-auger-erg-ph-d\/\"><strong>Claudine Auger<\/strong>\u00a0<\/a>\u2014\u00a0Co-Scientific Director of CRIR and the <em>Institut universitaire sur la r\u00e9adaptation en d\u00e9ficience physique de Montr\u00e9al<\/em> of the <em>CIUSSS du Centre-Sud-de-l\u2019\u00cele-de-Montr\u00e9al<\/em> (IURDPM-CCSMTL) from 2000 to present, she holds a PhD in Biomedical Sciences (Rehabilitation) and completed postdoctoral studies at McGill University (Health Informatics) and the University of British Columbia (Rehabilitation Sciences). She is a Full Professor at the School of Rehabilitation of the Faculty of Medicine at the <em>Universit\u00e9 de Montreal<\/em>. Her laboratory is located at the IURDPM-CCSMTL.<\/p>\n<p>Trained occupational therapist, she uses health informatics in her pan-Canadian research program to improve access, allocation, follow-up and training of people with a motor or sensory disability relying on technical assistance and family caregivers. Using participatory methodologies centred on the users and their ecosystem, she develops partnerships with businesses and clinical or community partners in Canada and abroad.<\/p>\n<p>She also heads a networking initiative aimed at enabling the transfer of knowledge on methodological approaches to the assessment of the usability of rehabilitation technologies. Her expertise is sought by national and international committees working on these research themes.<\/p>\n<p>&nbsp;<\/p>\n<div class=\"highlight-box\">\n<p><b>Philippe Archambault<\/b> and <b>Claudine Auger<\/b> have been in charge of the scientific direction of CRIR since 2020.<\/p>\n<\/div>\n","protected":false},"excerpt":{"rendered":"<p>Philippe Archambault\u00a0\u2014\u00a0Co-Scientific Director of CRIR and the Institut universitaire sur la r\u00e9adaptation en d\u00e9ficience physique de Montr\u00e9al of the CIUSSS du Centre-Sud-de-l\u2019\u00cele-de-Montr\u00e9al (IURDPM-CCSMTL) from 2000 to present, he holds a PhD Neurosciences from the Universit\u00e9 de Montr\u00e9al, and a postdoctoral&#8230;<br \/><a href=\"https:\/\/crir.ca\/en\/about\/our-team\/scientific-directors-2\/\" class=\"read-more btn\">Read more <span class=\"sr-only\">about Scientific Directors<\/span><\/a><\/p>\n","protected":false},"author":23,"featured_media":0,"parent":1357,"menu_order":0,"comment_status":"closed","ping_status":"closed","template":"","meta":{"_acf_changed":false,"footnotes":""},"class_list":["post-8636","page","type-page","status-publish","hentry"],"acf":[],"_links":{"self":[{"href":"https:\/\/crir.ca\/en\/wp-json\/wp\/v2\/pages\/8636","targetHints":{"allow":["GET"]}}],"collection":[{"href":"https:\/\/crir.ca\/en\/wp-json\/wp\/v2\/pages"}],"about":[{"href":"https:\/\/crir.ca\/en\/wp-json\/wp\/v2\/types\/page"}],"author":[{"embeddable":true,"href":"https:\/\/crir.ca\/en\/wp-json\/wp\/v2\/users\/23"}],"replies":[{"embeddable":true,"href":"https:\/\/crir.ca\/en\/wp-json\/wp\/v2\/comments?post=8636"}],"version-history":[{"count":21,"href":"https:\/\/crir.ca\/en\/wp-json\/wp\/v2\/pages\/8636\/revisions"}],"predecessor-version":[{"id":27884,"href":"https:\/\/crir.ca\/en\/wp-json\/wp\/v2\/pages\/8636\/revisions\/27884"}],"up":[{"embeddable":true,"href":"https:\/\/crir.ca\/en\/wp-json\/wp\/v2\/pages\/1357"}],"wp:attachment":[{"href":"https:\/\/crir.ca\/en\/wp-json\/wp\/v2\/media?parent=8636"}],"curies":[{"name":"wp","href":"https:\/\/api.w.org\/{rel}","templated":true}]}}