{"id":9850,"date":"2020-11-16T10:07:18","date_gmt":"2020-11-16T15:07:18","guid":{"rendered":"https:\/\/crir.ca\/research\/laboratories\/laboratories-2\/laboratoire-de-techno-innovation-en-readaptation\/"},"modified":"2023-06-08T11:09:55","modified_gmt":"2023-06-08T15:09:55","slug":"laboratoire-de-techno-innovation-en-readaptation","status":"publish","type":"page","link":"https:\/\/crir.ca\/en\/research\/laboratories\/laboratories-2\/laboratoire-de-techno-innovation-en-readaptation\/","title":{"rendered":"Techno-Innovation in Rehabilitation Lab"},"content":{"rendered":"<p>By thinking \u201coutside the rehabilitation box\u201d, the <strong>Techno-Innovation in Rehabilitation Lab<\/strong> aims to contribute to improving the quality of life of individuals with physical disability.<\/p>\n<h3>Objectives<\/h3>\n<ul>\n<li>Exploring solutions to optimize recovery in rehabilitation using innovative and accessible technologies;<\/li>\n<li>Co-developing rehabilitation innovations with rehabilitation clinicians, managers, patients, caregivers, decision makers and community partners;<\/li>\n<li>Listening to and involving key stakeholders throughout the research process and encouraging a collaborative research approaches, including mixed-study designs, to reduce the research-clinical gap and facilitate knowledge translation;<\/li>\n<li>Developing cross-discipline partnerships (engineering, computer programming, robotics, design, anthropology, cinematography communication and information sciences) to best address the needs of people with disability;<\/li>\n<li>Contributing to the training the next generation of emerging scientists and highly qualified personnel in rehabilitation research.<\/li>\n<\/ul>\n<h3>Key-words<\/h3>\n<p>Telerehabilitation, e-health, mhealth, digital rehabilitation, virtual rehabilitation, knowledge translation, best practice<\/p>\n<p>&nbsp;<\/p>\n<h2><strong>Techno-Innovation Laboratory in rehabilitation in the news media<\/strong><\/h2>\n<blockquote>\n<div dir=\"ltr\">\n<div dir=\"ltr\">\n<div>\n<ol start=\"1\" type=\"1\">\n<li class=\"x_x_x_MsoListParagraph\"><span class=\"x_x_x_MsoHyperlink\"><span lang=\"EN-US\">Entrevue,\u00a0<i>\u00c7a me regarde<\/i>\u00a0TV show on Ami-T\u00e9l\u00e9 channel\u00a0<\/span><\/span><span class=\"x_x_x_MsoHyperlink\">(channel focusing on disabilit<\/span><span class=\"x_x_x_MsoHyperlink\"><span lang=\"EN-US\">y) Topic: T<\/span><\/span><span class=\"x_x_x_MsoHyperlink\">elerehabilitation during Covid-19<\/span><span class=\"x_x_x_MsoHyperlink\"><span lang=\"EN-US\">,\u00a0<\/span><\/span><span class=\"x_x_x_MsoHyperlink\">18\u00a0<\/span><span class=\"x_x_x_MsoHyperlink\"><span lang=\"EN-US\">J<\/span><\/span><span class=\"x_x_x_MsoHyperlink\">u<\/span><span class=\"x_x_x_MsoHyperlink\"><span lang=\"EN-US\">ne<\/span><\/span><span class=\"x_x_x_MsoHyperlink\">\u00a02020<\/span><\/li>\n<li class=\"x_x_x_MsoListParagraph\"><span lang=\"EN-US\"><a title=\"URL d'origine\u00a0: https:\/\/nouvelles.umontreal.ca\/article\/2020\/05\/26\/une-etude-pour-documenter-le-recours-aux-soins-a-distance-en-readaptation\/?utm_source=COVID-19&amp;utm_campaign=09db16b2f5-EMAIL_CAMPAIGN_20200527&amp;utm_medium=email&amp;utm_term=0_8cea2058e0-09db16b2f5-332384089. Cliquez ou appuyez si vous faites confiance \u00e0 ce lien.\" href=\"https:\/\/can01.safelinks.protection.outlook.com\/?url=https%3A%2F%2Fnouvelles.umontreal.ca%2Farticle%2F2020%2F05%2F26%2Fune-etude-pour-documenter-le-recours-aux-soins-a-distance-en-readaptation%2F%3Futm_source%3DCOVID-19%26utm_campaign%3D09db16b2f5-EMAIL_CAMPAIGN_20200527%26utm_medium%3Demail%26utm_term%3D0_8cea2058e0-09db16b2f5-332384089&amp;data=05%7C01%7Cckanli.crir%40ssss.gouv.qc.ca%7C12820f2e9bea4dfc29fc08da4d906826%7C06e1fe285f8b4075bf6cae24be1a7992%7C0%7C0%7C637907580617713292%7CUnknown%7CTWFpbGZsb3d8eyJWIjoiMC4wLjAwMDAiLCJQIjoiV2luMzIiLCJBTiI6Ik1haWwiLCJXVCI6Mn0%3D%7C3000%7C%7C%7C&amp;sdata=U5Sl7oJTSdA7ifgbMZhUP4TFu20qWuWiLX938OWYEJM%3D&amp;reserved=0\" target=\"_blank\" rel=\"noopener noreferrer\" data-auth=\"Verified\" data-linkindex=\"7\"><span lang=\"FR\">Interview for Forum, Universit\u00e9 de Montr\u00e9al newsletter , mai 26 2020<\/span>\u00a0<span class=\"sr-only\">Ce lien s&#8217;ouvrira dans une nouvelle fen\u00eatre&#8221;<\/span><\/a><\/span><\/li>\n<li class=\"x_x_x_MsoListParagraph\"><span class=\"x_x_x_MsoHyperlink\">Guest, Telerehabilitation discussion with Jennifer Oneil (University of Ottawa), April 8<\/span><span class=\"x_x_x_MsoHyperlink\">\u00a0<\/span><span class=\"x_x_x_MsoHyperlink\">2020<\/span><\/li>\n<li class=\"x_x_x_MsoListParagraph\"><span lang=\"EN-US\"><a title=\"URL d'origine\u00a0: https:\/\/mailchi.mp\/umontreal\/mai-2019. Cliquez ou appuyez si vous faites confiance \u00e0 ce lien.\" href=\"https:\/\/can01.safelinks.protection.outlook.com\/?url=https%3A%2F%2Fmailchi.mp%2Fumontreal%2Fmai-2019&amp;data=05%7C01%7Cckanli.crir%40ssss.gouv.qc.ca%7C12820f2e9bea4dfc29fc08da4d906826%7C06e1fe285f8b4075bf6cae24be1a7992%7C0%7C0%7C637907580617713292%7CUnknown%7CTWFpbGZsb3d8eyJWIjoiMC4wLjAwMDAiLCJQIjoiV2luMzIiLCJBTiI6Ik1haWwiLCJXVCI6Mn0%3D%7C3000%7C%7C%7C&amp;sdata=Thi%2F2cW%2BNlXu0%2B%2F0uIoOwCj%2FhBblZpumneCXNeUW5Kk%3D&amp;reserved=0\" target=\"_blank\" rel=\"noopener noreferrer\" data-auth=\"Verified\" data-linkindex=\"8\"><span lang=\"FR\">Interview, Info-lettre, Universit\u00e9 de Montr\u00e9al, Faculty of Medicine,<\/span>\u00a0<\/a><\/span><i><span lang=\"FR-CA\">T\u00e9l\u00e9consultation : les soins de sant\u00e9 \u00e0 l\u2019\u00e8re du 4.0<\/span><\/i><span lang=\"FR-CA\">, mai 2019<\/span><\/li>\n<li class=\"x_x_x_MsoListParagraph\"><span lang=\"FR-CA\">Interview, Liaison Bulletin MU360, \u00a0Integrated University Health and Social Services Centres (CIUSSS)\u00a0 of the Centre-Sud-de-l\u2019\u00cele-de-Mo<\/span><span lang=\"FR-CA\">ntr\u00e9al, June 2019 \u2013\u00a0<\/span><span lang=\"EN-US\"><a title=\"URL d'origine\u00a0: https:\/\/ciusss-centresudmtl.gouv.qc.ca\/mission-universitaire\/bulletin-mu360\/bulletin-mu360-juin-2019. Cliquez ou appuyez si vous faites confiance \u00e0 ce lien.\" href=\"https:\/\/can01.safelinks.protection.outlook.com\/?url=https%3A%2F%2Fciusss-centresudmtl.gouv.qc.ca%2Fmission-universitaire%2Fbulletin-mu360%2Fbulletin-mu360-juin-2019&amp;data=05%7C01%7Cckanli.crir%40ssss.gouv.qc.ca%7C12820f2e9bea4dfc29fc08da4d906826%7C06e1fe285f8b4075bf6cae24be1a7992%7C0%7C0%7C637907580617713292%7CUnknown%7CTWFpbGZsb3d8eyJWIjoiMC4wLjAwMDAiLCJQIjoiV2luMzIiLCJBTiI6Ik1haWwiLCJXVCI6Mn0%3D%7C3000%7C%7C%7C&amp;sdata=8yrwcpJ2R0FKkwWZWP8qIaH6oUEtQjg6%2BOs89aEoKF4%3D&amp;reserved=0\" target=\"_blank\" rel=\"noopener noreferrer\" data-auth=\"Verified\" data-linkindex=\"9\"><i><span lang=\"FR-CA\">Favoriser le retour \u00e0 domicile<\/span><\/i>\u00a0<span class=\"sr-only\">Ce lien s&#8217;ouvrira dans une nouvelle fen\u00eatre&#8221;<\/span><\/a><\/span><\/li>\n<li class=\"x_x_x_MsoListParagraph\"><span class=\"x_x_x_MsoHyperlink\"><span lang=\"FR\">Contribution to the section\u00a0<\/span><\/span><span class=\"x_x_x_MsoHyperlink\"><span lang=\"FR\"><a title=\"URL d'origine\u00a0: https:\/\/oppq.qc.ca\/wp-content\/uploads\/PhysioQC-PrinEte2018_REV-29aout2018.pdf. Cliquez ou appuyez si vous faites confiance \u00e0 ce lien.\" href=\"https:\/\/can01.safelinks.protection.outlook.com\/?url=https%3A%2F%2Foppq.qc.ca%2Fwp-content%2Fuploads%2FPhysioQC-PrinEte2018_REV-29aout2018.pdf&amp;data=05%7C01%7Cckanli.crir%40ssss.gouv.qc.ca%7C12820f2e9bea4dfc29fc08da4d906826%7C06e1fe285f8b4075bf6cae24be1a7992%7C0%7C0%7C637907580617713292%7CUnknown%7CTWFpbGZsb3d8eyJWIjoiMC4wLjAwMDAiLCJQIjoiV2luMzIiLCJBTiI6Ik1haWwiLCJXVCI6Mn0%3D%7C3000%7C%7C%7C&amp;sdata=szRhmbVE2aDPT%2Bgy6t75MC7k0FB9sAqwQDvf5TLA7BI%3D&amp;reserved=0\" target=\"_blank\" rel=\"noopener noreferrer\" data-auth=\"Verified\" data-linkindex=\"10\">\u00ab<span lang=\"FR-CA\">\u00a0La t\u00e9l\u00e9r\u00e9adaptation en trois questions\u00a0:\u00a0<\/span><span lang=\"FR-CA\">Quels sont les principaux risques et emb\u00fbches \u00e0 pr\u00e9voir<\/span><i><span lang=\"FR-CA\">\u00a0et comment puis-je les \u00e9viter ou les contourner\u00a0?\u00bb<\/span><\/i><\/a><i><span lang=\"FR-CA\">\u00a0<\/span><\/i><\/span><\/span><span class=\"x_x_x_MsoHyperlink\"><span lang=\"FR\">Physio-Qu\u00e9bec, OPPQ 45\u00a0(1)\u00a0:19 (printemps-\u00e9t\u00e9 2018)<\/span><\/span><i><\/i><\/li>\n<li class=\"x_x_x_MsoListParagraph\">Interview\u00a0<span lang=\"EN-US\"><a title=\"URL d'origine\u00a0: https:\/\/canalm.vuesetvoix.com\/des-projets-pour-faire-rayonner-laccessibilite-universelle\/. Cliquez ou appuyez si vous faites confiance \u00e0 ce lien.\" href=\"https:\/\/can01.safelinks.protection.outlook.com\/?url=https%3A%2F%2Fcanalm.vuesetvoix.com%2Fdes-projets-pour-faire-rayonner-laccessibilite-universelle%2F&amp;data=05%7C01%7Cckanli.crir%40ssss.gouv.qc.ca%7C12820f2e9bea4dfc29fc08da4d906826%7C06e1fe285f8b4075bf6cae24be1a7992%7C0%7C0%7C637907580617713292%7CUnknown%7CTWFpbGZsb3d8eyJWIjoiMC4wLjAwMDAiLCJQIjoiV2luMzIiLCJBTiI6Ik1haWwiLCJXVCI6Mn0%3D%7C3000%7C%7C%7C&amp;sdata=eGczQ4%2B9mSOmc0s8T8wIR3PgEvbRmvCAS%2BFaGaJar7U%3D&amp;reserved=0\" target=\"_blank\" rel=\"noopener noreferrer\" data-auth=\"Verified\" data-linkindex=\"11\">Canal M channel, Acc\u00e8s Libre Show, Round Table \u2013 Living Labs.\u00a0\u00a0<\/a><\/span>Animator Benoit Racette,\u00a0 April 9 2018.<\/li>\n<li class=\"x_x_x_MsoListParagraph\">Interview, CBC Radio,\u00a0<i>Homerun<\/i>\u00a0regarding intelligent power wheelchairs<span lang=\"EN-US\">.<\/span>\u00a0April 25, 2017<\/li>\n<li class=\"x_x_x_MsoListParagraph\"><span lang=\"FR-CA\">Interview,\u00a0<\/span><span lang=\"EN-US\"><a title=\"URL d'origine\u00a0: http:\/\/electronslibres.telequebec.tv\/episodes\/29802. Cliquez ou appuyez si vous faites confiance \u00e0 ce lien.\" href=\"https:\/\/can01.safelinks.protection.outlook.com\/?url=http%3A%2F%2Felectronslibres.telequebec.tv%2Fepisodes%2F29802&amp;data=05%7C01%7Cckanli.crir%40ssss.gouv.qc.ca%7C12820f2e9bea4dfc29fc08da4d906826%7C06e1fe285f8b4075bf6cae24be1a7992%7C0%7C0%7C637907580617713292%7CUnknown%7CTWFpbGZsb3d8eyJWIjoiMC4wLjAwMDAiLCJQIjoiV2luMzIiLCJBTiI6Ik1haWwiLCJXVCI6Mn0%3D%7C3000%7C%7C%7C&amp;sdata=BTCwIuOgaQhIXI7scG8nivLxvwFhMrL2trAcmLqFpvs%3D&amp;reserved=0\" target=\"_blank\" rel=\"noopener noreferrer\" data-auth=\"Verified\" data-linkindex=\"12\"><i><span lang=\"FR-CA\">(Rabii et son fauteuil)<\/span><\/i>\u00a0<span class=\"sr-only\">Ce lien s&#8217;ouvrira dans une nouvelle fen\u00eatre&#8221;<\/span><\/a><\/span><i><span lang=\"EN-US\">\u00a0<\/span><\/i><span lang=\"FR-CA\">for\u00a0<i>\u00c9lectron Libre<\/i>\u00a0show on T\u00e9l\u00e9-Qu\u00e9bec channel, November 1, 2016<\/span><\/li>\n<li class=\"x_x_x_MsoListParagraph\">Interview,\u00a0<i>Les prix \u00e0 part enti\u00e8re<\/i>\u00a0show, Canal M channel,\u00a0<span lang=\"EN-US\"><a title=\"URL d'origine\u00a0: http:\/\/canalm.vuesetvoix.com\/radio\/emissions\/acces-libre\/prix-a-part-entiere-2016\/http:\/canalm.vuesetvoix.com\/radio\/emissions\/acces-libre\/prix-a-part-entiere-2016\/. Cliquez ou appuyez si vous faites confiance \u00e0 ce lien.\" href=\"https:\/\/can01.safelinks.protection.outlook.com\/?url=http%3A%2F%2Fcanalm.vuesetvoix.com%2Fradio%2Femissions%2Facces-libre%2Fprix-a-part-entiere-2016%2Fhttp%3A%2Fcanalm.vuesetvoix.com%2Fradio%2Femissions%2Facces-libre%2Fprix-a-part-entiere-2016%2F&amp;data=05%7C01%7Cckanli.crir%40ssss.gouv.qc.ca%7C12820f2e9bea4dfc29fc08da4d906826%7C06e1fe285f8b4075bf6cae24be1a7992%7C0%7C0%7C637907580617713292%7CUnknown%7CTWFpbGZsb3d8eyJWIjoiMC4wLjAwMDAiLCJQIjoiV2luMzIiLCJBTiI6Ik1haWwiLCJXVCI6Mn0%3D%7C3000%7C%7C%7C&amp;sdata=OJjIXijb72zXx3l0o7pPqES8Dk4Xd5uTgKS01pkSn7M%3D&amp;reserved=0\" target=\"_blank\" rel=\"noopener noreferrer\" data-auth=\"Verified\" data-linkindex=\"13\">Involving patients and conduction testing in real settings to develop an intelligent power wheelchair.\u00a0<\/a><\/span><span lang=\"EN-US\">N<\/span>ovemb<span lang=\"EN-US\">er<\/span><span lang=\"EN-US\">\u00a0<\/span><span lang=\"EN-US\">29\u00a0<\/span>2016.<\/li>\n<li class=\"x_x_x_MsoListParagraph\">Blog contribution, Innovations in health and involving patients (May 2013)\u00a0\u00a0<span lang=\"EN-US\"><a title=\"URL d'origine\u00a0: https:\/\/www.hinnovic.org\/post\/strategies-for-meaningfully-involving-users-in-the-development-of-an-intelligent-power-wheelchair. Cliquez ou appuyez si vous faites confiance \u00e0 ce lien.\" href=\"https:\/\/can01.safelinks.protection.outlook.com\/?url=https%3A%2F%2Fwww.hinnovic.org%2Fpost%2Fstrategies-for-meaningfully-involving-users-in-the-development-of-an-intelligent-power-wheelchair&amp;data=05%7C01%7Cckanli.crir%40ssss.gouv.qc.ca%7C12820f2e9bea4dfc29fc08da4d906826%7C06e1fe285f8b4075bf6cae24be1a7992%7C0%7C0%7C637907580617713292%7CUnknown%7CTWFpbGZsb3d8eyJWIjoiMC4wLjAwMDAiLCJQIjoiV2luMzIiLCJBTiI6Ik1haWwiLCJXVCI6Mn0%3D%7C3000%7C%7C%7C&amp;sdata=zyU9MlncLqyCjNS0nIgGgzyUQSPRTzc0yYvTIwmwEQY%3D&amp;reserved=0\" target=\"_blank\" rel=\"noopener noreferrer\" data-auth=\"Verified\" data-linkindex=\"14\">Strategies for meaningfully involving users in the development of an intelligent power wheelchair.\u00a0<span class=\"sr-only\">Ce lien s&#8217;ouvrira dans une nouvelle fen\u00eatre&#8221;<\/span><\/a><\/span><\/li>\n<li class=\"x_x_x_MsoListParagraph\"><span lang=\"FR\">Entrevue \u00a0(video)\u00a0 LaPresse Plus\u00a0<i>\u00ab\u00a0La th\u00e9rapie par la console de jeu\u00a0\u00bb<\/i>\u00a0March 13, 2014<\/span><\/li>\n<\/ol>\n<\/div>\n<\/div>\n<\/div>\n<\/blockquote>\n<p>&nbsp;<\/p>\n<h2>Axis and research themes<\/h2>\n<p><strong>AXIS 2 \u2013<\/strong> Participation, social inclusion and rehabilitation services<br \/>\n<strong>THEME 2\u00a0\u2013<\/strong> Services, systems and policy<\/p>\n<h2>Research Team<\/h2>\n<h3><a href=\"https:\/\/crir.ca\/en\/member\/dahlia-kairy-pht-ph-d\/\" target=\"_blank\" rel=\"noopener\">Dahlia Kairy, Ph.D.<\/a><\/h3>\n<h2>Contact information<\/h2>\n<p><strong>Techno-Innovation in Rehabilitation Lab<\/strong><br \/>\nCRIR\u2013Institut universitaire sur la r\u00e9adaptation en d\u00e9ficience physique de Montr\u00e9al (IURDPM)<br \/>\nCIUSSS du Centre-Sud-de-l&#8217;\u00cele-de-Montr\u00e9al<br \/>\nLindsay Pavilion<br \/>\n6363, Hudson Road<br \/>\nMontr\u00e9al QC H3S 1M9<br \/>\n<a href=\"mailto:dahlia.kairy@umontreal.ca\">dahlia.kairy@umontreal.ca<\/a><\/p>\n","protected":false},"excerpt":{"rendered":"<p>By thinking \u201coutside the rehabilitation box\u201d, the Techno-Innovation in Rehabilitation Lab aims to contribute to improving the quality of life of individuals with physical disability. Objectives Exploring solutions to optimize recovery in rehabilitation using innovative and accessible technologies; Co-developing rehabilitation&#8230;<br \/><a href=\"https:\/\/crir.ca\/en\/research\/laboratories\/laboratories-2\/laboratoire-de-techno-innovation-en-readaptation\/\" class=\"read-more btn\">Read more <span class=\"sr-only\">about Techno-Innovation in Rehabilitation Lab<\/span><\/a><\/p>\n","protected":false},"author":1,"featured_media":0,"parent":3602,"menu_order":20,"comment_status":"closed","ping_status":"closed","template":"","meta":{"_acf_changed":false,"footnotes":""},"class_list":["post-9850","page","type-page","status-publish","hentry"],"acf":[],"_links":{"self":[{"href":"https:\/\/crir.ca\/en\/wp-json\/wp\/v2\/pages\/9850","targetHints":{"allow":["GET"]}}],"collection":[{"href":"https:\/\/crir.ca\/en\/wp-json\/wp\/v2\/pages"}],"about":[{"href":"https:\/\/crir.ca\/en\/wp-json\/wp\/v2\/types\/page"}],"author":[{"embeddable":true,"href":"https:\/\/crir.ca\/en\/wp-json\/wp\/v2\/users\/1"}],"replies":[{"embeddable":true,"href":"https:\/\/crir.ca\/en\/wp-json\/wp\/v2\/comments?post=9850"}],"version-history":[{"count":6,"href":"https:\/\/crir.ca\/en\/wp-json\/wp\/v2\/pages\/9850\/revisions"}],"predecessor-version":[{"id":20032,"href":"https:\/\/crir.ca\/en\/wp-json\/wp\/v2\/pages\/9850\/revisions\/20032"}],"up":[{"embeddable":true,"href":"https:\/\/crir.ca\/en\/wp-json\/wp\/v2\/pages\/3602"}],"wp:attachment":[{"href":"https:\/\/crir.ca\/en\/wp-json\/wp\/v2\/media?parent=9850"}],"curies":[{"name":"wp","href":"https:\/\/api.w.org\/{rel}","templated":true}]}}